{"id":2446,"date":"2020-11-25T09:26:46","date_gmt":"2020-11-25T09:26:46","guid":{"rendered":"https:\/\/medxifarm.agentiawebmagnat.ro\/?post_type=product&#038;p=2446"},"modified":"2024-11-30T16:10:18","modified_gmt":"2024-11-30T16:10:18","slug":"sekumatic-ndt","status":"publish","type":"product","link":"http:\/\/www.medixfarm.ro\/en\/product\/sekumatic-ndt\/","title":{"rendered":"Sekumatic NDT"},"content":{"rendered":"<h3>Sekumatic NDT<\/h3>\n<h5>Lichid pentru cur\u0103\u021barea \u0219i dezinfectarea termo-chimic\u0103 a instrumentelor medicale \u0219i chirurgicale \u00eenainte de sterilizare \u0219i a dispozitivelor <a href=\"https:\/\/www.medixfarm.ro\/en\/product-category\/dezinfectanti\/\">medicale<\/a>.<\/h5>\n<p><strong><span style=\"color: #339966;\">UTILIZARE:<\/span><br \/>\n<span style=\"color: #ff0000;\">\u25aa <\/span><\/strong>Utilizare flexibil\u0103: func\u021bioneaz\u0103 ca agent de cur\u0103\u021bare \u0219i dezinfectant pentru instrumente medicale si chirurgicale si dispozitive medicale.<span style=\"color: #ff0000;\"><br \/>\n\u25aa <\/span>Conceput pentru a fi utilizat pe orice ma\u0219in\u0103 de sp\u0103lat, ma\u0219in\u0103 tunel de sp\u0103lare sau cabin\u0103 de sp\u0103lat.<strong><br \/>\n<\/strong><\/p>\n<p><strong><span style=\"color: #339966;\">INGREDIENTE:<\/span><br \/>\n<\/strong><span style=\"color: #ff0000;\">\u25aa <\/span>Clorura de N, N-didecil-N, N-dimetilamoniu.<br \/>\n<span style=\"color: #ff0000;\">\u25aa <\/span>Agent tensioactiv neionic.<\/p>\n<p><strong><span style=\"color: #339966;\">EFICACITATE:<\/span><br \/>\n<\/strong><span style=\"color: #ff0000;\">\u25aa<\/span> Sekumatic NDT se utilizeaz\u0103 \u00een ma\u0219ini de dezinfectare, ma\u0219ini de sp\u0103lat tunel \u0219i cabine de sp\u0103lat la o dilu\u021bie intre 0,5% si 2,0%, respect\u00e2nd timpul minim de contact.<br \/>\n<span style=\"color: #ff0000;\">\u25aa <\/span>Prezinta efect bactericid, levuricid, fungicid, micobactericid si virucid impotriva virusurilor incapsulate.<\/p>\n<p><strong><span style=\"color: #339966;\">COMPATIBILITATE CU MATERIALELE:<\/span><br \/>\n<\/strong><span style=\"color: #ff0000;\">\u25aa <\/span>Compatibil cu o gam\u0103 larg\u0103 de instrumente chirurgicale.<strong><br \/>\n<\/strong><\/p>\n<p><strong><span style=\"color: #339966;\">FORMA DE AMBALARE:<\/span><br \/>\n<\/strong><span style=\"color: #ff0000;\">\u25aa <\/span>Canistra 5L<\/p>\n<p>&nbsp;<\/p>","protected":false},"excerpt":{"rendered":"<h5>Lichid pentru cur\u0103\u021barea \u0219i dezinfectarea termo-chimic\u0103 a instrumentelor medicale \u0219i chirurgicale \u00eenainte de sterilizare \u0219i a dispozitivelor medicale.<\/h5>","protected":false},"featured_media":3298,"comment_status":"open","ping_status":"closed","template":"","meta":{"inline_featured_image":false},"product_cat":[66,77],"product_tag":[83],"class_list":{"0":"post-2446","1":"product","2":"type-product","3":"status-publish","4":"has-post-thumbnail","6":"product_cat-dezinfectanti","7":"product_cat-dezinfectanti-instrumentar","8":"product_tag-ecolab","10":"first","11":"instock","12":"shipping-taxable","13":"product-type-simple"},"yoast_head":"<!-- This site is optimized with the Yoast SEO Premium plugin v23.7 (Yoast SEO v23.7) - https:\/\/yoast.com\/wordpress\/plugins\/seo\/ -->\n<title>Sekumatic NDT | Medixfarm<\/title>\n<meta name=\"description\" content=\"Sekumatic NDT se utilizeaz\u0103 \u00een ma\u0219ini de dezinfectare, ma\u0219ini de sp\u0103lat tunel \u0219i cabine de sp\u0103lat la o dilu\u021bie intre 0,5% si 2,0%, respect\u00e2nd\" \/>\n<meta name=\"robots\" content=\"index, follow, max-snippet:-1, max-image-preview:large, max-video-preview:-1\" \/>\n<link rel=\"canonical\" href=\"http:\/\/www.medixfarm.ro\/en\/product\/sekumatic-ndt\/\" \/>\n<meta property=\"og:locale\" content=\"en_US\" \/>\n<meta property=\"og:type\" content=\"article\" \/>\n<meta property=\"og:title\" content=\"Sekumatic NDT\" \/>\n<meta property=\"og:description\" content=\"Sekumatic NDT se utilizeaz\u0103 \u00een ma\u0219ini de dezinfectare, ma\u0219ini de sp\u0103lat tunel \u0219i cabine de sp\u0103lat la o dilu\u021bie intre 0,5% si 2,0%, respect\u00e2nd\" \/>\n<meta property=\"og:url\" content=\"http:\/\/www.medixfarm.ro\/en\/product\/sekumatic-ndt\/\" \/>\n<meta property=\"og:site_name\" content=\"Medixfarm\" \/>\n<meta property=\"article:modified_time\" content=\"2024-11-30T16:10:18+00:00\" \/>\n<meta property=\"og:image\" content=\"https:\/\/www.medixfarm.ro\/wp-content\/uploads\/2020\/11\/ECO3111460-1.jpg\" \/>\n\t<meta property=\"og:image:width\" content=\"1000\" \/>\n\t<meta property=\"og:image:height\" content=\"1000\" \/>\n\t<meta property=\"og:image:type\" content=\"image\/jpeg\" \/>\n<meta name=\"twitter:card\" content=\"summary_large_image\" \/>\n<meta name=\"twitter:label1\" content=\"Est. reading time\" \/>\n\t<meta name=\"twitter:data1\" content=\"1 minute\" \/>\n<script type=\"application\/ld+json\" class=\"yoast-schema-graph\">{\"@context\":\"https:\/\/schema.org\",\"@graph\":[{\"@type\":\"WebPage\",\"@id\":\"https:\/\/www.medixfarm.ro\/product\/sekumatic-ndt\/\",\"url\":\"https:\/\/www.medixfarm.ro\/product\/sekumatic-ndt\/\",\"name\":\"Sekumatic NDT | Medixfarm\",\"isPartOf\":{\"@id\":\"https:\/\/www.medixfarm.ro\/#website\"},\"primaryImageOfPage\":{\"@id\":\"https:\/\/www.medixfarm.ro\/product\/sekumatic-ndt\/#primaryimage\"},\"image\":{\"@id\":\"https:\/\/www.medixfarm.ro\/product\/sekumatic-ndt\/#primaryimage\"},\"thumbnailUrl\":\"https:\/\/www.medixfarm.ro\/wp-content\/uploads\/2020\/11\/ECO3111460-1.jpg\",\"datePublished\":\"2020-11-25T09:26:46+00:00\",\"dateModified\":\"2024-11-30T16:10:18+00:00\",\"description\":\"Sekumatic NDT se utilizeaz\u0103 \u00een ma\u0219ini de dezinfectare, ma\u0219ini de sp\u0103lat tunel \u0219i cabine de sp\u0103lat la o dilu\u021bie intre 0,5% si 2,0%, respect\u00e2nd\",\"breadcrumb\":{\"@id\":\"https:\/\/www.medixfarm.ro\/product\/sekumatic-ndt\/#breadcrumb\"},\"inLanguage\":\"en-US\",\"potentialAction\":[{\"@type\":\"ReadAction\",\"target\":[\"https:\/\/www.medixfarm.ro\/product\/sekumatic-ndt\/\"]}]},{\"@type\":\"ImageObject\",\"inLanguage\":\"en-US\",\"@id\":\"https:\/\/www.medixfarm.ro\/product\/sekumatic-ndt\/#primaryimage\",\"url\":\"https:\/\/www.medixfarm.ro\/wp-content\/uploads\/2020\/11\/ECO3111460-1.jpg\",\"contentUrl\":\"https:\/\/www.medixfarm.ro\/wp-content\/uploads\/2020\/11\/ECO3111460-1.jpg\",\"width\":1000,\"height\":1000,\"caption\":\"Sekumatic NDT\"},{\"@type\":\"BreadcrumbList\",\"@id\":\"https:\/\/www.medixfarm.ro\/product\/sekumatic-ndt\/#breadcrumb\",\"itemListElement\":[{\"@type\":\"ListItem\",\"position\":1,\"name\":\"Home\",\"item\":\"https:\/\/www.medixfarm.ro\/\"},{\"@type\":\"ListItem\",\"position\":2,\"name\":\"Produse\",\"item\":\"https:\/\/www.medixfarm.ro\/shop\/\"},{\"@type\":\"ListItem\",\"position\":3,\"name\":\"Sekumatic NDT\"}]},{\"@type\":\"WebSite\",\"@id\":\"https:\/\/www.medixfarm.ro\/#website\",\"url\":\"https:\/\/www.medixfarm.ro\/\",\"name\":\"Medixfarm\",\"description\":\"Medixfarm\",\"publisher\":{\"@id\":\"https:\/\/www.medixfarm.ro\/#organization\"},\"potentialAction\":[{\"@type\":\"SearchAction\",\"target\":{\"@type\":\"EntryPoint\",\"urlTemplate\":\"https:\/\/www.medixfarm.ro\/?s={search_term_string}\"},\"query-input\":{\"@type\":\"PropertyValueSpecification\",\"valueRequired\":true,\"valueName\":\"search_term_string\"}}],\"inLanguage\":\"en-US\"},{\"@type\":\"Organization\",\"@id\":\"https:\/\/www.medixfarm.ro\/#organization\",\"name\":\"Medixfarm Tehnoplus SRL\",\"url\":\"https:\/\/www.medixfarm.ro\/\",\"logo\":{\"@type\":\"ImageObject\",\"inLanguage\":\"en-US\",\"@id\":\"https:\/\/www.medixfarm.ro\/#\/schema\/logo\/image\/\",\"url\":\"https:\/\/www.medixfarm.ro\/wp-content\/uploads\/2023\/11\/Medxfarm-Tehnoplus-FINAL-curbe-c9.png\",\"contentUrl\":\"https:\/\/www.medixfarm.ro\/wp-content\/uploads\/2023\/11\/Medxfarm-Tehnoplus-FINAL-curbe-c9.png\",\"width\":3508,\"height\":1182,\"caption\":\"Medixfarm Tehnoplus SRL\"},\"image\":{\"@id\":\"https:\/\/www.medixfarm.ro\/#\/schema\/logo\/image\/\"}}]}<\/script>\n<!-- \/ Yoast SEO Premium plugin. -->","yoast_head_json":{"title":"Sekumatic NDT | Medixfarm","description":"Sekumatic NDT se utilizeaz\u0103 \u00een ma\u0219ini de dezinfectare, ma\u0219ini de sp\u0103lat tunel \u0219i cabine de sp\u0103lat la o dilu\u021bie intre 0,5% si 2,0%, respect\u00e2nd","robots":{"index":"index","follow":"follow","max-snippet":"max-snippet:-1","max-image-preview":"max-image-preview:large","max-video-preview":"max-video-preview:-1"},"canonical":"http:\/\/www.medixfarm.ro\/en\/product\/sekumatic-ndt\/","og_locale":"en_US","og_type":"article","og_title":"Sekumatic NDT","og_description":"Sekumatic NDT se utilizeaz\u0103 \u00een ma\u0219ini de dezinfectare, ma\u0219ini de sp\u0103lat tunel \u0219i cabine de sp\u0103lat la o dilu\u021bie intre 0,5% si 2,0%, respect\u00e2nd","og_url":"http:\/\/www.medixfarm.ro\/en\/product\/sekumatic-ndt\/","og_site_name":"Medixfarm","article_modified_time":"2024-11-30T16:10:18+00:00","og_image":[{"width":1000,"height":1000,"url":"https:\/\/www.medixfarm.ro\/wp-content\/uploads\/2020\/11\/ECO3111460-1.jpg","type":"image\/jpeg"}],"twitter_card":"summary_large_image","twitter_misc":{"Est. reading time":"1 minute"},"schema":{"@context":"https:\/\/schema.org","@graph":[{"@type":"WebPage","@id":"https:\/\/www.medixfarm.ro\/product\/sekumatic-ndt\/","url":"https:\/\/www.medixfarm.ro\/product\/sekumatic-ndt\/","name":"Sekumatic NDT | Medixfarm","isPartOf":{"@id":"https:\/\/www.medixfarm.ro\/#website"},"primaryImageOfPage":{"@id":"https:\/\/www.medixfarm.ro\/product\/sekumatic-ndt\/#primaryimage"},"image":{"@id":"https:\/\/www.medixfarm.ro\/product\/sekumatic-ndt\/#primaryimage"},"thumbnailUrl":"https:\/\/www.medixfarm.ro\/wp-content\/uploads\/2020\/11\/ECO3111460-1.jpg","datePublished":"2020-11-25T09:26:46+00:00","dateModified":"2024-11-30T16:10:18+00:00","description":"Sekumatic NDT se utilizeaz\u0103 \u00een ma\u0219ini de dezinfectare, ma\u0219ini de sp\u0103lat tunel \u0219i cabine de sp\u0103lat la o dilu\u021bie intre 0,5% si 2,0%, respect\u00e2nd","breadcrumb":{"@id":"https:\/\/www.medixfarm.ro\/product\/sekumatic-ndt\/#breadcrumb"},"inLanguage":"en-US","potentialAction":[{"@type":"ReadAction","target":["https:\/\/www.medixfarm.ro\/product\/sekumatic-ndt\/"]}]},{"@type":"ImageObject","inLanguage":"en-US","@id":"https:\/\/www.medixfarm.ro\/product\/sekumatic-ndt\/#primaryimage","url":"https:\/\/www.medixfarm.ro\/wp-content\/uploads\/2020\/11\/ECO3111460-1.jpg","contentUrl":"https:\/\/www.medixfarm.ro\/wp-content\/uploads\/2020\/11\/ECO3111460-1.jpg","width":1000,"height":1000,"caption":"Sekumatic NDT"},{"@type":"BreadcrumbList","@id":"https:\/\/www.medixfarm.ro\/product\/sekumatic-ndt\/#breadcrumb","itemListElement":[{"@type":"ListItem","position":1,"name":"Home","item":"https:\/\/www.medixfarm.ro\/"},{"@type":"ListItem","position":2,"name":"Produse","item":"https:\/\/www.medixfarm.ro\/shop\/"},{"@type":"ListItem","position":3,"name":"Sekumatic NDT"}]},{"@type":"WebSite","@id":"https:\/\/www.medixfarm.ro\/#website","url":"https:\/\/www.medixfarm.ro\/","name":"Medixfarm","description":"Medixfarm","publisher":{"@id":"https:\/\/www.medixfarm.ro\/#organization"},"potentialAction":[{"@type":"SearchAction","target":{"@type":"EntryPoint","urlTemplate":"https:\/\/www.medixfarm.ro\/?s={search_term_string}"},"query-input":{"@type":"PropertyValueSpecification","valueRequired":true,"valueName":"search_term_string"}}],"inLanguage":"en-US"},{"@type":"Organization","@id":"https:\/\/www.medixfarm.ro\/#organization","name":"Medixfarm Tehnoplus SRL","url":"https:\/\/www.medixfarm.ro\/","logo":{"@type":"ImageObject","inLanguage":"en-US","@id":"https:\/\/www.medixfarm.ro\/#\/schema\/logo\/image\/","url":"https:\/\/www.medixfarm.ro\/wp-content\/uploads\/2023\/11\/Medxfarm-Tehnoplus-FINAL-curbe-c9.png","contentUrl":"https:\/\/www.medixfarm.ro\/wp-content\/uploads\/2023\/11\/Medxfarm-Tehnoplus-FINAL-curbe-c9.png","width":3508,"height":1182,"caption":"Medixfarm Tehnoplus SRL"},"image":{"@id":"https:\/\/www.medixfarm.ro\/#\/schema\/logo\/image\/"}}]}},"_links":{"self":[{"href":"http:\/\/www.medixfarm.ro\/en\/wp-json\/wp\/v2\/product\/2446"}],"collection":[{"href":"http:\/\/www.medixfarm.ro\/en\/wp-json\/wp\/v2\/product"}],"about":[{"href":"http:\/\/www.medixfarm.ro\/en\/wp-json\/wp\/v2\/types\/product"}],"replies":[{"embeddable":true,"href":"http:\/\/www.medixfarm.ro\/en\/wp-json\/wp\/v2\/comments?post=2446"}],"wp:featuredmedia":[{"embeddable":true,"href":"http:\/\/www.medixfarm.ro\/en\/wp-json\/wp\/v2\/media\/3298"}],"wp:attachment":[{"href":"http:\/\/www.medixfarm.ro\/en\/wp-json\/wp\/v2\/media?parent=2446"}],"wp:term":[{"taxonomy":"product_cat","embeddable":true,"href":"http:\/\/www.medixfarm.ro\/en\/wp-json\/wp\/v2\/product_cat?post=2446"},{"taxonomy":"product_tag","embeddable":true,"href":"http:\/\/www.medixfarm.ro\/en\/wp-json\/wp\/v2\/product_tag?post=2446"}],"curies":[{"name":"wp","href":"https:\/\/api.w.org\/{rel}","templated":true}]}}