{"id":3272,"date":"2024-09-27T11:10:42","date_gmt":"2024-09-27T11:10:42","guid":{"rendered":"https:\/\/www.medixfarm.ro\/?post_type=product&#038;p=3272"},"modified":"2024-09-30T10:59:34","modified_gmt":"2024-09-30T10:59:34","slug":"aniosyme-synergy-wd-plus","status":"publish","type":"product","link":"http:\/\/www.medixfarm.ro\/en\/product\/aniosyme-synergy-wd-plus\/","title":{"rendered":"Aniosyme Synergy WD Plus"},"content":{"rendered":"<h3>Aniosyme Synergy WD Plus<\/h3>\n<h5>Detergent lichid, mono-enzimatic, cu putere de curatare alcalina pentru reprocesarea automat\u0103 a instrumentelor.<\/h5>\n<p><strong><span style=\"color: #339966;\">UTILIZARE:<\/span><br \/>\n<span style=\"color: #ff0000;\">\u25aa<\/span> <\/strong>Produs cu eficienta alcalin\u0103 (nivel pH &gt; 10 pentru orice calitate a apei) pentru reprocesarea automat\u0103 a instrumentelor.<br \/>\n<strong><span style=\"color: #ff0000;\">\u25aa<\/span> <\/strong>Cur\u0103\u021barea echipamentelor chirurgicale \u0219i medicale, a dispozitivelor medicale \u00een ma\u0219ini automate de sp\u0103lare-dezinfec\u021bie \u0219i tip tunel.<br \/>\n<strong><span style=\"color: #ff0000;\">\u25aa<\/span> <\/strong>Solu\u021bie concentrat\u0103 pentru uz profesional.<strong><br \/>\n<\/strong><\/p>\n<p><strong><span style=\"color: #339966;\">INGREDIENTE:<\/span><br \/>\n<\/strong><strong><span style=\"color: #ff0000;\">\u25aa<\/span> <\/strong>Surfactan\u021bi neionici.<br \/>\n<strong><span style=\"color: #ff0000;\">\u25aa<\/span> <\/strong>Agent de sechestrare.<br \/>\n<strong><span style=\"color: #ff0000;\">\u25aa<\/span> <\/strong>Complex enzimatic (proteaz\u0103).<\/p>\n<p><strong><span style=\"color: #339966;\">EFICACITATE:<\/span><br \/>\n<\/strong><strong><span style=\"color: #ff0000;\">\u25aa<\/span> <\/strong>Enzimatic &#8211; eficace pentru toate tipurile de murd\u0103rie.<br \/>\n<strong><span style=\"color: #ff0000;\">\u25aa<\/span> <\/strong>Eficace dup\u0103 1 minut.<\/p>\n<p><strong><span style=\"color: #339966;\">COMPATIBILITATE CU MATERIALELE:<\/span><br \/>\n<\/strong><strong><span style=\"color: #ff0000;\">\u25aa<\/span> <\/strong>Formula sa mono-enzimatic\u0103 conceput\u0103 special, f\u0103r\u0103 silica\u021bi, ofer\u0103 o compatibilitate excelent\u0103 cu materialele prin concentra\u021bii economice.<strong><br \/>\n<\/strong><\/p>\n<p><strong><span style=\"color: #339966;\">FORMA DE AMBALARE:<\/span><br \/>\n<\/strong><strong><span style=\"color: #ff0000;\">\u25aa<\/span> <\/strong>Canistra 5L.<\/p>","protected":false},"excerpt":{"rendered":"<h5>Detergent lichid, mono-enzimatic, cu putere de curatare alcalina pentru reprocesarea automat\u0103 a instrumentelor.<\/h5>","protected":false},"featured_media":3273,"comment_status":"open","ping_status":"closed","template":"","meta":{"inline_featured_image":false},"product_cat":[77],"product_tag":[83,131],"class_list":{"0":"post-3272","1":"product","2":"type-product","3":"status-publish","4":"has-post-thumbnail","6":"product_cat-dezinfectanti-instrumentar","7":"product_tag-ecolab","8":"product_tag-anios","10":"first","11":"instock","12":"shipping-taxable","13":"product-type-simple"},"yoast_head":"<!-- This site is optimized with the Yoast SEO Premium plugin v23.7 (Yoast SEO v23.7) - https:\/\/yoast.com\/wordpress\/plugins\/seo\/ -->\n<title>Aniosyme Synergy WD Plus | Medixfarm<\/title>\n<meta name=\"description\" content=\"Detergent lichid, mono-enzimatic, cu putere de curatare alcalina pentru reprocesarea automat\u0103 a instrumentelor.\" \/>\n<meta name=\"robots\" content=\"index, follow, max-snippet:-1, max-image-preview:large, max-video-preview:-1\" \/>\n<link rel=\"canonical\" href=\"http:\/\/www.medixfarm.ro\/en\/product\/aniosyme-synergy-wd-plus\/\" \/>\n<meta property=\"og:locale\" content=\"en_US\" \/>\n<meta property=\"og:type\" content=\"article\" \/>\n<meta property=\"og:title\" content=\"Aniosyme Synergy WD Plus\" \/>\n<meta property=\"og:description\" content=\"Detergent lichid, mono-enzimatic, cu putere de curatare alcalina pentru reprocesarea automat\u0103 a instrumentelor.\" \/>\n<meta property=\"og:url\" content=\"http:\/\/www.medixfarm.ro\/en\/product\/aniosyme-synergy-wd-plus\/\" \/>\n<meta property=\"og:site_name\" content=\"Medixfarm\" \/>\n<meta property=\"article:modified_time\" content=\"2024-09-30T10:59:34+00:00\" \/>\n<meta property=\"og:image\" content=\"https:\/\/www.medixfarm.ro\/wp-content\/uploads\/2024\/09\/m-62753-6435700c67d52853016793.jpg\" \/>\n\t<meta property=\"og:image:width\" content=\"918\" \/>\n\t<meta property=\"og:image:height\" content=\"918\" \/>\n\t<meta property=\"og:image:type\" content=\"image\/jpeg\" \/>\n<meta name=\"twitter:card\" content=\"summary_large_image\" \/>\n<meta name=\"twitter:label1\" content=\"Est. reading time\" \/>\n\t<meta name=\"twitter:data1\" content=\"1 minute\" \/>\n<script type=\"application\/ld+json\" class=\"yoast-schema-graph\">{\"@context\":\"https:\/\/schema.org\",\"@graph\":[{\"@type\":\"WebPage\",\"@id\":\"https:\/\/www.medixfarm.ro\/product\/aniosyme-synergy-wd-plus\/\",\"url\":\"https:\/\/www.medixfarm.ro\/product\/aniosyme-synergy-wd-plus\/\",\"name\":\"Aniosyme Synergy WD Plus | Medixfarm\",\"isPartOf\":{\"@id\":\"https:\/\/www.medixfarm.ro\/#website\"},\"primaryImageOfPage\":{\"@id\":\"https:\/\/www.medixfarm.ro\/product\/aniosyme-synergy-wd-plus\/#primaryimage\"},\"image\":{\"@id\":\"https:\/\/www.medixfarm.ro\/product\/aniosyme-synergy-wd-plus\/#primaryimage\"},\"thumbnailUrl\":\"https:\/\/www.medixfarm.ro\/wp-content\/uploads\/2024\/09\/m-62753-6435700c67d52853016793.jpg\",\"datePublished\":\"2024-09-27T11:10:42+00:00\",\"dateModified\":\"2024-09-30T10:59:34+00:00\",\"description\":\"Detergent lichid, mono-enzimatic, cu putere de curatare alcalina pentru reprocesarea automat\u0103 a instrumentelor.\",\"breadcrumb\":{\"@id\":\"https:\/\/www.medixfarm.ro\/product\/aniosyme-synergy-wd-plus\/#breadcrumb\"},\"inLanguage\":\"en-US\",\"potentialAction\":[{\"@type\":\"ReadAction\",\"target\":[\"https:\/\/www.medixfarm.ro\/product\/aniosyme-synergy-wd-plus\/\"]}]},{\"@type\":\"ImageObject\",\"inLanguage\":\"en-US\",\"@id\":\"https:\/\/www.medixfarm.ro\/product\/aniosyme-synergy-wd-plus\/#primaryimage\",\"url\":\"https:\/\/www.medixfarm.ro\/wp-content\/uploads\/2024\/09\/m-62753-6435700c67d52853016793.jpg\",\"contentUrl\":\"https:\/\/www.medixfarm.ro\/wp-content\/uploads\/2024\/09\/m-62753-6435700c67d52853016793.jpg\",\"width\":918,\"height\":918,\"caption\":\"Aniosyme Synergy WD Plus - Detergent lichid, mono-enzimatic, cu putere de curatare alcalina pentru reprocesarea automat\u0103 a instrumentelor.\"},{\"@type\":\"BreadcrumbList\",\"@id\":\"https:\/\/www.medixfarm.ro\/product\/aniosyme-synergy-wd-plus\/#breadcrumb\",\"itemListElement\":[{\"@type\":\"ListItem\",\"position\":1,\"name\":\"Home\",\"item\":\"https:\/\/www.medixfarm.ro\/\"},{\"@type\":\"ListItem\",\"position\":2,\"name\":\"Produse\",\"item\":\"https:\/\/www.medixfarm.ro\/shop\/\"},{\"@type\":\"ListItem\",\"position\":3,\"name\":\"Aniosyme Synergy WD Plus\"}]},{\"@type\":\"WebSite\",\"@id\":\"https:\/\/www.medixfarm.ro\/#website\",\"url\":\"https:\/\/www.medixfarm.ro\/\",\"name\":\"Medixfarm\",\"description\":\"Medixfarm\",\"publisher\":{\"@id\":\"https:\/\/www.medixfarm.ro\/#organization\"},\"potentialAction\":[{\"@type\":\"SearchAction\",\"target\":{\"@type\":\"EntryPoint\",\"urlTemplate\":\"https:\/\/www.medixfarm.ro\/?s={search_term_string}\"},\"query-input\":{\"@type\":\"PropertyValueSpecification\",\"valueRequired\":true,\"valueName\":\"search_term_string\"}}],\"inLanguage\":\"en-US\"},{\"@type\":\"Organization\",\"@id\":\"https:\/\/www.medixfarm.ro\/#organization\",\"name\":\"Medixfarm Tehnoplus SRL\",\"url\":\"https:\/\/www.medixfarm.ro\/\",\"logo\":{\"@type\":\"ImageObject\",\"inLanguage\":\"en-US\",\"@id\":\"https:\/\/www.medixfarm.ro\/#\/schema\/logo\/image\/\",\"url\":\"https:\/\/www.medixfarm.ro\/wp-content\/uploads\/2023\/11\/Medxfarm-Tehnoplus-FINAL-curbe-c9.png\",\"contentUrl\":\"https:\/\/www.medixfarm.ro\/wp-content\/uploads\/2023\/11\/Medxfarm-Tehnoplus-FINAL-curbe-c9.png\",\"width\":3508,\"height\":1182,\"caption\":\"Medixfarm Tehnoplus SRL\"},\"image\":{\"@id\":\"https:\/\/www.medixfarm.ro\/#\/schema\/logo\/image\/\"}}]}<\/script>\n<!-- \/ Yoast SEO Premium plugin. -->","yoast_head_json":{"title":"Aniosyme Synergy WD Plus | Medixfarm","description":"Detergent lichid, mono-enzimatic, cu putere de curatare alcalina pentru reprocesarea automat\u0103 a instrumentelor.","robots":{"index":"index","follow":"follow","max-snippet":"max-snippet:-1","max-image-preview":"max-image-preview:large","max-video-preview":"max-video-preview:-1"},"canonical":"http:\/\/www.medixfarm.ro\/en\/product\/aniosyme-synergy-wd-plus\/","og_locale":"en_US","og_type":"article","og_title":"Aniosyme Synergy WD Plus","og_description":"Detergent lichid, mono-enzimatic, cu putere de curatare alcalina pentru reprocesarea automat\u0103 a instrumentelor.","og_url":"http:\/\/www.medixfarm.ro\/en\/product\/aniosyme-synergy-wd-plus\/","og_site_name":"Medixfarm","article_modified_time":"2024-09-30T10:59:34+00:00","og_image":[{"width":918,"height":918,"url":"https:\/\/www.medixfarm.ro\/wp-content\/uploads\/2024\/09\/m-62753-6435700c67d52853016793.jpg","type":"image\/jpeg"}],"twitter_card":"summary_large_image","twitter_misc":{"Est. reading time":"1 minute"},"schema":{"@context":"https:\/\/schema.org","@graph":[{"@type":"WebPage","@id":"https:\/\/www.medixfarm.ro\/product\/aniosyme-synergy-wd-plus\/","url":"https:\/\/www.medixfarm.ro\/product\/aniosyme-synergy-wd-plus\/","name":"Aniosyme Synergy WD Plus | Medixfarm","isPartOf":{"@id":"https:\/\/www.medixfarm.ro\/#website"},"primaryImageOfPage":{"@id":"https:\/\/www.medixfarm.ro\/product\/aniosyme-synergy-wd-plus\/#primaryimage"},"image":{"@id":"https:\/\/www.medixfarm.ro\/product\/aniosyme-synergy-wd-plus\/#primaryimage"},"thumbnailUrl":"https:\/\/www.medixfarm.ro\/wp-content\/uploads\/2024\/09\/m-62753-6435700c67d52853016793.jpg","datePublished":"2024-09-27T11:10:42+00:00","dateModified":"2024-09-30T10:59:34+00:00","description":"Detergent lichid, mono-enzimatic, cu putere de curatare alcalina pentru reprocesarea automat\u0103 a instrumentelor.","breadcrumb":{"@id":"https:\/\/www.medixfarm.ro\/product\/aniosyme-synergy-wd-plus\/#breadcrumb"},"inLanguage":"en-US","potentialAction":[{"@type":"ReadAction","target":["https:\/\/www.medixfarm.ro\/product\/aniosyme-synergy-wd-plus\/"]}]},{"@type":"ImageObject","inLanguage":"en-US","@id":"https:\/\/www.medixfarm.ro\/product\/aniosyme-synergy-wd-plus\/#primaryimage","url":"https:\/\/www.medixfarm.ro\/wp-content\/uploads\/2024\/09\/m-62753-6435700c67d52853016793.jpg","contentUrl":"https:\/\/www.medixfarm.ro\/wp-content\/uploads\/2024\/09\/m-62753-6435700c67d52853016793.jpg","width":918,"height":918,"caption":"Aniosyme Synergy WD Plus - Detergent lichid, mono-enzimatic, cu putere de curatare alcalina pentru reprocesarea automat\u0103 a instrumentelor."},{"@type":"BreadcrumbList","@id":"https:\/\/www.medixfarm.ro\/product\/aniosyme-synergy-wd-plus\/#breadcrumb","itemListElement":[{"@type":"ListItem","position":1,"name":"Home","item":"https:\/\/www.medixfarm.ro\/"},{"@type":"ListItem","position":2,"name":"Produse","item":"https:\/\/www.medixfarm.ro\/shop\/"},{"@type":"ListItem","position":3,"name":"Aniosyme Synergy WD Plus"}]},{"@type":"WebSite","@id":"https:\/\/www.medixfarm.ro\/#website","url":"https:\/\/www.medixfarm.ro\/","name":"Medixfarm","description":"Medixfarm","publisher":{"@id":"https:\/\/www.medixfarm.ro\/#organization"},"potentialAction":[{"@type":"SearchAction","target":{"@type":"EntryPoint","urlTemplate":"https:\/\/www.medixfarm.ro\/?s={search_term_string}"},"query-input":{"@type":"PropertyValueSpecification","valueRequired":true,"valueName":"search_term_string"}}],"inLanguage":"en-US"},{"@type":"Organization","@id":"https:\/\/www.medixfarm.ro\/#organization","name":"Medixfarm Tehnoplus SRL","url":"https:\/\/www.medixfarm.ro\/","logo":{"@type":"ImageObject","inLanguage":"en-US","@id":"https:\/\/www.medixfarm.ro\/#\/schema\/logo\/image\/","url":"https:\/\/www.medixfarm.ro\/wp-content\/uploads\/2023\/11\/Medxfarm-Tehnoplus-FINAL-curbe-c9.png","contentUrl":"https:\/\/www.medixfarm.ro\/wp-content\/uploads\/2023\/11\/Medxfarm-Tehnoplus-FINAL-curbe-c9.png","width":3508,"height":1182,"caption":"Medixfarm Tehnoplus SRL"},"image":{"@id":"https:\/\/www.medixfarm.ro\/#\/schema\/logo\/image\/"}}]}},"_links":{"self":[{"href":"http:\/\/www.medixfarm.ro\/en\/wp-json\/wp\/v2\/product\/3272"}],"collection":[{"href":"http:\/\/www.medixfarm.ro\/en\/wp-json\/wp\/v2\/product"}],"about":[{"href":"http:\/\/www.medixfarm.ro\/en\/wp-json\/wp\/v2\/types\/product"}],"replies":[{"embeddable":true,"href":"http:\/\/www.medixfarm.ro\/en\/wp-json\/wp\/v2\/comments?post=3272"}],"wp:featuredmedia":[{"embeddable":true,"href":"http:\/\/www.medixfarm.ro\/en\/wp-json\/wp\/v2\/media\/3273"}],"wp:attachment":[{"href":"http:\/\/www.medixfarm.ro\/en\/wp-json\/wp\/v2\/media?parent=3272"}],"wp:term":[{"taxonomy":"product_cat","embeddable":true,"href":"http:\/\/www.medixfarm.ro\/en\/wp-json\/wp\/v2\/product_cat?post=3272"},{"taxonomy":"product_tag","embeddable":true,"href":"http:\/\/www.medixfarm.ro\/en\/wp-json\/wp\/v2\/product_tag?post=3272"}],"curies":[{"name":"wp","href":"https:\/\/api.w.org\/{rel}","templated":true}]}}