{"id":3278,"date":"2024-09-27T11:20:13","date_gmt":"2024-09-27T11:20:13","guid":{"rendered":"https:\/\/www.medixfarm.ro\/?post_type=product&#038;p=3278"},"modified":"2024-10-17T05:23:47","modified_gmt":"2024-10-17T05:23:47","slug":"anioxyde-1000-ld","status":"publish","type":"product","link":"http:\/\/www.medixfarm.ro\/en\/product\/anioxyde-1000-ld\/","title":{"rendered":"Anioxyde 1000 LD"},"content":{"rendered":"<h3>Anioxyde 1000 LD<\/h3>\n<h5>Dezinfectant cu formula patentata, pe baza de acid peracetic, pentru dezinfectia de nivel \u00eenalt a dispozitivelor medicale.<\/h5>\n<p><strong><span style=\"color: #339966;\">UTILIZARE:<\/span><br \/>\n<span style=\"color: #ff0000;\">\u25aa <\/span><\/strong>Solu\u021bie cu dou\u0103 componente. Gata de utilizare dup\u0103 activare.<br \/>\n<span style=\"color: #ff0000;\">\u25aa <\/span>Alternativ\u0103 la glutaraldehid\u0103.<br \/>\n<span style=\"color: #ff0000;\">\u25aa <\/span>Permite controlul eficacit\u0103\u021bii b\u0103ii cu benzi de testare.<strong><br \/>\n<\/strong><\/p>\n<p><strong><span style=\"color: #339966;\">INGREDIENTE:<\/span><br \/>\n<\/strong><span style=\"color: #ff0000;\">\u25aa <\/span>Substanta activa: acid peracetic, prin produc\u0163ie extemporanee.<br \/>\n<span style=\"color: #ff0000;\">\u25aa <\/span>F\u0103r\u0103 aldehide: nu fixeaz\u0103 proteinele.<\/p>\n<p><strong><span style=\"color: #339966;\">EFICACITATE:<\/span><br \/>\n<\/strong><span style=\"color: #ff0000;\">\u25aa<\/span> Dezinfectant de nivel \u00eenalt din sistemul PHERA\u00ae, activ \u00eempotriva sporilor de bacterii.<br \/>\n<span style=\"color: #ff0000;\"><strong>\u25aa <\/strong><\/span>Eficacitate demonstrat\u0103 la 1000 ppm de acid peracetic.<\/p>\n<p><strong><span style=\"color: #339966;\">COMPATIBILITATE CU MATERIALELE:<\/span><br \/>\n<\/strong><span style=\"color: #ff0000;\">\u25aa <\/span>Compatibilitate extins\u0103 cu materialele, cuvele \u0219i masa de lucru.<strong><br \/>\n<\/strong><\/p>\n<p><strong><span style=\"color: #339966;\">FORMA DE AMBALARE:<\/span><br \/>\n<\/strong><span style=\"color: #ff0000;\">\u25aa <\/span>Flacon plastic 5L.<br \/>\n<span style=\"color: #ff0000;\">\u25aa <\/span>Pentru verificarea nivelului de acid peracetic \u00een solu\u021bie reconstituit\u0103 &#8211; Bandelete de testare ANIOXYDE 1000 LD.<\/p>","protected":false},"excerpt":{"rendered":"<h5>Dezinfectant cu formula patentata, pe baza de acid peracetic, pentru dezinfectia de nivel \u00eenalt a dispozitivelor medicale.<\/h5>","protected":false},"featured_media":3279,"comment_status":"open","ping_status":"closed","template":"","meta":{"inline_featured_image":false},"product_cat":[77],"product_tag":[83,131],"class_list":{"0":"post-3278","1":"product","2":"type-product","3":"status-publish","4":"has-post-thumbnail","6":"product_cat-dezinfectanti-instrumentar","7":"product_tag-ecolab","8":"product_tag-anios","10":"first","11":"instock","12":"shipping-taxable","13":"product-type-simple"},"yoast_head":"<!-- This site is optimized with the Yoast SEO Premium plugin v23.7 (Yoast SEO v23.7) - https:\/\/yoast.com\/wordpress\/plugins\/seo\/ -->\n<title>Anioxyde 1000 LD | Medixfarm<\/title>\n<meta name=\"description\" content=\"Dezinfectant cu formula patentata, pe baza de acid peracetic, pentru dezinfectia de nivel \u00eenalt a dispozitivelor medicale.\" \/>\n<meta name=\"robots\" content=\"index, follow, max-snippet:-1, max-image-preview:large, max-video-preview:-1\" \/>\n<link rel=\"canonical\" href=\"http:\/\/www.medixfarm.ro\/en\/product\/anioxyde-1000-ld\/\" \/>\n<meta property=\"og:locale\" content=\"en_US\" \/>\n<meta property=\"og:type\" content=\"article\" \/>\n<meta property=\"og:title\" content=\"Anioxyde 1000 LD\" \/>\n<meta property=\"og:description\" content=\"Dezinfectant cu formula patentata, pe baza de acid peracetic, pentru dezinfectia de nivel \u00eenalt a dispozitivelor medicale.\" \/>\n<meta property=\"og:url\" content=\"http:\/\/www.medixfarm.ro\/en\/product\/anioxyde-1000-ld\/\" \/>\n<meta property=\"og:site_name\" content=\"Medixfarm\" \/>\n<meta property=\"article:modified_time\" content=\"2024-10-17T05:23:47+00:00\" \/>\n<meta property=\"og:image\" content=\"https:\/\/www.medixfarm.ro\/wp-content\/uploads\/2024\/09\/AX1000LD.jpg\" \/>\n\t<meta property=\"og:image:width\" content=\"381\" \/>\n\t<meta property=\"og:image:height\" content=\"361\" \/>\n\t<meta property=\"og:image:type\" content=\"image\/jpeg\" \/>\n<meta name=\"twitter:card\" content=\"summary_large_image\" \/>\n<meta name=\"twitter:label1\" content=\"Est. reading time\" \/>\n\t<meta name=\"twitter:data1\" content=\"1 minute\" \/>\n<script type=\"application\/ld+json\" class=\"yoast-schema-graph\">{\"@context\":\"https:\/\/schema.org\",\"@graph\":[{\"@type\":\"WebPage\",\"@id\":\"https:\/\/www.medixfarm.ro\/product\/anioxyde-1000-ld\/\",\"url\":\"https:\/\/www.medixfarm.ro\/product\/anioxyde-1000-ld\/\",\"name\":\"Anioxyde 1000 LD | Medixfarm\",\"isPartOf\":{\"@id\":\"https:\/\/www.medixfarm.ro\/#website\"},\"primaryImageOfPage\":{\"@id\":\"https:\/\/www.medixfarm.ro\/product\/anioxyde-1000-ld\/#primaryimage\"},\"image\":{\"@id\":\"https:\/\/www.medixfarm.ro\/product\/anioxyde-1000-ld\/#primaryimage\"},\"thumbnailUrl\":\"https:\/\/www.medixfarm.ro\/wp-content\/uploads\/2024\/09\/AX1000LD.jpg\",\"datePublished\":\"2024-09-27T11:20:13+00:00\",\"dateModified\":\"2024-10-17T05:23:47+00:00\",\"description\":\"Dezinfectant cu formula patentata, pe baza de acid peracetic, pentru dezinfectia de nivel \u00eenalt a dispozitivelor medicale.\",\"breadcrumb\":{\"@id\":\"https:\/\/www.medixfarm.ro\/product\/anioxyde-1000-ld\/#breadcrumb\"},\"inLanguage\":\"en-US\",\"potentialAction\":[{\"@type\":\"ReadAction\",\"target\":[\"https:\/\/www.medixfarm.ro\/product\/anioxyde-1000-ld\/\"]}]},{\"@type\":\"ImageObject\",\"inLanguage\":\"en-US\",\"@id\":\"https:\/\/www.medixfarm.ro\/product\/anioxyde-1000-ld\/#primaryimage\",\"url\":\"https:\/\/www.medixfarm.ro\/wp-content\/uploads\/2024\/09\/AX1000LD.jpg\",\"contentUrl\":\"https:\/\/www.medixfarm.ro\/wp-content\/uploads\/2024\/09\/AX1000LD.jpg\",\"width\":381,\"height\":361},{\"@type\":\"BreadcrumbList\",\"@id\":\"https:\/\/www.medixfarm.ro\/product\/anioxyde-1000-ld\/#breadcrumb\",\"itemListElement\":[{\"@type\":\"ListItem\",\"position\":1,\"name\":\"Home\",\"item\":\"https:\/\/www.medixfarm.ro\/\"},{\"@type\":\"ListItem\",\"position\":2,\"name\":\"Produse\",\"item\":\"https:\/\/www.medixfarm.ro\/shop\/\"},{\"@type\":\"ListItem\",\"position\":3,\"name\":\"Anioxyde 1000 LD\"}]},{\"@type\":\"WebSite\",\"@id\":\"https:\/\/www.medixfarm.ro\/#website\",\"url\":\"https:\/\/www.medixfarm.ro\/\",\"name\":\"Medixfarm\",\"description\":\"Medixfarm\",\"publisher\":{\"@id\":\"https:\/\/www.medixfarm.ro\/#organization\"},\"potentialAction\":[{\"@type\":\"SearchAction\",\"target\":{\"@type\":\"EntryPoint\",\"urlTemplate\":\"https:\/\/www.medixfarm.ro\/?s={search_term_string}\"},\"query-input\":{\"@type\":\"PropertyValueSpecification\",\"valueRequired\":true,\"valueName\":\"search_term_string\"}}],\"inLanguage\":\"en-US\"},{\"@type\":\"Organization\",\"@id\":\"https:\/\/www.medixfarm.ro\/#organization\",\"name\":\"Medixfarm Tehnoplus SRL\",\"url\":\"https:\/\/www.medixfarm.ro\/\",\"logo\":{\"@type\":\"ImageObject\",\"inLanguage\":\"en-US\",\"@id\":\"https:\/\/www.medixfarm.ro\/#\/schema\/logo\/image\/\",\"url\":\"https:\/\/www.medixfarm.ro\/wp-content\/uploads\/2023\/11\/Medxfarm-Tehnoplus-FINAL-curbe-c9.png\",\"contentUrl\":\"https:\/\/www.medixfarm.ro\/wp-content\/uploads\/2023\/11\/Medxfarm-Tehnoplus-FINAL-curbe-c9.png\",\"width\":3508,\"height\":1182,\"caption\":\"Medixfarm Tehnoplus SRL\"},\"image\":{\"@id\":\"https:\/\/www.medixfarm.ro\/#\/schema\/logo\/image\/\"}}]}<\/script>\n<!-- \/ Yoast SEO Premium plugin. -->","yoast_head_json":{"title":"Anioxyde 1000 LD | Medixfarm","description":"Dezinfectant cu formula patentata, pe baza de acid peracetic, pentru dezinfectia de nivel \u00eenalt a dispozitivelor medicale.","robots":{"index":"index","follow":"follow","max-snippet":"max-snippet:-1","max-image-preview":"max-image-preview:large","max-video-preview":"max-video-preview:-1"},"canonical":"http:\/\/www.medixfarm.ro\/en\/product\/anioxyde-1000-ld\/","og_locale":"en_US","og_type":"article","og_title":"Anioxyde 1000 LD","og_description":"Dezinfectant cu formula patentata, pe baza de acid peracetic, pentru dezinfectia de nivel \u00eenalt a dispozitivelor medicale.","og_url":"http:\/\/www.medixfarm.ro\/en\/product\/anioxyde-1000-ld\/","og_site_name":"Medixfarm","article_modified_time":"2024-10-17T05:23:47+00:00","og_image":[{"width":381,"height":361,"url":"https:\/\/www.medixfarm.ro\/wp-content\/uploads\/2024\/09\/AX1000LD.jpg","type":"image\/jpeg"}],"twitter_card":"summary_large_image","twitter_misc":{"Est. reading time":"1 minute"},"schema":{"@context":"https:\/\/schema.org","@graph":[{"@type":"WebPage","@id":"https:\/\/www.medixfarm.ro\/product\/anioxyde-1000-ld\/","url":"https:\/\/www.medixfarm.ro\/product\/anioxyde-1000-ld\/","name":"Anioxyde 1000 LD | Medixfarm","isPartOf":{"@id":"https:\/\/www.medixfarm.ro\/#website"},"primaryImageOfPage":{"@id":"https:\/\/www.medixfarm.ro\/product\/anioxyde-1000-ld\/#primaryimage"},"image":{"@id":"https:\/\/www.medixfarm.ro\/product\/anioxyde-1000-ld\/#primaryimage"},"thumbnailUrl":"https:\/\/www.medixfarm.ro\/wp-content\/uploads\/2024\/09\/AX1000LD.jpg","datePublished":"2024-09-27T11:20:13+00:00","dateModified":"2024-10-17T05:23:47+00:00","description":"Dezinfectant cu formula patentata, pe baza de acid peracetic, pentru dezinfectia de nivel \u00eenalt a dispozitivelor medicale.","breadcrumb":{"@id":"https:\/\/www.medixfarm.ro\/product\/anioxyde-1000-ld\/#breadcrumb"},"inLanguage":"en-US","potentialAction":[{"@type":"ReadAction","target":["https:\/\/www.medixfarm.ro\/product\/anioxyde-1000-ld\/"]}]},{"@type":"ImageObject","inLanguage":"en-US","@id":"https:\/\/www.medixfarm.ro\/product\/anioxyde-1000-ld\/#primaryimage","url":"https:\/\/www.medixfarm.ro\/wp-content\/uploads\/2024\/09\/AX1000LD.jpg","contentUrl":"https:\/\/www.medixfarm.ro\/wp-content\/uploads\/2024\/09\/AX1000LD.jpg","width":381,"height":361},{"@type":"BreadcrumbList","@id":"https:\/\/www.medixfarm.ro\/product\/anioxyde-1000-ld\/#breadcrumb","itemListElement":[{"@type":"ListItem","position":1,"name":"Home","item":"https:\/\/www.medixfarm.ro\/"},{"@type":"ListItem","position":2,"name":"Produse","item":"https:\/\/www.medixfarm.ro\/shop\/"},{"@type":"ListItem","position":3,"name":"Anioxyde 1000 LD"}]},{"@type":"WebSite","@id":"https:\/\/www.medixfarm.ro\/#website","url":"https:\/\/www.medixfarm.ro\/","name":"Medixfarm","description":"Medixfarm","publisher":{"@id":"https:\/\/www.medixfarm.ro\/#organization"},"potentialAction":[{"@type":"SearchAction","target":{"@type":"EntryPoint","urlTemplate":"https:\/\/www.medixfarm.ro\/?s={search_term_string}"},"query-input":{"@type":"PropertyValueSpecification","valueRequired":true,"valueName":"search_term_string"}}],"inLanguage":"en-US"},{"@type":"Organization","@id":"https:\/\/www.medixfarm.ro\/#organization","name":"Medixfarm Tehnoplus SRL","url":"https:\/\/www.medixfarm.ro\/","logo":{"@type":"ImageObject","inLanguage":"en-US","@id":"https:\/\/www.medixfarm.ro\/#\/schema\/logo\/image\/","url":"https:\/\/www.medixfarm.ro\/wp-content\/uploads\/2023\/11\/Medxfarm-Tehnoplus-FINAL-curbe-c9.png","contentUrl":"https:\/\/www.medixfarm.ro\/wp-content\/uploads\/2023\/11\/Medxfarm-Tehnoplus-FINAL-curbe-c9.png","width":3508,"height":1182,"caption":"Medixfarm Tehnoplus SRL"},"image":{"@id":"https:\/\/www.medixfarm.ro\/#\/schema\/logo\/image\/"}}]}},"_links":{"self":[{"href":"http:\/\/www.medixfarm.ro\/en\/wp-json\/wp\/v2\/product\/3278"}],"collection":[{"href":"http:\/\/www.medixfarm.ro\/en\/wp-json\/wp\/v2\/product"}],"about":[{"href":"http:\/\/www.medixfarm.ro\/en\/wp-json\/wp\/v2\/types\/product"}],"replies":[{"embeddable":true,"href":"http:\/\/www.medixfarm.ro\/en\/wp-json\/wp\/v2\/comments?post=3278"}],"wp:featuredmedia":[{"embeddable":true,"href":"http:\/\/www.medixfarm.ro\/en\/wp-json\/wp\/v2\/media\/3279"}],"wp:attachment":[{"href":"http:\/\/www.medixfarm.ro\/en\/wp-json\/wp\/v2\/media?parent=3278"}],"wp:term":[{"taxonomy":"product_cat","embeddable":true,"href":"http:\/\/www.medixfarm.ro\/en\/wp-json\/wp\/v2\/product_cat?post=3278"},{"taxonomy":"product_tag","embeddable":true,"href":"http:\/\/www.medixfarm.ro\/en\/wp-json\/wp\/v2\/product_tag?post=3278"}],"curies":[{"name":"wp","href":"https:\/\/api.w.org\/{rel}","templated":true}]}}