{"id":2589,"date":"2020-11-25T14:08:12","date_gmt":"2020-11-25T14:08:12","guid":{"rendered":"https:\/\/medxifarm.agentiawebmagnat.ro\/?post_type=product&#038;p=2589"},"modified":"2024-11-30T17:54:48","modified_gmt":"2024-11-30T17:54:48","slug":"pharmahelp","status":"publish","type":"product","link":"https:\/\/www.medixfarm.ro\/en\/product\/pharmahelp\/","title":{"rendered":"PharmaHelp"},"content":{"rendered":"<h4><strong>PharmaHelp LAF<\/strong><\/h4>\n<p>Sistemul de preparare PharmaHelp a fost dezvoltat de Fresenius Kabi pentru a r\u0103spunde nevoilor specifice farmaci\u0219tilor \u00een producerea automatizat\u0103 de medicamente personalizate \u00een farmaciile spitalelor \u0219i centrele de preparare. Se distinge pentru simplitatea sa unic\u0103 \u0219i calitatea certificat\u0103.<br \/>\n<a href=\"https:\/\/www.medixfarm.ro\/en\/product-category\/sisteme-automate\/\">PharmaHelp<\/a> este un aparat foarte compact, ceea ce face instalarea rapid\u0103 \u0219i simpl\u0103. Livrarea la prima opera\u021bie poate fi realizat\u0103 \u00een c\u00e2teva s\u0103pt\u0103m\u00e2ni. Toate piesele sunt u\u0219or accesibile pentru a realiza o cur\u0103\u021bare \u0219i igienizare complet\u0103.<br \/>\nPharmaHelp este controlat \u00een totalitate de calculator \u00een timpul func\u021bion\u0103rii, permi\u021b\u00e2nd operatorului s\u0103 participe la alte sarcini sau s\u0103 preg\u0103teasc\u0103 urm\u0103toarea produc\u021bie, utiliz\u00e2nd astfel eficient timpul necesar pentru operator. Factorii critici de siguran\u021b\u0103, cum ar fi precizia de umplere, precizia, sterilitatea, controlul contamin\u0103rii \u0219i integritatea produsului au fost testate \u00een conformitate cu standardele GMP \u0219i aprobate \u00een setarea practic\u0103 a centrelor de preparare Fresenius Kabi.<\/p>\n<p>Sistemul PharmaHelp este format din patru componente principale:<br \/>\n\u2022 PharmaServer: G\u0103zduie\u0219te toate datele \u0219i ruleaz\u0103 software-ul PharmaHelp<br \/>\n\u2022 Sta\u021bia de pre-procesare Verific\u0103 toate articolele, \u00eenregistreaz\u0103 toate greut\u0103\u021bile, eticheteaz\u0103 RFID<br \/>\n\u2022 Sta\u021bia de pre-procesare (preparatorul): Ruleaz\u0103 lotul de fabrica\u021bie cu ajutorul preparatorului<br \/>\n\u2022 Sta\u021bia de post-procesare: Verific\u0103 greut\u0103\u021bile produselor finale \u0219i tip\u0103re\u0219te etichete<\/p>\n<h4><strong>Caracteristici<\/strong><\/h4>\n<p>Distribu\u021bie gravimetric\u0103 controlat\u0103<br \/>\nDozare precis\u0103<br \/>\n\u00cenregistrare electronic\u0103 a tuturor etapelor de produc\u021bie<br \/>\nContactul minim cu flaconul \u0219i punga reduce riscul de contaminare<br \/>\nPerforman\u021be de retragere \u00eembun\u0103t\u0103\u021bite \u0219i risc redus de aerosoli, scurgeri \u0219i penetrare, datorit\u0103 PharmaNeedle \u0219i PharmaVent<br \/>\nPoate fi interfa\u021bat cu sistemele informatice din farmacie<br \/>\nDoze \u00een pungi cu perfuzii ata\u0219ate<br \/>\nCapabil s\u0103 \u00eendep\u0103rteze lichidul din pung\u0103 pentru a realiza anumite volume<br \/>\nControlul cipurilor RFID pentru a asigura un medicament \u0219i un recipient correct<br \/>\nAccesibilitate u\u0219oar\u0103 pentru cur\u0103\u021bare \u0219i \u00eentre\u021binere<\/p>\n<h4><strong>Specifica\u0163ii<\/strong><\/h4>\n<p>Sistemul de preparare PharmaHelp Capabil s\u0103 produc\u0103 cca. 20-40 de unit\u0103\u021bi pe or\u0103 cu un singur operator1, toate etapele incluse<br \/>\nCel mult 16 preparate individualizate pe fiecare func\u021bionare a ma\u0219inii<br \/>\nAdaptabil la instala\u021biile izolatorului sau ale cabinetului LAF<br \/>\nU\u0219or \u0219i rapid de instalat \u0219i \u00eencepe s\u0103 func\u021bioneze<br \/>\nSe potrive\u0219te \u00een orice camer\u0103 curat\u0103 normal\u0103<br \/>\nTrece prin u\u0219i standard (90 cm)<br \/>\nUtilizeaz\u0103 prize standard<br \/>\nGenerare redus\u0103 de c\u0103ldur\u0103<\/p>\n<h4><strong>Caracteristici de exploatare<\/strong><\/h4>\n<p>16 flacoane surs\u0103 cu medicament<br \/>\nMedicamente multiple \u00eentr-un singur lot (p\u00e2n\u0103 la 6 medicamente diferite)<br \/>\nP\u00e2n\u0103 la 16 recipiente finale (pungi de perfuzie, seringi, pompe elastomerice)<br \/>\nDoze specifice pacientului, \u0219i doze specifice voluntarilor s\u0103n\u0103to\u0219i<br \/>\nBenzi de doze predefinite<br \/>\nUmplere multipl\u0103 a recipientelor finale (utilizarea unei seringi de transfer pentru a injecta acela\u0219i medicament \u00een mai multe recipiente finale)<br \/>\nVolum specific: umplerea \u00een exces a recipientului final va fi \u00eendep\u0103rtat\u0103<\/p>\n<p>Productivitate: 20 p\u00e2n\u0103 la 40 de unit\u0103\u021bi pe or\u0103 cu un singur operator<br \/>\nControl gravimetric<br \/>\nVerificare etichet\u0103 flacon cu ajutorul camerei foto<br \/>\nGestionarea flaconului cu rest<br \/>\nTrasabilitate, etichetare, raportare<\/p>\n<h4><strong>Opera\u0163iuni u\u0219oare<\/strong><\/h4>\n<p>Software PharmaHelp<br \/>\no Instruc\u021biuni clare<br \/>\no Operare ecran tactil cu m\u0103nu\u0219i<\/p>\n<p>Gestionarea comenzii \u0219i crearea lotului de fabrica\u021bie<br \/>\no Sugestii flacon \u0219i rest din flacon<\/p>\n<p>Gestionarea facil\u0103 a produsului &amp; materialului<\/p>\n<p>Interfa\u021b\u0103 \u00eentre PharmaHelp \u0219i software de prescrip\u021bie extern\u0103 (bazat pe XML \u0219i HL7)<br \/>\no Importul comenzilor de produc\u021bie \u00een software-ul PharmaHelp<br \/>\no Exportul datelor de produc\u021bie c\u0103tre software-ul de prescrip\u021bie medical\u0103 pentru lansarea produsului<\/p>\n<p>Rapoarte detaliate \u0219i pe scurt ale loturilor de fabrica\u021bie<\/p>\n<h4><strong>Cur\u0103\u021bare \u0219i \u00eentre\u021binere u\u0219oar\u0103<\/strong><\/h4>\n<p>Echipamente u\u0219or de accesat, cur\u0103\u021bat \u0219i decontaminat<br \/>\nTimp de cur\u0103\u021bare de rutin\u0103 aproximativ 30 [min]<br \/>\nPiese preparator de \u00eenalt\u0103 durabilitate (de ex. AISI 304 \/ 316, PETP)<br \/>\nPiese preparator u\u0219or de \u00eenlocuit<br \/>\n\u00centre\u021binere de 2 ori pe an<br \/>\n\u00centre\u021binere de la distan\u021b\u0103 disponibil\u0103 pentru asisten\u021b\u0103\uf0b7 Echipament u\u015for de curatat si de decontaminat<br \/>\nDurata curatarii 15 &#8211; 20 [min]<br \/>\nComponentele dozatorului sunt extrem de durabile (de ex. AISI 304 \/ 316, PETP)<br \/>\nComponentele dozatorului sunt u\u015for de \u00eenlocuit<br \/>\n\u00centre\u0163inere de 2 pe an, dureaz\u0103 o zi<br \/>\n\u00centre\u0163inere de la distanta, disponibila pentru asistenta<\/p>\n<h4><strong>Instalare u\u0219oar\u0103 \u0219i rapid\u0103<\/strong><\/h4>\n<p>Poate trece prin deschiderea u\u0219ilor 97 x 195 [cm]<br \/>\nPoate \u00eenlocui un LAF7 existent, f\u0103r\u0103 adapt\u0103ri ale camerei curate<br \/>\nInstalare \u00een 2 s\u0103pt\u0103m\u00e2ni inclusiv IQ \u0219i OQ<br \/>\ninstruire operator de 4 zile<\/p>\n<p>Standarde de siguran\u021b\u0103 pentru preparate citotoxice<br \/>\nSistemul de preparare PharmaHelp este dezvoltat pentru a satisface aplica\u021biile citotoxice cu risc ridicat. Preparatorul este plasat \u00eentr-un dulap de siguran\u021b\u0103 biologic\u0103 clasa II. Filtrele H14 clasa HEPA filtreaz\u0103 aerul care intr\u0103 \u0219i p\u0103streaz\u0103 construc\u021bia intern\u0103 a dulapului f\u0103r\u0103 contaminare \u0219i, prin urmare, asigur\u0103 siguran\u021ba maxim\u0103 pentru aplica\u021bii cu risc ridicat. Aparatul a fost validat \u00een centrele de preparare conform liniilor directoare4 UE \u2013 GMP, PIC\/S \u0219i a fost inspectat\u0103 cu succes de c\u0103tre autoritatea german\u0103 \u00een conformitate cu liniile directoare5 UE \u2013 GMP.<\/p>\n<p>&nbsp;<\/p>","protected":false},"excerpt":{"rendered":"<p>PharmaHelp a fost dezvoltat de Fresenius Kabi pentru a r\u0103spunde nevoilor specifice farmaci\u0219tilor \u00een producerea automatizat\u0103 de medicamente personalizate \u00een farmaciile spitalelor \u0219i centrele de preparare. Se distinge pentru simplitatea sa unic\u0103 \u0219i calitatea certificat\u0103.<br \/>\nPharmaHelp este un aparat foarte compact, ceea ce face instalarea rapid\u0103 \u0219i simpl\u0103. Livrarea la prima opera\u021bie poate fi realizat\u0103 \u00een c\u00e2teva s\u0103pt\u0103m\u00e2ni. Toate piesele sunt u\u0219or accesibile pentru a realiza o cur\u0103\u021bare \u0219i igienizare complet\u0103.<\/p>","protected":false},"featured_media":2508,"comment_status":"open","ping_status":"closed","template":"","meta":{"inline_featured_image":false},"product_cat":[82],"product_tag":[84],"class_list":{"0":"post-2589","1":"product","2":"type-product","3":"status-publish","4":"has-post-thumbnail","6":"product_cat-sisteme-automate","7":"product_tag-fresenius","9":"first","10":"instock","11":"shipping-taxable","12":"product-type-simple"},"yoast_head":"<!-- This site is optimized with the Yoast SEO Premium plugin v23.7 (Yoast SEO v23.7) - https:\/\/yoast.com\/wordpress\/plugins\/seo\/ -->\n<title>Sistemul de preparare PharmaHelp | Medixfarm<\/title>\n<meta name=\"description\" content=\"Sistemul de preparare PharmaHelp a fost dezvoltat de Fresenius Kabi pentru a r\u0103spunde nevoilor specifice farmaci\u0219tilor \u00een producerea automatizat\u0103\" \/>\n<meta name=\"robots\" content=\"index, follow, max-snippet:-1, max-image-preview:large, max-video-preview:-1\" \/>\n<link rel=\"canonical\" href=\"https:\/\/www.medixfarm.ro\/en\/product\/pharmahelp\/\" \/>\n<meta property=\"og:locale\" content=\"en_US\" \/>\n<meta property=\"og:type\" content=\"article\" \/>\n<meta property=\"og:title\" content=\"PharmaHelp\" \/>\n<meta property=\"og:description\" content=\"Sistemul de preparare PharmaHelp a fost dezvoltat de Fresenius Kabi pentru a r\u0103spunde nevoilor specifice farmaci\u0219tilor \u00een producerea automatizat\u0103\" \/>\n<meta property=\"og:url\" content=\"https:\/\/www.medixfarm.ro\/en\/product\/pharmahelp\/\" \/>\n<meta property=\"og:site_name\" content=\"Medixfarm\" \/>\n<meta property=\"article:modified_time\" content=\"2024-11-30T17:54:48+00:00\" \/>\n<meta property=\"og:image\" content=\"https:\/\/www.medixfarm.ro\/wp-content\/uploads\/2020\/11\/PharmaHelp-1.jpg\" \/>\n\t<meta property=\"og:image:width\" content=\"1540\" \/>\n\t<meta property=\"og:image:height\" content=\"630\" \/>\n\t<meta property=\"og:image:type\" content=\"image\/jpeg\" \/>\n<meta name=\"twitter:card\" content=\"summary_large_image\" \/>\n<meta name=\"twitter:label1\" content=\"Est. reading time\" \/>\n\t<meta name=\"twitter:data1\" content=\"4 minutes\" \/>\n<script type=\"application\/ld+json\" class=\"yoast-schema-graph\">{\"@context\":\"https:\/\/schema.org\",\"@graph\":[{\"@type\":\"WebPage\",\"@id\":\"https:\/\/www.medixfarm.ro\/product\/pharmahelp\/\",\"url\":\"https:\/\/www.medixfarm.ro\/product\/pharmahelp\/\",\"name\":\"Sistemul de preparare PharmaHelp | Medixfarm\",\"isPartOf\":{\"@id\":\"https:\/\/www.medixfarm.ro\/#website\"},\"primaryImageOfPage\":{\"@id\":\"https:\/\/www.medixfarm.ro\/product\/pharmahelp\/#primaryimage\"},\"image\":{\"@id\":\"https:\/\/www.medixfarm.ro\/product\/pharmahelp\/#primaryimage\"},\"thumbnailUrl\":\"https:\/\/www.medixfarm.ro\/wp-content\/uploads\/2020\/11\/PharmaHelp-1.jpg\",\"datePublished\":\"2020-11-25T14:08:12+00:00\",\"dateModified\":\"2024-11-30T17:54:48+00:00\",\"description\":\"Sistemul de preparare PharmaHelp a fost dezvoltat de Fresenius Kabi pentru a r\u0103spunde nevoilor specifice farmaci\u0219tilor \u00een producerea automatizat\u0103\",\"breadcrumb\":{\"@id\":\"https:\/\/www.medixfarm.ro\/product\/pharmahelp\/#breadcrumb\"},\"inLanguage\":\"en-US\",\"potentialAction\":[{\"@type\":\"ReadAction\",\"target\":[\"https:\/\/www.medixfarm.ro\/product\/pharmahelp\/\"]}]},{\"@type\":\"ImageObject\",\"inLanguage\":\"en-US\",\"@id\":\"https:\/\/www.medixfarm.ro\/product\/pharmahelp\/#primaryimage\",\"url\":\"https:\/\/www.medixfarm.ro\/wp-content\/uploads\/2020\/11\/PharmaHelp-1.jpg\",\"contentUrl\":\"https:\/\/www.medixfarm.ro\/wp-content\/uploads\/2020\/11\/PharmaHelp-1.jpg\",\"width\":1540,\"height\":630},{\"@type\":\"BreadcrumbList\",\"@id\":\"https:\/\/www.medixfarm.ro\/product\/pharmahelp\/#breadcrumb\",\"itemListElement\":[{\"@type\":\"ListItem\",\"position\":1,\"name\":\"Home\",\"item\":\"https:\/\/www.medixfarm.ro\/\"},{\"@type\":\"ListItem\",\"position\":2,\"name\":\"Produse\",\"item\":\"https:\/\/www.medixfarm.ro\/shop\/\"},{\"@type\":\"ListItem\",\"position\":3,\"name\":\"PharmaHelp\"}]},{\"@type\":\"WebSite\",\"@id\":\"https:\/\/www.medixfarm.ro\/#website\",\"url\":\"https:\/\/www.medixfarm.ro\/\",\"name\":\"Medixfarm\",\"description\":\"Medixfarm\",\"publisher\":{\"@id\":\"https:\/\/www.medixfarm.ro\/#organization\"},\"potentialAction\":[{\"@type\":\"SearchAction\",\"target\":{\"@type\":\"EntryPoint\",\"urlTemplate\":\"https:\/\/www.medixfarm.ro\/?s={search_term_string}\"},\"query-input\":{\"@type\":\"PropertyValueSpecification\",\"valueRequired\":true,\"valueName\":\"search_term_string\"}}],\"inLanguage\":\"en-US\"},{\"@type\":\"Organization\",\"@id\":\"https:\/\/www.medixfarm.ro\/#organization\",\"name\":\"Medixfarm Tehnoplus SRL\",\"url\":\"https:\/\/www.medixfarm.ro\/\",\"logo\":{\"@type\":\"ImageObject\",\"inLanguage\":\"en-US\",\"@id\":\"https:\/\/www.medixfarm.ro\/#\/schema\/logo\/image\/\",\"url\":\"https:\/\/www.medixfarm.ro\/wp-content\/uploads\/2023\/11\/Medxfarm-Tehnoplus-FINAL-curbe-c9.png\",\"contentUrl\":\"https:\/\/www.medixfarm.ro\/wp-content\/uploads\/2023\/11\/Medxfarm-Tehnoplus-FINAL-curbe-c9.png\",\"width\":3508,\"height\":1182,\"caption\":\"Medixfarm Tehnoplus SRL\"},\"image\":{\"@id\":\"https:\/\/www.medixfarm.ro\/#\/schema\/logo\/image\/\"}}]}<\/script>\n<!-- \/ Yoast SEO Premium plugin. -->","yoast_head_json":{"title":"Sistemul de preparare PharmaHelp | Medixfarm","description":"Sistemul de preparare PharmaHelp a fost dezvoltat de Fresenius Kabi pentru a r\u0103spunde nevoilor specifice farmaci\u0219tilor \u00een producerea automatizat\u0103","robots":{"index":"index","follow":"follow","max-snippet":"max-snippet:-1","max-image-preview":"max-image-preview:large","max-video-preview":"max-video-preview:-1"},"canonical":"https:\/\/www.medixfarm.ro\/en\/product\/pharmahelp\/","og_locale":"en_US","og_type":"article","og_title":"PharmaHelp","og_description":"Sistemul de preparare PharmaHelp a fost dezvoltat de Fresenius Kabi pentru a r\u0103spunde nevoilor specifice farmaci\u0219tilor \u00een producerea automatizat\u0103","og_url":"https:\/\/www.medixfarm.ro\/en\/product\/pharmahelp\/","og_site_name":"Medixfarm","article_modified_time":"2024-11-30T17:54:48+00:00","og_image":[{"width":1540,"height":630,"url":"https:\/\/www.medixfarm.ro\/wp-content\/uploads\/2020\/11\/PharmaHelp-1.jpg","type":"image\/jpeg"}],"twitter_card":"summary_large_image","twitter_misc":{"Est. reading time":"4 minutes"},"schema":{"@context":"https:\/\/schema.org","@graph":[{"@type":"WebPage","@id":"https:\/\/www.medixfarm.ro\/product\/pharmahelp\/","url":"https:\/\/www.medixfarm.ro\/product\/pharmahelp\/","name":"Sistemul de preparare PharmaHelp | Medixfarm","isPartOf":{"@id":"https:\/\/www.medixfarm.ro\/#website"},"primaryImageOfPage":{"@id":"https:\/\/www.medixfarm.ro\/product\/pharmahelp\/#primaryimage"},"image":{"@id":"https:\/\/www.medixfarm.ro\/product\/pharmahelp\/#primaryimage"},"thumbnailUrl":"https:\/\/www.medixfarm.ro\/wp-content\/uploads\/2020\/11\/PharmaHelp-1.jpg","datePublished":"2020-11-25T14:08:12+00:00","dateModified":"2024-11-30T17:54:48+00:00","description":"Sistemul de preparare PharmaHelp a fost dezvoltat de Fresenius Kabi pentru a r\u0103spunde nevoilor specifice farmaci\u0219tilor \u00een producerea automatizat\u0103","breadcrumb":{"@id":"https:\/\/www.medixfarm.ro\/product\/pharmahelp\/#breadcrumb"},"inLanguage":"en-US","potentialAction":[{"@type":"ReadAction","target":["https:\/\/www.medixfarm.ro\/product\/pharmahelp\/"]}]},{"@type":"ImageObject","inLanguage":"en-US","@id":"https:\/\/www.medixfarm.ro\/product\/pharmahelp\/#primaryimage","url":"https:\/\/www.medixfarm.ro\/wp-content\/uploads\/2020\/11\/PharmaHelp-1.jpg","contentUrl":"https:\/\/www.medixfarm.ro\/wp-content\/uploads\/2020\/11\/PharmaHelp-1.jpg","width":1540,"height":630},{"@type":"BreadcrumbList","@id":"https:\/\/www.medixfarm.ro\/product\/pharmahelp\/#breadcrumb","itemListElement":[{"@type":"ListItem","position":1,"name":"Home","item":"https:\/\/www.medixfarm.ro\/"},{"@type":"ListItem","position":2,"name":"Produse","item":"https:\/\/www.medixfarm.ro\/shop\/"},{"@type":"ListItem","position":3,"name":"PharmaHelp"}]},{"@type":"WebSite","@id":"https:\/\/www.medixfarm.ro\/#website","url":"https:\/\/www.medixfarm.ro\/","name":"Medixfarm","description":"Medixfarm","publisher":{"@id":"https:\/\/www.medixfarm.ro\/#organization"},"potentialAction":[{"@type":"SearchAction","target":{"@type":"EntryPoint","urlTemplate":"https:\/\/www.medixfarm.ro\/?s={search_term_string}"},"query-input":{"@type":"PropertyValueSpecification","valueRequired":true,"valueName":"search_term_string"}}],"inLanguage":"en-US"},{"@type":"Organization","@id":"https:\/\/www.medixfarm.ro\/#organization","name":"Medixfarm Tehnoplus SRL","url":"https:\/\/www.medixfarm.ro\/","logo":{"@type":"ImageObject","inLanguage":"en-US","@id":"https:\/\/www.medixfarm.ro\/#\/schema\/logo\/image\/","url":"https:\/\/www.medixfarm.ro\/wp-content\/uploads\/2023\/11\/Medxfarm-Tehnoplus-FINAL-curbe-c9.png","contentUrl":"https:\/\/www.medixfarm.ro\/wp-content\/uploads\/2023\/11\/Medxfarm-Tehnoplus-FINAL-curbe-c9.png","width":3508,"height":1182,"caption":"Medixfarm Tehnoplus SRL"},"image":{"@id":"https:\/\/www.medixfarm.ro\/#\/schema\/logo\/image\/"}}]}},"_links":{"self":[{"href":"https:\/\/www.medixfarm.ro\/en\/wp-json\/wp\/v2\/product\/2589"}],"collection":[{"href":"https:\/\/www.medixfarm.ro\/en\/wp-json\/wp\/v2\/product"}],"about":[{"href":"https:\/\/www.medixfarm.ro\/en\/wp-json\/wp\/v2\/types\/product"}],"replies":[{"embeddable":true,"href":"https:\/\/www.medixfarm.ro\/en\/wp-json\/wp\/v2\/comments?post=2589"}],"wp:featuredmedia":[{"embeddable":true,"href":"https:\/\/www.medixfarm.ro\/en\/wp-json\/wp\/v2\/media\/2508"}],"wp:attachment":[{"href":"https:\/\/www.medixfarm.ro\/en\/wp-json\/wp\/v2\/media?parent=2589"}],"wp:term":[{"taxonomy":"product_cat","embeddable":true,"href":"https:\/\/www.medixfarm.ro\/en\/wp-json\/wp\/v2\/product_cat?post=2589"},{"taxonomy":"product_tag","embeddable":true,"href":"https:\/\/www.medixfarm.ro\/en\/wp-json\/wp\/v2\/product_tag?post=2589"}],"curies":[{"name":"wp","href":"https:\/\/api.w.org\/{rel}","templated":true}]}}