{"id":2833,"date":"2020-11-26T09:41:56","date_gmt":"2020-11-26T09:41:56","guid":{"rendered":"https:\/\/medxifarm.agentiawebmagnat.ro\/?post_type=product&#038;p=2833"},"modified":"2024-10-17T06:55:16","modified_gmt":"2024-10-17T06:55:16","slug":"victory-handheld","status":"publish","type":"product","link":"https:\/\/www.medixfarm.ro\/en\/product\/victory-handheld\/","title":{"rendered":"Victory-Handheld"},"content":{"rendered":"<h3>Victory-Handheld<\/h3>\n<h5>Pulverizator electrostatic profesional, fara fir, ideal pentru dezinfectarea, igienizarea, eliminarea mirosului si decontaminare.<\/h5>\n<p><span style=\"color: #339966;\"><strong>CARACTERISTICI PRODUS<br \/>\n<\/strong><\/span><strong><span style=\"color: #ff0000;\">\u25aa\u00a0<\/span><\/strong>Complet portabil<br \/>\n<strong><span style=\"color: #ff0000;\">\u25aa\u00a0<\/span><\/strong>Intrerupator pt pornit\/oprit<br \/>\n<strong><span style=\"color: #ff0000;\">\u25aa\u00a0<\/span><\/strong>Blocare buton de actionare (tragaci)<br \/>\n<strong><span style=\"color: #ff0000;\">\u25aa\u00a0<\/span><\/strong>Rezervor cu dubla inchidere<br \/>\n<strong><span style=\"color: #ff0000;\">\u25aa\u00a0<\/span><\/strong>Rezervor etans<br \/>\n<strong><span style=\"color: #ff0000;\">\u25aa\u00a0<\/span><\/strong>3 treceri interschimbabile prin duza<br \/>\n<strong><span style=\"color: #ff0000;\">\u25aa\u00a0<\/span><\/strong>Efect de acoperire<br \/>\n<strong><span style=\"color: #ff0000;\">\u25aa\u00a0<\/span><\/strong>Fante admisie aer<br \/>\n<strong><span style=\"color: #ff0000;\">\u25aa\u00a0<\/span><\/strong>Band\u0103 de \u00eemp\u0103m\u00e2ntare din o\u021bel inoxidabil<br \/>\n<strong><span style=\"color: #ff0000;\">\u25aa\u00a0<\/span><\/strong>Functionare silentioasa<br \/>\n<strong><span style=\"color: #ff0000;\">\u25aa\u00a0<\/span><\/strong>Lanterna automata in capul pistolului<br \/>\n<strong><span style=\"color: #ff0000;\">\u25aa\u00a0<\/span><\/strong>Geanta transport<\/p>\n<p><span style=\"color: #339966;\"><strong>SPECIFICATII PRODUS<\/strong><\/span><br \/>\n<strong><span style=\"color: #ff0000;\">\u25aa\u00a0<\/span><\/strong>Model: #VP200ESK<br \/>\n<strong><span style=\"color: #ff0000;\">\u25aa\u00a0<\/span><\/strong>Utilizare fara fir<br \/>\n<strong><span style=\"color: #ff0000;\">\u25aa\u00a0<\/span><\/strong>Rezervor de 1 L<br \/>\n<strong><span style=\"color: #ff0000;\">\u25aa <\/span><\/strong>Greutate (gol): 1.7 kg<br \/>\n<strong><span style=\"color: #ff0000;\">\u25aa <\/span><\/strong>Greutate (plin): 2.6 kg<br \/>\n<strong><span style=\"color: #ff0000;\">\u25aa <\/span><\/strong>Distanta optima de pulverizare: 60-91cm<\/p>\n<p><span style=\"color: #339966;\"><strong>SETARE DUZA 1<\/strong><\/span><br \/>\n<span style=\"color: #ff0000;\">\u25aa <\/span>Forma duzei: Con plin<span style=\"color: #ff0000;\"><br \/>\n\u25aa <\/span>Dimensiunea particulelor: 40 microni<span style=\"color: #ff0000;\"><br \/>\n\u25aa <\/span>Debit: 0.09 L\/min<span style=\"color: #ff0000;\"><br \/>\n\u25aa <\/span>Durata de rulare pe rezervor: 11.3 min<span style=\"color: #ff0000;\"><br \/>\n\u25aa <\/span>Acoperire per rezervor: 260 m2<span style=\"color: #ff0000;\"><br \/>\n\u25aa <\/span>Rezervoare per incarcare: 21.2<strong><span style=\"color: #ff0000;\"><br \/>\n<\/span><\/strong><\/p>\n<p><span style=\"color: #339966;\"><strong>SETARE DUZA 2<\/strong><\/span><br \/>\n<span style=\"color: #ff0000;\">\u25aa <\/span>Forma duzei: Con plin<span style=\"color: #ff0000;\"><br \/>\n\u25aa <\/span>Dimensiunea particulelor: 80 microni<span style=\"color: #ff0000;\"><br \/>\n\u25aa <\/span>Debit: 0.1 L\/min<span style=\"color: #ff0000;\"><br \/>\n\u25aa <\/span>Durata de rulare pe rezervor: 9.3 min<span style=\"color: #ff0000;\"><br \/>\n\u25aa <\/span>Acoperire per rezervor: 236 m2<span style=\"color: #ff0000;\"><br \/>\n\u25aa <\/span>Rezervoare per incarcare: 25.8<\/p>\n<p><span style=\"color: #339966;\"><strong>SETARE DUZA 3<\/strong><\/span><br \/>\n<span style=\"color: #ff0000;\">\u25aa <\/span>Forma duzei: 120\u00b0 Ventil<span style=\"color: #ff0000;\"><br \/>\n\u25aa <\/span>Dimensiunea particulelor: 110 microni<span style=\"color: #ff0000;\"><br \/>\n\u25aa <\/span>Debit: 0.3 l \/min<span style=\"color: #ff0000;\"><br \/>\n\u25aa <\/span>Durata de rulare pe rezervor: 3.33 min<span style=\"color: #ff0000;\"><br \/>\n\u25aa <\/span>Acoperire per rezervor: 158 m2<span style=\"color: #ff0000;\"><br \/>\n\u25aa <\/span>Rezervoare per incarcare: 72.1<\/p>","protected":false},"excerpt":{"rendered":"<h5>Pulverizator electrostatic profesional, fara fir, ideal pentru dezinfectarea, igienizarea, eliminarea mirosului si decontaminare.<\/h5>","protected":false},"featured_media":3284,"comment_status":"open","ping_status":"closed","template":"","meta":{"inline_featured_image":false},"product_cat":[102],"product_tag":[],"class_list":{"0":"post-2833","1":"product","2":"type-product","3":"status-publish","4":"has-post-thumbnail","6":"product_cat-aparate-pentru-dezinfectie","8":"first","9":"instock","10":"shipping-taxable","11":"product-type-simple"},"yoast_head":"<!-- This site is optimized with the Yoast SEO Premium plugin v23.7 (Yoast SEO v23.7) - https:\/\/yoast.com\/wordpress\/plugins\/seo\/ -->\n<title>Victory-Handheld | Medixfarm<\/title>\n<meta name=\"description\" content=\"Pulverizator electrostatic profesional, fara fir, ideal pentru dezinfectarea, igienizarea, eliminarea mirosului si decontaminare.\" \/>\n<meta name=\"robots\" content=\"index, follow, max-snippet:-1, max-image-preview:large, max-video-preview:-1\" \/>\n<link rel=\"canonical\" href=\"https:\/\/www.medixfarm.ro\/en\/product\/victory-handheld\/\" \/>\n<meta property=\"og:locale\" content=\"en_US\" \/>\n<meta property=\"og:type\" content=\"article\" \/>\n<meta property=\"og:title\" content=\"Victory-Handheld\" \/>\n<meta property=\"og:description\" content=\"Pulverizator electrostatic profesional, fara fir, ideal pentru dezinfectarea, igienizarea, eliminarea mirosului si decontaminare.\" \/>\n<meta property=\"og:url\" content=\"https:\/\/www.medixfarm.ro\/en\/product\/victory-handheld\/\" \/>\n<meta property=\"og:site_name\" content=\"Medixfarm\" \/>\n<meta property=\"article:modified_time\" content=\"2024-10-17T06:55:16+00:00\" \/>\n<meta property=\"og:image\" content=\"https:\/\/www.medixfarm.ro\/wp-content\/uploads\/2020\/11\/OIP.jpg\" \/>\n\t<meta property=\"og:image:width\" content=\"474\" \/>\n\t<meta property=\"og:image:height\" content=\"314\" \/>\n\t<meta property=\"og:image:type\" content=\"image\/jpeg\" \/>\n<meta name=\"twitter:card\" content=\"summary_large_image\" \/>\n<meta name=\"twitter:label1\" content=\"Est. reading time\" \/>\n\t<meta name=\"twitter:data1\" content=\"2 minutes\" \/>\n<script type=\"application\/ld+json\" class=\"yoast-schema-graph\">{\"@context\":\"https:\/\/schema.org\",\"@graph\":[{\"@type\":\"WebPage\",\"@id\":\"https:\/\/www.medixfarm.ro\/product\/victory-handheld\/\",\"url\":\"https:\/\/www.medixfarm.ro\/product\/victory-handheld\/\",\"name\":\"Victory-Handheld | Medixfarm\",\"isPartOf\":{\"@id\":\"https:\/\/www.medixfarm.ro\/#website\"},\"primaryImageOfPage\":{\"@id\":\"https:\/\/www.medixfarm.ro\/product\/victory-handheld\/#primaryimage\"},\"image\":{\"@id\":\"https:\/\/www.medixfarm.ro\/product\/victory-handheld\/#primaryimage\"},\"thumbnailUrl\":\"https:\/\/www.medixfarm.ro\/wp-content\/uploads\/2020\/11\/OIP.jpg\",\"datePublished\":\"2020-11-26T09:41:56+00:00\",\"dateModified\":\"2024-10-17T06:55:16+00:00\",\"description\":\"Pulverizator electrostatic profesional, fara fir, ideal pentru dezinfectarea, igienizarea, eliminarea mirosului si decontaminare.\",\"breadcrumb\":{\"@id\":\"https:\/\/www.medixfarm.ro\/product\/victory-handheld\/#breadcrumb\"},\"inLanguage\":\"en-US\",\"potentialAction\":[{\"@type\":\"ReadAction\",\"target\":[\"https:\/\/www.medixfarm.ro\/product\/victory-handheld\/\"]}]},{\"@type\":\"ImageObject\",\"inLanguage\":\"en-US\",\"@id\":\"https:\/\/www.medixfarm.ro\/product\/victory-handheld\/#primaryimage\",\"url\":\"https:\/\/www.medixfarm.ro\/wp-content\/uploads\/2020\/11\/OIP.jpg\",\"contentUrl\":\"https:\/\/www.medixfarm.ro\/wp-content\/uploads\/2020\/11\/OIP.jpg\",\"width\":474,\"height\":314,\"caption\":\"Victory-Handheld\"},{\"@type\":\"BreadcrumbList\",\"@id\":\"https:\/\/www.medixfarm.ro\/product\/victory-handheld\/#breadcrumb\",\"itemListElement\":[{\"@type\":\"ListItem\",\"position\":1,\"name\":\"Home\",\"item\":\"https:\/\/www.medixfarm.ro\/\"},{\"@type\":\"ListItem\",\"position\":2,\"name\":\"Produse\",\"item\":\"https:\/\/www.medixfarm.ro\/shop\/\"},{\"@type\":\"ListItem\",\"position\":3,\"name\":\"Victory-Handheld\"}]},{\"@type\":\"WebSite\",\"@id\":\"https:\/\/www.medixfarm.ro\/#website\",\"url\":\"https:\/\/www.medixfarm.ro\/\",\"name\":\"Medixfarm\",\"description\":\"Medixfarm\",\"publisher\":{\"@id\":\"https:\/\/www.medixfarm.ro\/#organization\"},\"potentialAction\":[{\"@type\":\"SearchAction\",\"target\":{\"@type\":\"EntryPoint\",\"urlTemplate\":\"https:\/\/www.medixfarm.ro\/?s={search_term_string}\"},\"query-input\":{\"@type\":\"PropertyValueSpecification\",\"valueRequired\":true,\"valueName\":\"search_term_string\"}}],\"inLanguage\":\"en-US\"},{\"@type\":\"Organization\",\"@id\":\"https:\/\/www.medixfarm.ro\/#organization\",\"name\":\"Medixfarm Tehnoplus SRL\",\"url\":\"https:\/\/www.medixfarm.ro\/\",\"logo\":{\"@type\":\"ImageObject\",\"inLanguage\":\"en-US\",\"@id\":\"https:\/\/www.medixfarm.ro\/#\/schema\/logo\/image\/\",\"url\":\"https:\/\/www.medixfarm.ro\/wp-content\/uploads\/2023\/11\/Medxfarm-Tehnoplus-FINAL-curbe-c9.png\",\"contentUrl\":\"https:\/\/www.medixfarm.ro\/wp-content\/uploads\/2023\/11\/Medxfarm-Tehnoplus-FINAL-curbe-c9.png\",\"width\":3508,\"height\":1182,\"caption\":\"Medixfarm Tehnoplus SRL\"},\"image\":{\"@id\":\"https:\/\/www.medixfarm.ro\/#\/schema\/logo\/image\/\"}}]}<\/script>\n<!-- \/ Yoast SEO Premium plugin. -->","yoast_head_json":{"title":"Victory-Handheld | Medixfarm","description":"Pulverizator electrostatic profesional, fara fir, ideal pentru dezinfectarea, igienizarea, eliminarea mirosului si decontaminare.","robots":{"index":"index","follow":"follow","max-snippet":"max-snippet:-1","max-image-preview":"max-image-preview:large","max-video-preview":"max-video-preview:-1"},"canonical":"https:\/\/www.medixfarm.ro\/en\/product\/victory-handheld\/","og_locale":"en_US","og_type":"article","og_title":"Victory-Handheld","og_description":"Pulverizator electrostatic profesional, fara fir, ideal pentru dezinfectarea, igienizarea, eliminarea mirosului si decontaminare.","og_url":"https:\/\/www.medixfarm.ro\/en\/product\/victory-handheld\/","og_site_name":"Medixfarm","article_modified_time":"2024-10-17T06:55:16+00:00","og_image":[{"width":474,"height":314,"url":"https:\/\/www.medixfarm.ro\/wp-content\/uploads\/2020\/11\/OIP.jpg","type":"image\/jpeg"}],"twitter_card":"summary_large_image","twitter_misc":{"Est. reading time":"2 minutes"},"schema":{"@context":"https:\/\/schema.org","@graph":[{"@type":"WebPage","@id":"https:\/\/www.medixfarm.ro\/product\/victory-handheld\/","url":"https:\/\/www.medixfarm.ro\/product\/victory-handheld\/","name":"Victory-Handheld | Medixfarm","isPartOf":{"@id":"https:\/\/www.medixfarm.ro\/#website"},"primaryImageOfPage":{"@id":"https:\/\/www.medixfarm.ro\/product\/victory-handheld\/#primaryimage"},"image":{"@id":"https:\/\/www.medixfarm.ro\/product\/victory-handheld\/#primaryimage"},"thumbnailUrl":"https:\/\/www.medixfarm.ro\/wp-content\/uploads\/2020\/11\/OIP.jpg","datePublished":"2020-11-26T09:41:56+00:00","dateModified":"2024-10-17T06:55:16+00:00","description":"Pulverizator electrostatic profesional, fara fir, ideal pentru dezinfectarea, igienizarea, eliminarea mirosului si decontaminare.","breadcrumb":{"@id":"https:\/\/www.medixfarm.ro\/product\/victory-handheld\/#breadcrumb"},"inLanguage":"en-US","potentialAction":[{"@type":"ReadAction","target":["https:\/\/www.medixfarm.ro\/product\/victory-handheld\/"]}]},{"@type":"ImageObject","inLanguage":"en-US","@id":"https:\/\/www.medixfarm.ro\/product\/victory-handheld\/#primaryimage","url":"https:\/\/www.medixfarm.ro\/wp-content\/uploads\/2020\/11\/OIP.jpg","contentUrl":"https:\/\/www.medixfarm.ro\/wp-content\/uploads\/2020\/11\/OIP.jpg","width":474,"height":314,"caption":"Victory-Handheld"},{"@type":"BreadcrumbList","@id":"https:\/\/www.medixfarm.ro\/product\/victory-handheld\/#breadcrumb","itemListElement":[{"@type":"ListItem","position":1,"name":"Home","item":"https:\/\/www.medixfarm.ro\/"},{"@type":"ListItem","position":2,"name":"Produse","item":"https:\/\/www.medixfarm.ro\/shop\/"},{"@type":"ListItem","position":3,"name":"Victory-Handheld"}]},{"@type":"WebSite","@id":"https:\/\/www.medixfarm.ro\/#website","url":"https:\/\/www.medixfarm.ro\/","name":"Medixfarm","description":"Medixfarm","publisher":{"@id":"https:\/\/www.medixfarm.ro\/#organization"},"potentialAction":[{"@type":"SearchAction","target":{"@type":"EntryPoint","urlTemplate":"https:\/\/www.medixfarm.ro\/?s={search_term_string}"},"query-input":{"@type":"PropertyValueSpecification","valueRequired":true,"valueName":"search_term_string"}}],"inLanguage":"en-US"},{"@type":"Organization","@id":"https:\/\/www.medixfarm.ro\/#organization","name":"Medixfarm Tehnoplus SRL","url":"https:\/\/www.medixfarm.ro\/","logo":{"@type":"ImageObject","inLanguage":"en-US","@id":"https:\/\/www.medixfarm.ro\/#\/schema\/logo\/image\/","url":"https:\/\/www.medixfarm.ro\/wp-content\/uploads\/2023\/11\/Medxfarm-Tehnoplus-FINAL-curbe-c9.png","contentUrl":"https:\/\/www.medixfarm.ro\/wp-content\/uploads\/2023\/11\/Medxfarm-Tehnoplus-FINAL-curbe-c9.png","width":3508,"height":1182,"caption":"Medixfarm Tehnoplus SRL"},"image":{"@id":"https:\/\/www.medixfarm.ro\/#\/schema\/logo\/image\/"}}]}},"_links":{"self":[{"href":"https:\/\/www.medixfarm.ro\/en\/wp-json\/wp\/v2\/product\/2833"}],"collection":[{"href":"https:\/\/www.medixfarm.ro\/en\/wp-json\/wp\/v2\/product"}],"about":[{"href":"https:\/\/www.medixfarm.ro\/en\/wp-json\/wp\/v2\/types\/product"}],"replies":[{"embeddable":true,"href":"https:\/\/www.medixfarm.ro\/en\/wp-json\/wp\/v2\/comments?post=2833"}],"wp:featuredmedia":[{"embeddable":true,"href":"https:\/\/www.medixfarm.ro\/en\/wp-json\/wp\/v2\/media\/3284"}],"wp:attachment":[{"href":"https:\/\/www.medixfarm.ro\/en\/wp-json\/wp\/v2\/media?parent=2833"}],"wp:term":[{"taxonomy":"product_cat","embeddable":true,"href":"https:\/\/www.medixfarm.ro\/en\/wp-json\/wp\/v2\/product_cat?post=2833"},{"taxonomy":"product_tag","embeddable":true,"href":"https:\/\/www.medixfarm.ro\/en\/wp-json\/wp\/v2\/product_tag?post=2833"}],"curies":[{"name":"wp","href":"https:\/\/api.w.org\/{rel}","templated":true}]}}