{"id":2999,"date":"2022-05-03T14:35:23","date_gmt":"2022-05-03T14:35:23","guid":{"rendered":"https:\/\/www.medixfarm.ro\/?post_type=product&#038;p=2999"},"modified":"2025-09-10T18:59:53","modified_gmt":"2025-09-10T18:59:53","slug":"biopsafe","status":"publish","type":"product","link":"https:\/\/www.medixfarm.ro\/en\/product\/biopsafe\/","title":{"rendered":"Biopsafe"},"content":{"rendered":"<h3>Biopsafe<\/h3>\n<h5>Recipient cu solu\u021bie de formaldehid\u0103 incapsulata in capac, pentru recoltarea, conservarea \u0219i transportul biopsiilor.<\/h5>\n<p><strong><span style=\"color: #339966;\">REZOLVAREA UNEI PROBLEME PENTRU PERSONALUL MEDICAL DIN INTREAGA LUME:<\/span><\/strong><br \/>\n<strong><span style=\"color: #ff0000;\">\u25aa <\/span><\/strong>\u00cen fiecare zi se manipuleaz\u0103 milioane de biopsii \u00een spitale \u0219i clinici. Acest proces implic\u0103 \u00een general utilizarea formolului, care prezint\u0103 un risc grav pentru s\u0103n\u0103tate.<br \/>\n<strong><span style=\"color: #ff0000;\">\u25aa <\/span><\/strong>BiopSafe este o metod\u0103 nou\u0103 \u0219i revolu\u021bionar\u0103 de manipulare a biopsiilor care ajut\u0103 la protejarea personalului medical din \u00eentreaga lume.<br \/>\n<strong><span style=\"color: #ff0000;\">\u25aa <\/span><\/strong>Flaconul BiopSafe asigur\u0103 o manipulare sigur\u0103 a formolului cu o simpl\u0103 mi\u0219care de atingere cu degetul mare.<\/p>\n<p><span style=\"color: #339966;\"><b>FORMALDEHIDA:<br \/>\n<\/b><\/span><strong><span style=\"color: #ff0000;\">\u25aa <\/span><\/strong>Este un carcinogen uman cunoscut, care afecteaz\u0103 s\u0103n\u0103tatea \u00een multe moduri negative, fie c\u00e2nd o persoan\u0103 este expus\u0103 direct, fie prin inhalare.<br \/>\n<strong><span style=\"color: #ff0000;\">\u25aa <\/span><\/strong>S-a demonstrat c\u0103 expunerea pe termen lung la formaldehid\u0103 este asociat\u0103 cu un risc crescut de cancer la nas, cancer nazofaringian \u0219i pulmonar.<br \/>\n<strong><span style=\"color: #ff0000;\">\u25aa <\/span><\/strong>Expunerea pe termen scurt poate provoca, de asemenea, riscuri grave pentru s\u0103n\u0103tate:<br \/>\n<strong><span style=\"color: #ff0000;\">\u00a0 \u00a0 \u00a0 \u00a0 \u00a0 \u25aa <\/span><\/strong>Inhalare: Expunerea crescut\u0103 la formaldehid\u0103 poate provoca reac\u021bii pulmonare grav la\u00a0 \u00a0 \u00a0 \u00a0 \u00a0 \u00a0 \u00a0 \u00a0 \u00a0 \u00a0 \u00a0 \u00a0 \u00a0 \u00a0 \u00a0 \u00a0 nivelul c\u0103ilor respiratorii superioare<br \/>\n<strong><span style=\"color: #ff0000;\">\u00a0 \u00a0 \u00a0 \u00a0 \u00a0 \u25aa <\/span><\/strong>Ochi: Irita\u021bie care duce la ro\u0219ea\u021b\u0103, m\u00e2nc\u0103rime, arsuri \u0219i senza\u021bie de sf\u00e2\u0219iere<br \/>\n<strong><span style=\"color: #ff0000;\">\u00a0 \u00a0 \u00a0 \u00a0 \u00a0 \u25aa <\/span><\/strong>Piele: Reac\u021bie alergic\u0103 \u0219i dermatit\u0103, experimentat\u0103 de mul\u021bi dintre cei care lucreaz\u0103 cu\u00a0 \u00a0 \u00a0 \u00a0 \u00a0 \u00a0 \u00a0 \u00a0 \u00a0 \u00a0 \u00a0 \u00a0 \u00a0 \u00a0 \u00a0 \u00a0 \u00a0 formaldehida.<br \/>\n<strong><span style=\"color: #ff0000;\">\u25aa <\/span><\/strong>Prin urmare, este esen\u021bial s\u0103 manipula\u021bi formolul cu grij\u0103 \u0219i aten\u021bie pentru a asigura un mediu de lucru sigur.<\/p>\n<p><span style=\"color: #339966;\"><strong>O PROBLEMA FRECVENTA DIN SPITALE SI CLINICI &#8211; CUM SA SE FIXEZE BIOPSIA IN FORMOL, EVITAND EXPUNEREA LA SCURGERI SI VAPORI:\u00a0<\/strong><\/span><br \/>\n<strong><span style=\"color: #ff0000;\">\u25aa <\/span><\/strong>Aceast\u0103 problem\u0103 este rezolvat\u0103 cu BiopSafe &#8211; un recipient mic cu formol \u00eencapsulat \u00een capac.<br \/>\n<strong><span style=\"color: #ff0000;\">\u25aa <\/span><\/strong>Cu o ap\u0103sare u\u0219oar\u0103 a degetului mare, formolul este eliberat \u00eentr-un sistem \u00eenchis care acoper\u0103 biopsia.<br \/>\n<strong><span style=\"color: #ff0000;\">\u25aa <\/span><\/strong>Totul este manipulat \u00eentr-un sistem \u00eenchis ermetic, f\u0103r\u0103 scurgeri sau vapori care s\u0103 ias\u0103 din flacon.<strong><span style=\"color: #ff0000;\"><br \/>\n<\/span><\/strong><strong><span style=\"color: #ff0000;\">\u25aa <\/span><\/strong>Rezultatul este c\u0103 nimeni din personal nu este expus la con\u021binutul sub form\u0103 lichid\u0103 sau de vapori.<\/p>\n<p><span style=\"color: #339966;\"><strong>METODA SIGURA SI RAPIDA:<\/strong><\/span><br \/>\n<strong><span style=\"color: #ff0000;\">\u25aa\u00a0<\/span><\/strong>BiopSafe este \u00eentotdeauna la \u00eendem\u00e2n\u0103 \u0219i dureaz\u0103 doar c\u00e2teva secunde pentru a plasa biopsia \u00een flacon \u0219i pentru a ap\u0103sa pentru a ad\u0103uga formolul.<br \/>\n<strong><span style=\"color: #ff0000;\">\u25aa\u00a0<\/span><\/strong>Manipulare sigur\u0103 a biopsiei \u00een doar 6 etape simple.<br \/>\n<strong><span style=\"color: #ff0000;\">\u25aa\u00a0<\/span><\/strong>Dureaz\u0103 doar c\u00e2teva secunde p\u00e2n\u0103 c\u00e2nd biopsia este acoperit\u0103 \u00een siguran\u021b\u0103 cu formol \u0219i este gata de transport.<br \/>\n<strong><span style=\"color: #ff0000;\">\u25aa\u00a0<\/span><\/strong>Aceast\u0103 manipulare simpl\u0103 economise\u0219te timp \u0219i \u00eei ajut\u0103 pe medici \u0219i pe asistente s\u0103 se poat\u0103 concentra asupra altor aspecte importante.<br \/>\n<strong><span style=\"color: #ff0000;\">\u25aa\u00a0<\/span><\/strong>\u00cen acela\u0219i timp, asigur\u0103 transportul la laborator, sigur \u0219i u\u0219or.<\/p>\n<p><a href=\"https:\/\/www.medixfarm.ro\/en\/?attachment_id=3002\/\" rel=\"attachment wp-att-3002\"><img loading=\"lazy\" decoding=\"async\" class=\"aligncenter wp-image-3002\" src=\"https:\/\/www.medixfarm.ro\/wp-content\/uploads\/2022\/05\/BiopSafe-A4-print-300x208.jpg\" alt=\"\" width=\"368\" height=\"255\" srcset=\"https:\/\/www.medixfarm.ro\/wp-content\/uploads\/2022\/05\/BiopSafe-A4-print-300x208.jpg 300w, https:\/\/www.medixfarm.ro\/wp-content\/uploads\/2022\/05\/BiopSafe-A4-print-1024x709.jpg 1024w, https:\/\/www.medixfarm.ro\/wp-content\/uploads\/2022\/05\/BiopSafe-A4-print-768x532.jpg 768w, https:\/\/www.medixfarm.ro\/wp-content\/uploads\/2022\/05\/BiopSafe-A4-print-1536x1064.jpg 1536w, https:\/\/www.medixfarm.ro\/wp-content\/uploads\/2022\/05\/BiopSafe-A4-print-18x12.jpg 18w, https:\/\/www.medixfarm.ro\/wp-content\/uploads\/2022\/05\/BiopSafe-A4-print-500x346.jpg 500w, https:\/\/www.medixfarm.ro\/wp-content\/uploads\/2022\/05\/BiopSafe-A4-print-800x554.jpg 800w, https:\/\/www.medixfarm.ro\/wp-content\/uploads\/2022\/05\/BiopSafe-A4-print-1280x886.jpg 1280w, https:\/\/www.medixfarm.ro\/wp-content\/uploads\/2022\/05\/BiopSafe-A4-print-1920x1330.jpg 1920w, https:\/\/www.medixfarm.ro\/wp-content\/uploads\/2022\/05\/BiopSafe-A4-print-600x415.jpg 600w, https:\/\/www.medixfarm.ro\/wp-content\/uploads\/2022\/05\/BiopSafe-A4-print.jpg 2026w\" sizes=\"(max-width: 368px) 100vw, 368px\" \/><\/a><\/p>\n<p><span style=\"color: #339966;\"><strong>*<\/strong> <\/span>Conform regulamentului (CE) nr. 1272\/2008 (ultima versiune 14 noiembrie 2020) al parlamentului \u0219i consiliului european, formaldehida este declarat\u0103 carcinogen\u0103 clasa 1b \u0219i mutagen\u0103 clasa 2.<span style=\"color: #339966;\"><strong><br \/>\n* <\/strong><\/span>Conform directivei 2004\/37\/CE (ultima versiune 26 iulie 2019) a parlamentului \u0219i consiliului european, angajatorul se asigur\u0103 c\u0103 substan\u021bele carcinogene sau mutagene sunt fabricate \u0219i utilizate \u00eentr-un sistem \u00eenchis, \u00een m\u0103sura \u00een care tehnic este posibil.<span style=\"color: #339966;\"><strong><br \/>\n* <\/strong><\/span>BiopSafe respect\u0103 regulamentul UE privind clasificarea, etichetarea \u0219i ambalarea substan\u021belor \u0219i amestecurilor din 01 ianuarie 2016.<br \/>\n<span style=\"color: #339966;\"><strong>* <\/strong><\/span>BiopSafe este marcat CE \u0219i este \u00een conformitatecu regulamentul IVDR.<\/p>\n<p>&nbsp;<\/p>\n<a href=\"https:\/\/www.medixfarm.ro\/wp-content\/uploads\/2022\/05\/Biopsafe-RO.pdf\" class=\"pdfemb-viewer\" style=\"width:600px;height:800px;\" data-width=\"600\" data-height=\"800\" data-toolbar=\"bottom\" data-toolbar-fixed=\"off\">Biopsafe RO<\/a>","protected":false},"excerpt":{"rendered":"<p><strong><span style=\"color: #ff0000;\">\u25aa\u00a0<\/span><\/strong>Formol \u00eencapsulat \u00een capac<br \/>\n<strong><span style=\"color: #ff0000;\">\u25aa\u00a0<\/span><\/strong>Ap\u0103sare u\u0219oar\u0103 cu degetul mare pentru a ac\u021biona<br \/>\n<strong><span style=\"color: #ff0000;\">\u25aa\u00a0<\/span><\/strong>Personalul nu este expus<\/p>\n<p>&nbsp;<\/p>\n<p>Produsul se comercializeaza in 2 variante: 20ml si 60ml<\/p>","protected":false},"featured_media":2992,"comment_status":"open","ping_status":"closed","template":"","meta":{"inline_featured_image":false},"product_cat":[104],"product_tag":[105,106,107,108,109],"class_list":{"0":"post-2999","1":"product","2":"type-product","3":"status-publish","4":"has-post-thumbnail","6":"product_cat-recoltare-biopsii-biopsafe","7":"product_tag-biopsie","8":"product_tag-formol","9":"product_tag-incapsulat","10":"product_tag-biopsafe","11":"product_tag-formaldehida","13":"first","14":"instock","15":"shipping-taxable","16":"product-type-simple"},"yoast_head":"<!-- This site is optimized with the Yoast SEO Premium plugin v23.7 (Yoast SEO v23.7) - https:\/\/yoast.com\/wordpress\/plugins\/seo\/ -->\n<title>Biopsafe | Medixfarm<\/title>\n<meta name=\"description\" content=\"Recipient cu solu\u021bie de formaldehid\u0103 incapsulata in capac, pentru recoltarea, conservarea \u0219i transportul biopsiilor.\" \/>\n<meta name=\"robots\" content=\"index, follow, max-snippet:-1, max-image-preview:large, max-video-preview:-1\" \/>\n<link rel=\"canonical\" href=\"https:\/\/www.medixfarm.ro\/en\/product\/biopsafe\/\" \/>\n<meta property=\"og:locale\" content=\"en_US\" \/>\n<meta property=\"og:type\" content=\"article\" \/>\n<meta property=\"og:title\" content=\"Biopsafe\" \/>\n<meta property=\"og:description\" content=\"Recipient cu solu\u021bie de formaldehid\u0103 incapsulata in capac, pentru recoltarea, conservarea \u0219i transportul biopsiilor.\" \/>\n<meta property=\"og:url\" content=\"https:\/\/www.medixfarm.ro\/en\/product\/biopsafe\/\" \/>\n<meta property=\"og:site_name\" content=\"Medixfarm\" \/>\n<meta property=\"article:modified_time\" content=\"2025-09-10T18:59:53+00:00\" \/>\n<meta property=\"og:image\" content=\"https:\/\/www.medixfarm.ro\/wp-content\/uploads\/2022\/02\/BiopSafe_d-e1509537282226.jpg\" \/>\n\t<meta property=\"og:image:width\" content=\"1200\" \/>\n\t<meta property=\"og:image:height\" content=\"1200\" \/>\n\t<meta property=\"og:image:type\" content=\"image\/jpeg\" \/>\n<meta name=\"twitter:card\" content=\"summary_large_image\" \/>\n<meta name=\"twitter:label1\" content=\"Est. reading time\" \/>\n\t<meta name=\"twitter:data1\" content=\"3 minutes\" \/>\n<script type=\"application\/ld+json\" class=\"yoast-schema-graph\">{\"@context\":\"https:\/\/schema.org\",\"@graph\":[{\"@type\":\"WebPage\",\"@id\":\"https:\/\/www.medixfarm.ro\/product\/biopsafe\/\",\"url\":\"https:\/\/www.medixfarm.ro\/product\/biopsafe\/\",\"name\":\"Biopsafe | Medixfarm\",\"isPartOf\":{\"@id\":\"https:\/\/www.medixfarm.ro\/#website\"},\"primaryImageOfPage\":{\"@id\":\"https:\/\/www.medixfarm.ro\/product\/biopsafe\/#primaryimage\"},\"image\":{\"@id\":\"https:\/\/www.medixfarm.ro\/product\/biopsafe\/#primaryimage\"},\"thumbnailUrl\":\"https:\/\/www.medixfarm.ro\/wp-content\/uploads\/2022\/02\/BiopSafe_d-e1509537282226.jpg\",\"datePublished\":\"2022-05-03T14:35:23+00:00\",\"dateModified\":\"2025-09-10T18:59:53+00:00\",\"description\":\"Recipient cu solu\u021bie de formaldehid\u0103 incapsulata in capac, pentru recoltarea, conservarea \u0219i transportul biopsiilor.\",\"breadcrumb\":{\"@id\":\"https:\/\/www.medixfarm.ro\/product\/biopsafe\/#breadcrumb\"},\"inLanguage\":\"en-US\",\"potentialAction\":[{\"@type\":\"ReadAction\",\"target\":[\"https:\/\/www.medixfarm.ro\/product\/biopsafe\/\"]}]},{\"@type\":\"ImageObject\",\"inLanguage\":\"en-US\",\"@id\":\"https:\/\/www.medixfarm.ro\/product\/biopsafe\/#primaryimage\",\"url\":\"https:\/\/www.medixfarm.ro\/wp-content\/uploads\/2022\/02\/BiopSafe_d-e1509537282226.jpg\",\"contentUrl\":\"https:\/\/www.medixfarm.ro\/wp-content\/uploads\/2022\/02\/BiopSafe_d-e1509537282226.jpg\",\"width\":1200,\"height\":1200},{\"@type\":\"BreadcrumbList\",\"@id\":\"https:\/\/www.medixfarm.ro\/product\/biopsafe\/#breadcrumb\",\"itemListElement\":[{\"@type\":\"ListItem\",\"position\":1,\"name\":\"Home\",\"item\":\"https:\/\/www.medixfarm.ro\/\"},{\"@type\":\"ListItem\",\"position\":2,\"name\":\"Produse\",\"item\":\"https:\/\/www.medixfarm.ro\/shop\/\"},{\"@type\":\"ListItem\",\"position\":3,\"name\":\"Biopsafe\"}]},{\"@type\":\"WebSite\",\"@id\":\"https:\/\/www.medixfarm.ro\/#website\",\"url\":\"https:\/\/www.medixfarm.ro\/\",\"name\":\"Medixfarm\",\"description\":\"Medixfarm\",\"publisher\":{\"@id\":\"https:\/\/www.medixfarm.ro\/#organization\"},\"potentialAction\":[{\"@type\":\"SearchAction\",\"target\":{\"@type\":\"EntryPoint\",\"urlTemplate\":\"https:\/\/www.medixfarm.ro\/?s={search_term_string}\"},\"query-input\":{\"@type\":\"PropertyValueSpecification\",\"valueRequired\":true,\"valueName\":\"search_term_string\"}}],\"inLanguage\":\"en-US\"},{\"@type\":\"Organization\",\"@id\":\"https:\/\/www.medixfarm.ro\/#organization\",\"name\":\"Medixfarm Tehnoplus SRL\",\"url\":\"https:\/\/www.medixfarm.ro\/\",\"logo\":{\"@type\":\"ImageObject\",\"inLanguage\":\"en-US\",\"@id\":\"https:\/\/www.medixfarm.ro\/#\/schema\/logo\/image\/\",\"url\":\"https:\/\/www.medixfarm.ro\/wp-content\/uploads\/2023\/11\/Medxfarm-Tehnoplus-FINAL-curbe-c9.png\",\"contentUrl\":\"https:\/\/www.medixfarm.ro\/wp-content\/uploads\/2023\/11\/Medxfarm-Tehnoplus-FINAL-curbe-c9.png\",\"width\":3508,\"height\":1182,\"caption\":\"Medixfarm Tehnoplus SRL\"},\"image\":{\"@id\":\"https:\/\/www.medixfarm.ro\/#\/schema\/logo\/image\/\"}}]}<\/script>\n<!-- \/ Yoast SEO Premium plugin. -->","yoast_head_json":{"title":"Biopsafe | Medixfarm","description":"Recipient cu solu\u021bie de formaldehid\u0103 incapsulata in capac, pentru recoltarea, conservarea \u0219i transportul biopsiilor.","robots":{"index":"index","follow":"follow","max-snippet":"max-snippet:-1","max-image-preview":"max-image-preview:large","max-video-preview":"max-video-preview:-1"},"canonical":"https:\/\/www.medixfarm.ro\/en\/product\/biopsafe\/","og_locale":"en_US","og_type":"article","og_title":"Biopsafe","og_description":"Recipient cu solu\u021bie de formaldehid\u0103 incapsulata in capac, pentru recoltarea, conservarea \u0219i transportul biopsiilor.","og_url":"https:\/\/www.medixfarm.ro\/en\/product\/biopsafe\/","og_site_name":"Medixfarm","article_modified_time":"2025-09-10T18:59:53+00:00","og_image":[{"width":1200,"height":1200,"url":"https:\/\/www.medixfarm.ro\/wp-content\/uploads\/2022\/02\/BiopSafe_d-e1509537282226.jpg","type":"image\/jpeg"}],"twitter_card":"summary_large_image","twitter_misc":{"Est. reading time":"3 minutes"},"schema":{"@context":"https:\/\/schema.org","@graph":[{"@type":"WebPage","@id":"https:\/\/www.medixfarm.ro\/product\/biopsafe\/","url":"https:\/\/www.medixfarm.ro\/product\/biopsafe\/","name":"Biopsafe | Medixfarm","isPartOf":{"@id":"https:\/\/www.medixfarm.ro\/#website"},"primaryImageOfPage":{"@id":"https:\/\/www.medixfarm.ro\/product\/biopsafe\/#primaryimage"},"image":{"@id":"https:\/\/www.medixfarm.ro\/product\/biopsafe\/#primaryimage"},"thumbnailUrl":"https:\/\/www.medixfarm.ro\/wp-content\/uploads\/2022\/02\/BiopSafe_d-e1509537282226.jpg","datePublished":"2022-05-03T14:35:23+00:00","dateModified":"2025-09-10T18:59:53+00:00","description":"Recipient cu solu\u021bie de formaldehid\u0103 incapsulata in capac, pentru recoltarea, conservarea \u0219i transportul biopsiilor.","breadcrumb":{"@id":"https:\/\/www.medixfarm.ro\/product\/biopsafe\/#breadcrumb"},"inLanguage":"en-US","potentialAction":[{"@type":"ReadAction","target":["https:\/\/www.medixfarm.ro\/product\/biopsafe\/"]}]},{"@type":"ImageObject","inLanguage":"en-US","@id":"https:\/\/www.medixfarm.ro\/product\/biopsafe\/#primaryimage","url":"https:\/\/www.medixfarm.ro\/wp-content\/uploads\/2022\/02\/BiopSafe_d-e1509537282226.jpg","contentUrl":"https:\/\/www.medixfarm.ro\/wp-content\/uploads\/2022\/02\/BiopSafe_d-e1509537282226.jpg","width":1200,"height":1200},{"@type":"BreadcrumbList","@id":"https:\/\/www.medixfarm.ro\/product\/biopsafe\/#breadcrumb","itemListElement":[{"@type":"ListItem","position":1,"name":"Home","item":"https:\/\/www.medixfarm.ro\/"},{"@type":"ListItem","position":2,"name":"Produse","item":"https:\/\/www.medixfarm.ro\/shop\/"},{"@type":"ListItem","position":3,"name":"Biopsafe"}]},{"@type":"WebSite","@id":"https:\/\/www.medixfarm.ro\/#website","url":"https:\/\/www.medixfarm.ro\/","name":"Medixfarm","description":"Medixfarm","publisher":{"@id":"https:\/\/www.medixfarm.ro\/#organization"},"potentialAction":[{"@type":"SearchAction","target":{"@type":"EntryPoint","urlTemplate":"https:\/\/www.medixfarm.ro\/?s={search_term_string}"},"query-input":{"@type":"PropertyValueSpecification","valueRequired":true,"valueName":"search_term_string"}}],"inLanguage":"en-US"},{"@type":"Organization","@id":"https:\/\/www.medixfarm.ro\/#organization","name":"Medixfarm Tehnoplus SRL","url":"https:\/\/www.medixfarm.ro\/","logo":{"@type":"ImageObject","inLanguage":"en-US","@id":"https:\/\/www.medixfarm.ro\/#\/schema\/logo\/image\/","url":"https:\/\/www.medixfarm.ro\/wp-content\/uploads\/2023\/11\/Medxfarm-Tehnoplus-FINAL-curbe-c9.png","contentUrl":"https:\/\/www.medixfarm.ro\/wp-content\/uploads\/2023\/11\/Medxfarm-Tehnoplus-FINAL-curbe-c9.png","width":3508,"height":1182,"caption":"Medixfarm Tehnoplus SRL"},"image":{"@id":"https:\/\/www.medixfarm.ro\/#\/schema\/logo\/image\/"}}]}},"_links":{"self":[{"href":"https:\/\/www.medixfarm.ro\/en\/wp-json\/wp\/v2\/product\/2999"}],"collection":[{"href":"https:\/\/www.medixfarm.ro\/en\/wp-json\/wp\/v2\/product"}],"about":[{"href":"https:\/\/www.medixfarm.ro\/en\/wp-json\/wp\/v2\/types\/product"}],"replies":[{"embeddable":true,"href":"https:\/\/www.medixfarm.ro\/en\/wp-json\/wp\/v2\/comments?post=2999"}],"wp:featuredmedia":[{"embeddable":true,"href":"https:\/\/www.medixfarm.ro\/en\/wp-json\/wp\/v2\/media\/2992"}],"wp:attachment":[{"href":"https:\/\/www.medixfarm.ro\/en\/wp-json\/wp\/v2\/media?parent=2999"}],"wp:term":[{"taxonomy":"product_cat","embeddable":true,"href":"https:\/\/www.medixfarm.ro\/en\/wp-json\/wp\/v2\/product_cat?post=2999"},{"taxonomy":"product_tag","embeddable":true,"href":"https:\/\/www.medixfarm.ro\/en\/wp-json\/wp\/v2\/product_tag?post=2999"}],"curies":[{"name":"wp","href":"https:\/\/api.w.org\/{rel}","templated":true}]}}