{"id":3162,"date":"2024-08-21T19:49:53","date_gmt":"2024-08-21T19:49:53","guid":{"rendered":"https:\/\/www.medixfarm.ro\/?post_type=product&#038;p=3162"},"modified":"2024-08-24T17:03:15","modified_gmt":"2024-08-24T17:03:15","slug":"soluscope-serie-1","status":"publish","type":"product","link":"https:\/\/www.medixfarm.ro\/en\/product\/soluscope-serie-1\/","title":{"rendered":"Soluscope Serie 1"},"content":{"rendered":"<p>Tehnologie inovatoare \u00eentr-un sp\u0103l\u0103tor-dezinfector rafinat \u0219i compact<\/p>\n<p>Reprocesorul Soluscope Serie 1 pentru endoscoape flexibile este conform cu standardul ISO 15883-1 &amp; 15883-4 \u0219i beneficiaz\u0103 de 25 de ani de experien\u021b\u0103 Soluscope \u00een igiena endoscoapelor.<\/p>\n<p>Cu sistemul s\u0103u complet de trasabilitate electronic\u0103 \u0219i imprimanta \u00eencorporat\u0103 op\u021bional\u0103, sp\u0103l\u0103torul-dezinfectorul Soluscope Serie 1 ofer\u0103 un nivel ridicat de tehnologie pentru un produs entry-level.<br \/>\nFiabil \u0219i u\u0219or de utilizat<\/p>\n<p>Cu ecranul s\u0103u tactil u\u0219or de utilizat, Soluscope Serie 1 ofer\u0103 un nivel foarte ridicat de siguran\u021b\u0103 datorit\u0103 unui proces automatizat. Sistemul s\u0103u de prefiltrare eficient \u0219i validat (op\u021bional) asigur\u0103 o calitate optim\u0103 a apei pentru o calitate dovedit\u0103 a cur\u0103\u021b\u0103rii \u0219i dezinfec\u021biei.<\/p>\n<p>Disponibil cu dezinfectant acid peracetic sau glutaraldehid\u0103, Soluscope Serie 1 va satisface toate cerin\u021bele dumneavoastr\u0103.<br \/>\nSpecifica\u021bii tehnice<\/p>\n<p>Capacitate per ciclu: 1 endoscop, procesare prin imersie<\/p>\n<p>Durata ciclului de reprelucrare: 22 minute pentru PA (ciclul 1) &#8211; 26 minute pentru GTA (ciclul 1)<\/p>\n<p>Temperatura de reprelucrare: 35 &#8211; 40\u00b0C<\/p>\n<p>Timp de contact cu dezinfectantul: 6 minute pentru PA &#8211; 10 minute pentru GTA<\/p>\n<p>Trasabilitate: Cititor de coduri de bare (op\u021bional) &#8211; Imprimant\u0103 &#8211; EP-Digital*<\/p>\n<p>Conexiune electric\u0103: 1 x 220-240 V \/ 50 Hz sau 1 x 110-120 V \/ 60 Hz cu \u00eentrerup\u0103tor diferen\u021bial de 30mA<\/p>\n<p>Presiunea apei: \u2264 4 bari (58 psi)<\/p>\n<p>Debit de ap\u0103: 9 L \/ min minim<\/p>\n<p>Ap\u0103 RO: numai pentru 220-240 V\/50 Hz<\/p>\n<p>Dimensiuni (L x P x A) : 61,5 x 65 x 101 cm (capac \u00eenchis \u0219i)<\/p>\n<p>Greutate (gol): 70 kg<\/p>\n<p>Greutate (plin): 100 kg<\/p>\n<p>* numai pentru 220-240V\/50Hz<\/p>\n<p>Translated with www.DeepL.com\/Translator (free version)<\/p>","protected":false},"excerpt":{"rendered":"<p>Tehnologie inovatoare \u00eentr-un sp\u0103l\u0103tor-dezinfector rafinat \u0219i compact Reprocesorul Soluscope Serie 1 pentru endoscoape flexibile este conform cu standardul ISO 15883-1 &amp; 15883-4 \u0219i beneficiaz\u0103 de 25 de ani de experien\u021b\u0103 Soluscope \u00een igiena endoscoapelor. Cu sistemul s\u0103u complet de trasabilitate electronic\u0103 \u0219i imprimanta \u00eencorporat\u0103 op\u021bional\u0103, sp\u0103l\u0103torul-dezinfectorul Soluscope Serie 1 ofer\u0103 un nivel ridicat de tehnologie [&hellip;]<\/p>","protected":false},"featured_media":3163,"comment_status":"open","ping_status":"closed","template":"","meta":{"inline_featured_image":false},"product_cat":[124,125],"product_tag":[],"class_list":{"0":"post-3162","1":"product","2":"type-product","3":"status-publish","4":"has-post-thumbnail","6":"product_cat-sisteme-de-reprocesare-automata-a-endoscoapelor","7":"product_cat-echipamente-pentru-reporcesarea-automata-a-endoscoapelor","9":"first","10":"instock","11":"shipping-taxable","12":"product-type-simple"},"yoast_head":"<!-- This site is optimized with the Yoast SEO Premium plugin v23.7 (Yoast SEO v23.7) - https:\/\/yoast.com\/wordpress\/plugins\/seo\/ -->\n<title>Soluscope Serie 1 | Medixfarm<\/title>\n<meta name=\"robots\" content=\"index, follow, max-snippet:-1, max-image-preview:large, max-video-preview:-1\" \/>\n<link rel=\"canonical\" href=\"https:\/\/www.medixfarm.ro\/en\/product\/soluscope-serie-1\/\" \/>\n<meta property=\"og:locale\" content=\"en_US\" \/>\n<meta property=\"og:type\" content=\"article\" \/>\n<meta property=\"og:title\" content=\"Soluscope Serie 1\" \/>\n<meta property=\"og:description\" content=\"Tehnologie inovatoare \u00eentr-un sp\u0103l\u0103tor-dezinfector rafinat \u0219i compact Reprocesorul Soluscope Serie 1 pentru endoscoape flexibile este conform cu standardul ISO 15883-1 &amp; 15883-4 \u0219i beneficiaz\u0103 de 25 de ani de experien\u021b\u0103 Soluscope \u00een igiena endoscoapelor. Cu sistemul s\u0103u complet de trasabilitate electronic\u0103 \u0219i imprimanta \u00eencorporat\u0103 op\u021bional\u0103, sp\u0103l\u0103torul-dezinfectorul Soluscope Serie 1 ofer\u0103 un nivel ridicat de tehnologie [&hellip;]\" \/>\n<meta property=\"og:url\" content=\"https:\/\/www.medixfarm.ro\/en\/product\/soluscope-serie-1\/\" \/>\n<meta property=\"og:site_name\" content=\"Medixfarm\" \/>\n<meta property=\"article:modified_time\" content=\"2024-08-24T17:03:15+00:00\" \/>\n<meta property=\"og:image\" content=\"https:\/\/www.medixfarm.ro\/wp-content\/uploads\/2024\/08\/medixfarm-Soluscope-Serie-1-PA.jpg\" \/>\n\t<meta property=\"og:image:width\" content=\"800\" \/>\n\t<meta property=\"og:image:height\" content=\"800\" \/>\n\t<meta property=\"og:image:type\" content=\"image\/jpeg\" \/>\n<meta name=\"twitter:card\" content=\"summary_large_image\" \/>\n<meta name=\"twitter:label1\" content=\"Est. reading time\" \/>\n\t<meta name=\"twitter:data1\" content=\"2 minutes\" \/>\n<script type=\"application\/ld+json\" class=\"yoast-schema-graph\">{\"@context\":\"https:\/\/schema.org\",\"@graph\":[{\"@type\":\"WebPage\",\"@id\":\"https:\/\/www.medixfarm.ro\/product\/soluscope-serie-1\/\",\"url\":\"https:\/\/www.medixfarm.ro\/product\/soluscope-serie-1\/\",\"name\":\"Soluscope Serie 1 | Medixfarm\",\"isPartOf\":{\"@id\":\"https:\/\/www.medixfarm.ro\/#website\"},\"primaryImageOfPage\":{\"@id\":\"https:\/\/www.medixfarm.ro\/product\/soluscope-serie-1\/#primaryimage\"},\"image\":{\"@id\":\"https:\/\/www.medixfarm.ro\/product\/soluscope-serie-1\/#primaryimage\"},\"thumbnailUrl\":\"https:\/\/www.medixfarm.ro\/wp-content\/uploads\/2024\/08\/medixfarm-Soluscope-Serie-1-PA.jpg\",\"datePublished\":\"2024-08-21T19:49:53+00:00\",\"dateModified\":\"2024-08-24T17:03:15+00:00\",\"breadcrumb\":{\"@id\":\"https:\/\/www.medixfarm.ro\/product\/soluscope-serie-1\/#breadcrumb\"},\"inLanguage\":\"en-US\",\"potentialAction\":[{\"@type\":\"ReadAction\",\"target\":[\"https:\/\/www.medixfarm.ro\/product\/soluscope-serie-1\/\"]}]},{\"@type\":\"ImageObject\",\"inLanguage\":\"en-US\",\"@id\":\"https:\/\/www.medixfarm.ro\/product\/soluscope-serie-1\/#primaryimage\",\"url\":\"https:\/\/www.medixfarm.ro\/wp-content\/uploads\/2024\/08\/medixfarm-Soluscope-Serie-1-PA.jpg\",\"contentUrl\":\"https:\/\/www.medixfarm.ro\/wp-content\/uploads\/2024\/08\/medixfarm-Soluscope-Serie-1-PA.jpg\",\"width\":800,\"height\":800},{\"@type\":\"BreadcrumbList\",\"@id\":\"https:\/\/www.medixfarm.ro\/product\/soluscope-serie-1\/#breadcrumb\",\"itemListElement\":[{\"@type\":\"ListItem\",\"position\":1,\"name\":\"Home\",\"item\":\"https:\/\/www.medixfarm.ro\/\"},{\"@type\":\"ListItem\",\"position\":2,\"name\":\"Produse\",\"item\":\"https:\/\/www.medixfarm.ro\/shop\/\"},{\"@type\":\"ListItem\",\"position\":3,\"name\":\"Soluscope Serie 1\"}]},{\"@type\":\"WebSite\",\"@id\":\"https:\/\/www.medixfarm.ro\/#website\",\"url\":\"https:\/\/www.medixfarm.ro\/\",\"name\":\"Medixfarm\",\"description\":\"Medixfarm\",\"publisher\":{\"@id\":\"https:\/\/www.medixfarm.ro\/#organization\"},\"potentialAction\":[{\"@type\":\"SearchAction\",\"target\":{\"@type\":\"EntryPoint\",\"urlTemplate\":\"https:\/\/www.medixfarm.ro\/?s={search_term_string}\"},\"query-input\":{\"@type\":\"PropertyValueSpecification\",\"valueRequired\":true,\"valueName\":\"search_term_string\"}}],\"inLanguage\":\"en-US\"},{\"@type\":\"Organization\",\"@id\":\"https:\/\/www.medixfarm.ro\/#organization\",\"name\":\"Medixfarm Tehnoplus SRL\",\"url\":\"https:\/\/www.medixfarm.ro\/\",\"logo\":{\"@type\":\"ImageObject\",\"inLanguage\":\"en-US\",\"@id\":\"https:\/\/www.medixfarm.ro\/#\/schema\/logo\/image\/\",\"url\":\"https:\/\/www.medixfarm.ro\/wp-content\/uploads\/2023\/11\/Medxfarm-Tehnoplus-FINAL-curbe-c9.png\",\"contentUrl\":\"https:\/\/www.medixfarm.ro\/wp-content\/uploads\/2023\/11\/Medxfarm-Tehnoplus-FINAL-curbe-c9.png\",\"width\":3508,\"height\":1182,\"caption\":\"Medixfarm Tehnoplus SRL\"},\"image\":{\"@id\":\"https:\/\/www.medixfarm.ro\/#\/schema\/logo\/image\/\"}}]}<\/script>\n<!-- \/ Yoast SEO Premium plugin. -->","yoast_head_json":{"title":"Soluscope Serie 1 | Medixfarm","robots":{"index":"index","follow":"follow","max-snippet":"max-snippet:-1","max-image-preview":"max-image-preview:large","max-video-preview":"max-video-preview:-1"},"canonical":"https:\/\/www.medixfarm.ro\/en\/product\/soluscope-serie-1\/","og_locale":"en_US","og_type":"article","og_title":"Soluscope Serie 1","og_description":"Tehnologie inovatoare \u00eentr-un sp\u0103l\u0103tor-dezinfector rafinat \u0219i compact Reprocesorul Soluscope Serie 1 pentru endoscoape flexibile este conform cu standardul ISO 15883-1 &amp; 15883-4 \u0219i beneficiaz\u0103 de 25 de ani de experien\u021b\u0103 Soluscope \u00een igiena endoscoapelor. Cu sistemul s\u0103u complet de trasabilitate electronic\u0103 \u0219i imprimanta \u00eencorporat\u0103 op\u021bional\u0103, sp\u0103l\u0103torul-dezinfectorul Soluscope Serie 1 ofer\u0103 un nivel ridicat de tehnologie [&hellip;]","og_url":"https:\/\/www.medixfarm.ro\/en\/product\/soluscope-serie-1\/","og_site_name":"Medixfarm","article_modified_time":"2024-08-24T17:03:15+00:00","og_image":[{"width":800,"height":800,"url":"https:\/\/www.medixfarm.ro\/wp-content\/uploads\/2024\/08\/medixfarm-Soluscope-Serie-1-PA.jpg","type":"image\/jpeg"}],"twitter_card":"summary_large_image","twitter_misc":{"Est. reading time":"2 minutes"},"schema":{"@context":"https:\/\/schema.org","@graph":[{"@type":"WebPage","@id":"https:\/\/www.medixfarm.ro\/product\/soluscope-serie-1\/","url":"https:\/\/www.medixfarm.ro\/product\/soluscope-serie-1\/","name":"Soluscope Serie 1 | Medixfarm","isPartOf":{"@id":"https:\/\/www.medixfarm.ro\/#website"},"primaryImageOfPage":{"@id":"https:\/\/www.medixfarm.ro\/product\/soluscope-serie-1\/#primaryimage"},"image":{"@id":"https:\/\/www.medixfarm.ro\/product\/soluscope-serie-1\/#primaryimage"},"thumbnailUrl":"https:\/\/www.medixfarm.ro\/wp-content\/uploads\/2024\/08\/medixfarm-Soluscope-Serie-1-PA.jpg","datePublished":"2024-08-21T19:49:53+00:00","dateModified":"2024-08-24T17:03:15+00:00","breadcrumb":{"@id":"https:\/\/www.medixfarm.ro\/product\/soluscope-serie-1\/#breadcrumb"},"inLanguage":"en-US","potentialAction":[{"@type":"ReadAction","target":["https:\/\/www.medixfarm.ro\/product\/soluscope-serie-1\/"]}]},{"@type":"ImageObject","inLanguage":"en-US","@id":"https:\/\/www.medixfarm.ro\/product\/soluscope-serie-1\/#primaryimage","url":"https:\/\/www.medixfarm.ro\/wp-content\/uploads\/2024\/08\/medixfarm-Soluscope-Serie-1-PA.jpg","contentUrl":"https:\/\/www.medixfarm.ro\/wp-content\/uploads\/2024\/08\/medixfarm-Soluscope-Serie-1-PA.jpg","width":800,"height":800},{"@type":"BreadcrumbList","@id":"https:\/\/www.medixfarm.ro\/product\/soluscope-serie-1\/#breadcrumb","itemListElement":[{"@type":"ListItem","position":1,"name":"Home","item":"https:\/\/www.medixfarm.ro\/"},{"@type":"ListItem","position":2,"name":"Produse","item":"https:\/\/www.medixfarm.ro\/shop\/"},{"@type":"ListItem","position":3,"name":"Soluscope Serie 1"}]},{"@type":"WebSite","@id":"https:\/\/www.medixfarm.ro\/#website","url":"https:\/\/www.medixfarm.ro\/","name":"Medixfarm","description":"Medixfarm","publisher":{"@id":"https:\/\/www.medixfarm.ro\/#organization"},"potentialAction":[{"@type":"SearchAction","target":{"@type":"EntryPoint","urlTemplate":"https:\/\/www.medixfarm.ro\/?s={search_term_string}"},"query-input":{"@type":"PropertyValueSpecification","valueRequired":true,"valueName":"search_term_string"}}],"inLanguage":"en-US"},{"@type":"Organization","@id":"https:\/\/www.medixfarm.ro\/#organization","name":"Medixfarm Tehnoplus SRL","url":"https:\/\/www.medixfarm.ro\/","logo":{"@type":"ImageObject","inLanguage":"en-US","@id":"https:\/\/www.medixfarm.ro\/#\/schema\/logo\/image\/","url":"https:\/\/www.medixfarm.ro\/wp-content\/uploads\/2023\/11\/Medxfarm-Tehnoplus-FINAL-curbe-c9.png","contentUrl":"https:\/\/www.medixfarm.ro\/wp-content\/uploads\/2023\/11\/Medxfarm-Tehnoplus-FINAL-curbe-c9.png","width":3508,"height":1182,"caption":"Medixfarm Tehnoplus SRL"},"image":{"@id":"https:\/\/www.medixfarm.ro\/#\/schema\/logo\/image\/"}}]}},"_links":{"self":[{"href":"https:\/\/www.medixfarm.ro\/en\/wp-json\/wp\/v2\/product\/3162"}],"collection":[{"href":"https:\/\/www.medixfarm.ro\/en\/wp-json\/wp\/v2\/product"}],"about":[{"href":"https:\/\/www.medixfarm.ro\/en\/wp-json\/wp\/v2\/types\/product"}],"replies":[{"embeddable":true,"href":"https:\/\/www.medixfarm.ro\/en\/wp-json\/wp\/v2\/comments?post=3162"}],"wp:featuredmedia":[{"embeddable":true,"href":"https:\/\/www.medixfarm.ro\/en\/wp-json\/wp\/v2\/media\/3163"}],"wp:attachment":[{"href":"https:\/\/www.medixfarm.ro\/en\/wp-json\/wp\/v2\/media?parent=3162"}],"wp:term":[{"taxonomy":"product_cat","embeddable":true,"href":"https:\/\/www.medixfarm.ro\/en\/wp-json\/wp\/v2\/product_cat?post=3162"},{"taxonomy":"product_tag","embeddable":true,"href":"https:\/\/www.medixfarm.ro\/en\/wp-json\/wp\/v2\/product_tag?post=3162"}],"curies":[{"name":"wp","href":"https:\/\/api.w.org\/{rel}","templated":true}]}}