{"id":3166,"date":"2024-08-22T17:50:39","date_gmt":"2024-08-22T17:50:39","guid":{"rendered":"https:\/\/www.medixfarm.ro\/?post_type=product&#038;p=3166"},"modified":"2024-10-31T10:30:02","modified_gmt":"2024-10-31T10:30:02","slug":"liebherr-srpvh-8411","status":"publish","type":"product","link":"https:\/\/www.medixfarm.ro\/en\/product\/liebherr-srpvh-8411\/","title":{"rendered":"Liebherr SRPvh 8411"},"content":{"rendered":"<h5 class=\"undefined text-copy-small leading-6 md:text-copy md:leading-7 font-text-bold\">Aparat frigorific de laborator cu r\u0103cire cu aer recirculat<\/h5>\n<p><span style=\"color: #339966;\"><strong>CARACTERISTICI TEHNICE:<br \/>\n<\/strong><\/span><strong><span style=\"color: #ff0000;\">\u25aa\u00a0<\/span>Volum brut\/net: <\/strong>903\/702 l<br \/>\n<strong><span style=\"color: #ff0000;\">\u25aa\u00a0<\/span>Dimensiuni exterioare <\/strong><strong>\u00ee<\/strong><strong>n mm (L\/A\/<\/strong><strong>\u00ce<\/strong><strong>): <\/strong>787\/1017\/2135<br \/>\n<strong><span style=\"color: #ff0000;\">\u25aa\u00a0<\/span><\/strong><strong>Dimensiuni interioare <\/strong><strong>\u00ee<\/strong><strong>n mm (L\/A\/<\/strong><strong>\u00ce<\/strong><strong>): <\/strong>579\/788\/1470<br \/>\n<strong><span style=\"color: #ff0000;\">\u25aa\u00a0<\/span><\/strong><strong>Consum de energie <\/strong><strong>\u00ee<\/strong><strong>n 365 de zile: <\/strong>374 kWh<br \/>\n<strong><span style=\"color: #ff0000;\">\u25aa\u00a0<\/span><\/strong><strong>Temperatur<\/strong><strong>\u0103<\/strong><strong> ambiant<\/strong><strong>\u0103:<\/strong> +10 \u00b0C p\u00e2n\u0103 la +35 \u00b0C<br \/>\n<strong><span style=\"color: #ff0000;\">\u25aa\u00a0<\/span><\/strong><strong>Emisie de c<\/strong><strong>\u0103<\/strong><strong>ldur<\/strong><strong>\u0103:<\/strong> 425 kJ\/h<strong><span style=\"color: #ff0000;\"><br \/>\n\u25aa\u00a0<\/span><\/strong><strong>Agent refrigerent: <\/strong>R 600a<br \/>\n<strong><span style=\"color: #ff0000;\">\u25aa\u00a0<\/span><\/strong><strong>Nivel de zgomot: <\/strong>60 dB(A)<br \/>\n<strong><span style=\"color: #ff0000;\">\u25aa\u00a0<\/span><\/strong><strong>Frecven<\/strong><strong>\u021b\u0103<\/strong><strong>\/tensiune: <\/strong>50\/60 Hz \/ 220-240 V~<br \/>\n<strong><span style=\"color: #ff0000;\">\u25aa\u00a0<\/span><\/strong><strong>Sistem de racire: <\/strong>ventilat<br \/>\n<strong><span style=\"color: #ff0000;\">\u25aa\u00a0<\/span><\/strong><strong>Decongelare: <\/strong>automat\u0103<br \/>\n<strong><span style=\"color: #ff0000;\">\u25aa\u00a0<\/span><\/strong><strong>Interval de temperatur<\/strong><strong>\u0103:<\/strong> 0 \u00b0C p\u00e2n\u0103 la +16 \u00b0C<br \/>\n<strong><span style=\"color: #ff0000;\">\u25aa\u00a0<\/span><\/strong><strong>Gradient fluctua<\/strong><strong>\u021b<\/strong><strong>ie max.: <\/strong>3,9 \u00b0C \/ 2,9 \u00b0C<br \/>\n<strong><span style=\"color: #ff0000;\">\u25aa\u00a0<\/span><\/strong><strong>Material\/culoare cabinet: <\/strong>o\u0163el \/ alb<br \/>\n<strong><span style=\"color: #ff0000;\">\u25aa\u00a0<\/span><\/strong><strong>Material u<\/strong><strong>\u015f\u0103<\/strong><strong>\/capac: <\/strong>u\u015f\u0103 cu geam<br \/>\n<strong><span style=\"color: #ff0000;\">\u25aa\u00a0<\/span><\/strong><strong>Material izolator: o<\/strong>\u021bel crom-nichel (1.4301 \/ AISI 304)<br \/>\n<strong><span style=\"color: #ff0000;\">\u25aa\u00a0<\/span><\/strong><strong>Tipul comenzii: <\/strong>Display color de 2,4&#8243;, atingere \u0219i glisare<br \/>\n<strong><span style=\"color: #ff0000;\">\u25aa\u00a0<\/span><\/strong><strong>Semnal de avertizare <\/strong><strong>\u00ee<\/strong><strong>n caz de avarie: <\/strong>optic \u015fi acustic<br \/>\n<strong><span style=\"color: #ff0000;\">\u25aa\u00a0<\/span><\/strong><strong>Alarm<\/strong><strong>\u0103<\/strong><strong> de <\/strong><strong>\u00ee<\/strong><strong>ntrerupere a aliment<\/strong><strong>\u0103<\/strong><strong>rii cu\u00a0<\/strong><strong>energie electric<\/strong><strong>\u0103:\u00a0<\/strong>imediat la \u00eentreruperi ale re\u0163elei pentru minim 12h<br \/>\n<strong><span style=\"color: #ff0000;\">\u25aa\u00a0<\/span><\/strong><strong>Avertizare volt + free contact: <\/strong>da<br \/>\n<strong><span style=\"color: #ff0000;\">\u25aa\u00a0<\/span><\/strong><strong>Tipul de conectare la re<\/strong><strong>\u021b<\/strong><strong>ea: <\/strong>SmartModule<br \/>\n<strong><span style=\"color: #ff0000;\">\u25aa\u00a0<\/span><\/strong><strong>Solu<\/strong><strong>\u021b<\/strong><strong>ie de conectare la re<\/strong><strong>\u021b<\/strong><strong>ea: <\/strong>Integrat, deta\u0219abil<br \/>\n<strong><span style=\"color: #ff0000;\">\u25aa\u00a0<\/span><\/strong><strong>Interfa<\/strong><strong>\u0163\u0103:<\/strong> WLAN\/LAN<br \/>\n<strong><span style=\"color: #ff0000;\">\u25aa\u00a0<\/span><\/strong><strong>\u00ce<\/strong><strong>nregistrator de date: <\/strong>integrat, interfa\u021b\u0103 USB<br \/>\n<strong><span style=\"color: #ff0000;\">\u25aa\u00a0<\/span><\/strong><strong>Iluminare interioar<\/strong><strong>\u0103:<\/strong> plafon cu LED si iluminare laterala, comutabile separat<br \/>\n<strong><span style=\"color: #ff0000;\">\u25aa\u00a0<\/span><\/strong><strong>Rafturi ajustabile: <\/strong>4<br \/>\n<strong><span style=\"color: #ff0000;\">\u25aa\u00a0<\/span><\/strong><strong>Material rafturi: <\/strong>gr\u0103tar plastifiat<br \/>\n<strong><span style=\"color: #ff0000;\">\u25aa\u00a0<\/span><\/strong><strong>L<\/strong><strong>\u0103\u021b<\/strong><strong>ime\/ad<\/strong><strong>\u00e2<\/strong><strong>ncime util<\/strong><strong>\u0103<\/strong><strong> a rafturilor <\/strong><strong>\u00ee<\/strong><strong>n\u00a0<\/strong><strong>mm:\u00a0<\/strong>570\/788<br \/>\n<strong><span style=\"color: #ff0000;\">\u25aa\u00a0<\/span><\/strong><strong>\u00ce<\/strong><strong>ncarcare rafturi: <\/strong>60 kg<br \/>\n<strong><span style=\"color: #ff0000;\">\u25aa\u00a0<\/span><\/strong><strong>Role: <\/strong>role de ghidare cu fr\u00e2n\u0103 de imobilizare \u00een fa\u0163\u0103, role fixe \u00een spate<br \/>\n<strong><span style=\"color: #ff0000;\">\u25aa\u00a0<\/span><\/strong><strong>M<\/strong><strong>\u00e2<\/strong><strong>ner: <\/strong>m\u00e2ner \u00eencastrat vertical<br \/>\n<strong><span style=\"color: #ff0000;\">\u25aa\u00a0<\/span><\/strong><strong>Buc<\/strong><strong>\u0219\u0103<\/strong><strong> senzor: <\/strong>1 x \u00d8 12 mm<br \/>\n<strong><span style=\"color: #ff0000;\">\u25aa\u00a0<\/span><\/strong><strong>Tip de <\/strong><strong>\u00ee<\/strong><strong>ncuietoare: <\/strong>electronic, cu telecomand\u0103|<br \/>\n<strong><span style=\"color: #ff0000;\">\u25aa\u00a0<\/span><\/strong><strong>Balamale u<\/strong><strong>\u015f\u0103:<\/strong> pe dreapta, reversibile<br \/>\n<strong><span style=\"color: #ff0000;\">\u25aa\u00a0<\/span><\/strong><strong>Greutate brut<\/strong><strong>\u0103<\/strong><strong>\/net<\/strong><strong>\u0103:<\/strong> 165\/147 kg<br \/>\n<strong><span style=\"color: #ff0000;\">\u25aa\u00a0<\/span><\/strong><strong>Cod EAN: <\/strong>9005382249253<\/p>","protected":false},"excerpt":{"rendered":"<p class=\"undefined text-copy-small leading-6 md:text-copy md:leading-7 font-text-bold\">Aparat frigorific de laborator cu r\u0103cire cu aer recirculat Liebherr SRPvh 8411<\/p>","protected":false},"featured_media":3167,"comment_status":"open","ping_status":"closed","template":"","meta":{"inline_featured_image":false},"product_cat":[82,128],"product_tag":[],"class_list":{"0":"post-3166","1":"product","2":"type-product","3":"status-publish","4":"has-post-thumbnail","6":"product_cat-sisteme-automate","7":"product_cat-accesorii","9":"first","10":"instock","11":"shipping-taxable","12":"product-type-simple"},"yoast_head":"<!-- This site is optimized with the Yoast SEO Premium plugin v23.7 (Yoast SEO v23.7) - https:\/\/yoast.com\/wordpress\/plugins\/seo\/ -->\n<title>Liebherr SRPvh 8411 | Medixfarm<\/title>\n<meta name=\"description\" content=\"Aparat frigorific de laborator cu r\u0103cire cu aer recirculat Liebherr\" \/>\n<meta name=\"robots\" content=\"index, follow, max-snippet:-1, max-image-preview:large, max-video-preview:-1\" \/>\n<link rel=\"canonical\" href=\"https:\/\/www.medixfarm.ro\/en\/product\/liebherr-srpvh-8411\/\" \/>\n<meta property=\"og:locale\" content=\"en_US\" \/>\n<meta property=\"og:type\" content=\"article\" \/>\n<meta property=\"og:title\" content=\"Liebherr SRPvh 8411\" \/>\n<meta property=\"og:description\" content=\"Aparat frigorific de laborator cu r\u0103cire cu aer recirculat Liebherr\" \/>\n<meta property=\"og:url\" content=\"https:\/\/www.medixfarm.ro\/en\/product\/liebherr-srpvh-8411\/\" \/>\n<meta property=\"og:site_name\" content=\"Medixfarm\" \/>\n<meta property=\"article:modified_time\" content=\"2024-10-31T10:30:02+00:00\" \/>\n<meta property=\"og:image\" content=\"https:\/\/www.medixfarm.ro\/wp-content\/uploads\/2024\/08\/Medixfarm-frigider-Liebherr.png\" \/>\n\t<meta property=\"og:image:width\" content=\"800\" \/>\n\t<meta property=\"og:image:height\" content=\"800\" \/>\n\t<meta property=\"og:image:type\" content=\"image\/png\" \/>\n<meta name=\"twitter:card\" content=\"summary_large_image\" \/>\n<meta name=\"twitter:label1\" content=\"Est. reading time\" \/>\n\t<meta name=\"twitter:data1\" content=\"2 minutes\" \/>\n<script type=\"application\/ld+json\" class=\"yoast-schema-graph\">{\"@context\":\"https:\/\/schema.org\",\"@graph\":[{\"@type\":\"WebPage\",\"@id\":\"https:\/\/www.medixfarm.ro\/product\/liebherr-srpvh-8411\/\",\"url\":\"https:\/\/www.medixfarm.ro\/product\/liebherr-srpvh-8411\/\",\"name\":\"Liebherr SRPvh 8411 | Medixfarm\",\"isPartOf\":{\"@id\":\"https:\/\/www.medixfarm.ro\/#website\"},\"primaryImageOfPage\":{\"@id\":\"https:\/\/www.medixfarm.ro\/product\/liebherr-srpvh-8411\/#primaryimage\"},\"image\":{\"@id\":\"https:\/\/www.medixfarm.ro\/product\/liebherr-srpvh-8411\/#primaryimage\"},\"thumbnailUrl\":\"https:\/\/www.medixfarm.ro\/wp-content\/uploads\/2024\/08\/Medixfarm-frigider-Liebherr.png\",\"datePublished\":\"2024-08-22T17:50:39+00:00\",\"dateModified\":\"2024-10-31T10:30:02+00:00\",\"description\":\"Aparat frigorific de laborator cu r\u0103cire cu aer recirculat Liebherr\",\"breadcrumb\":{\"@id\":\"https:\/\/www.medixfarm.ro\/product\/liebherr-srpvh-8411\/#breadcrumb\"},\"inLanguage\":\"en-US\",\"potentialAction\":[{\"@type\":\"ReadAction\",\"target\":[\"https:\/\/www.medixfarm.ro\/product\/liebherr-srpvh-8411\/\"]}]},{\"@type\":\"ImageObject\",\"inLanguage\":\"en-US\",\"@id\":\"https:\/\/www.medixfarm.ro\/product\/liebherr-srpvh-8411\/#primaryimage\",\"url\":\"https:\/\/www.medixfarm.ro\/wp-content\/uploads\/2024\/08\/Medixfarm-frigider-Liebherr.png\",\"contentUrl\":\"https:\/\/www.medixfarm.ro\/wp-content\/uploads\/2024\/08\/Medixfarm-frigider-Liebherr.png\",\"width\":800,\"height\":800},{\"@type\":\"BreadcrumbList\",\"@id\":\"https:\/\/www.medixfarm.ro\/product\/liebherr-srpvh-8411\/#breadcrumb\",\"itemListElement\":[{\"@type\":\"ListItem\",\"position\":1,\"name\":\"Home\",\"item\":\"https:\/\/www.medixfarm.ro\/\"},{\"@type\":\"ListItem\",\"position\":2,\"name\":\"Produse\",\"item\":\"https:\/\/www.medixfarm.ro\/shop\/\"},{\"@type\":\"ListItem\",\"position\":3,\"name\":\"Liebherr SRPvh 8411\"}]},{\"@type\":\"WebSite\",\"@id\":\"https:\/\/www.medixfarm.ro\/#website\",\"url\":\"https:\/\/www.medixfarm.ro\/\",\"name\":\"Medixfarm\",\"description\":\"Medixfarm\",\"publisher\":{\"@id\":\"https:\/\/www.medixfarm.ro\/#organization\"},\"potentialAction\":[{\"@type\":\"SearchAction\",\"target\":{\"@type\":\"EntryPoint\",\"urlTemplate\":\"https:\/\/www.medixfarm.ro\/?s={search_term_string}\"},\"query-input\":{\"@type\":\"PropertyValueSpecification\",\"valueRequired\":true,\"valueName\":\"search_term_string\"}}],\"inLanguage\":\"en-US\"},{\"@type\":\"Organization\",\"@id\":\"https:\/\/www.medixfarm.ro\/#organization\",\"name\":\"Medixfarm Tehnoplus SRL\",\"url\":\"https:\/\/www.medixfarm.ro\/\",\"logo\":{\"@type\":\"ImageObject\",\"inLanguage\":\"en-US\",\"@id\":\"https:\/\/www.medixfarm.ro\/#\/schema\/logo\/image\/\",\"url\":\"https:\/\/www.medixfarm.ro\/wp-content\/uploads\/2023\/11\/Medxfarm-Tehnoplus-FINAL-curbe-c9.png\",\"contentUrl\":\"https:\/\/www.medixfarm.ro\/wp-content\/uploads\/2023\/11\/Medxfarm-Tehnoplus-FINAL-curbe-c9.png\",\"width\":3508,\"height\":1182,\"caption\":\"Medixfarm Tehnoplus SRL\"},\"image\":{\"@id\":\"https:\/\/www.medixfarm.ro\/#\/schema\/logo\/image\/\"}}]}<\/script>\n<!-- \/ Yoast SEO Premium plugin. -->","yoast_head_json":{"title":"Liebherr SRPvh 8411 | Medixfarm","description":"Aparat frigorific de laborator cu r\u0103cire cu aer recirculat Liebherr","robots":{"index":"index","follow":"follow","max-snippet":"max-snippet:-1","max-image-preview":"max-image-preview:large","max-video-preview":"max-video-preview:-1"},"canonical":"https:\/\/www.medixfarm.ro\/en\/product\/liebherr-srpvh-8411\/","og_locale":"en_US","og_type":"article","og_title":"Liebherr SRPvh 8411","og_description":"Aparat frigorific de laborator cu r\u0103cire cu aer recirculat Liebherr","og_url":"https:\/\/www.medixfarm.ro\/en\/product\/liebherr-srpvh-8411\/","og_site_name":"Medixfarm","article_modified_time":"2024-10-31T10:30:02+00:00","og_image":[{"width":800,"height":800,"url":"https:\/\/www.medixfarm.ro\/wp-content\/uploads\/2024\/08\/Medixfarm-frigider-Liebherr.png","type":"image\/png"}],"twitter_card":"summary_large_image","twitter_misc":{"Est. reading time":"2 minutes"},"schema":{"@context":"https:\/\/schema.org","@graph":[{"@type":"WebPage","@id":"https:\/\/www.medixfarm.ro\/product\/liebherr-srpvh-8411\/","url":"https:\/\/www.medixfarm.ro\/product\/liebherr-srpvh-8411\/","name":"Liebherr SRPvh 8411 | Medixfarm","isPartOf":{"@id":"https:\/\/www.medixfarm.ro\/#website"},"primaryImageOfPage":{"@id":"https:\/\/www.medixfarm.ro\/product\/liebherr-srpvh-8411\/#primaryimage"},"image":{"@id":"https:\/\/www.medixfarm.ro\/product\/liebherr-srpvh-8411\/#primaryimage"},"thumbnailUrl":"https:\/\/www.medixfarm.ro\/wp-content\/uploads\/2024\/08\/Medixfarm-frigider-Liebherr.png","datePublished":"2024-08-22T17:50:39+00:00","dateModified":"2024-10-31T10:30:02+00:00","description":"Aparat frigorific de laborator cu r\u0103cire cu aer recirculat Liebherr","breadcrumb":{"@id":"https:\/\/www.medixfarm.ro\/product\/liebherr-srpvh-8411\/#breadcrumb"},"inLanguage":"en-US","potentialAction":[{"@type":"ReadAction","target":["https:\/\/www.medixfarm.ro\/product\/liebherr-srpvh-8411\/"]}]},{"@type":"ImageObject","inLanguage":"en-US","@id":"https:\/\/www.medixfarm.ro\/product\/liebherr-srpvh-8411\/#primaryimage","url":"https:\/\/www.medixfarm.ro\/wp-content\/uploads\/2024\/08\/Medixfarm-frigider-Liebherr.png","contentUrl":"https:\/\/www.medixfarm.ro\/wp-content\/uploads\/2024\/08\/Medixfarm-frigider-Liebherr.png","width":800,"height":800},{"@type":"BreadcrumbList","@id":"https:\/\/www.medixfarm.ro\/product\/liebherr-srpvh-8411\/#breadcrumb","itemListElement":[{"@type":"ListItem","position":1,"name":"Home","item":"https:\/\/www.medixfarm.ro\/"},{"@type":"ListItem","position":2,"name":"Produse","item":"https:\/\/www.medixfarm.ro\/shop\/"},{"@type":"ListItem","position":3,"name":"Liebherr SRPvh 8411"}]},{"@type":"WebSite","@id":"https:\/\/www.medixfarm.ro\/#website","url":"https:\/\/www.medixfarm.ro\/","name":"Medixfarm","description":"Medixfarm","publisher":{"@id":"https:\/\/www.medixfarm.ro\/#organization"},"potentialAction":[{"@type":"SearchAction","target":{"@type":"EntryPoint","urlTemplate":"https:\/\/www.medixfarm.ro\/?s={search_term_string}"},"query-input":{"@type":"PropertyValueSpecification","valueRequired":true,"valueName":"search_term_string"}}],"inLanguage":"en-US"},{"@type":"Organization","@id":"https:\/\/www.medixfarm.ro\/#organization","name":"Medixfarm Tehnoplus SRL","url":"https:\/\/www.medixfarm.ro\/","logo":{"@type":"ImageObject","inLanguage":"en-US","@id":"https:\/\/www.medixfarm.ro\/#\/schema\/logo\/image\/","url":"https:\/\/www.medixfarm.ro\/wp-content\/uploads\/2023\/11\/Medxfarm-Tehnoplus-FINAL-curbe-c9.png","contentUrl":"https:\/\/www.medixfarm.ro\/wp-content\/uploads\/2023\/11\/Medxfarm-Tehnoplus-FINAL-curbe-c9.png","width":3508,"height":1182,"caption":"Medixfarm Tehnoplus SRL"},"image":{"@id":"https:\/\/www.medixfarm.ro\/#\/schema\/logo\/image\/"}}]}},"_links":{"self":[{"href":"https:\/\/www.medixfarm.ro\/en\/wp-json\/wp\/v2\/product\/3166"}],"collection":[{"href":"https:\/\/www.medixfarm.ro\/en\/wp-json\/wp\/v2\/product"}],"about":[{"href":"https:\/\/www.medixfarm.ro\/en\/wp-json\/wp\/v2\/types\/product"}],"replies":[{"embeddable":true,"href":"https:\/\/www.medixfarm.ro\/en\/wp-json\/wp\/v2\/comments?post=3166"}],"wp:featuredmedia":[{"embeddable":true,"href":"https:\/\/www.medixfarm.ro\/en\/wp-json\/wp\/v2\/media\/3167"}],"wp:attachment":[{"href":"https:\/\/www.medixfarm.ro\/en\/wp-json\/wp\/v2\/media?parent=3166"}],"wp:term":[{"taxonomy":"product_cat","embeddable":true,"href":"https:\/\/www.medixfarm.ro\/en\/wp-json\/wp\/v2\/product_cat?post=3166"},{"taxonomy":"product_tag","embeddable":true,"href":"https:\/\/www.medixfarm.ro\/en\/wp-json\/wp\/v2\/product_tag?post=3166"}],"curies":[{"name":"wp","href":"https:\/\/api.w.org\/{rel}","templated":true}]}}