{"id":3185,"date":"2024-08-24T17:33:39","date_gmt":"2024-08-24T17:33:39","guid":{"rendered":"https:\/\/www.medixfarm.ro\/?post_type=product&#038;p=3185"},"modified":"2024-08-24T17:41:18","modified_gmt":"2024-08-24T17:41:18","slug":"dulap-drs-215","status":"publish","type":"product","link":"https:\/\/www.medixfarm.ro\/en\/product\/dulap-drs-215\/","title":{"rendered":"Dulap DRS-215"},"content":{"rendered":"<p>Depozitare p\u00e2n\u0103 la 10 endoscoape flexibile, compatibile cu toate tipurile \u0219i m\u0103rcile;<br \/>\n&#8211; 10 sertare cu \u00eenchidere u\u0219oar\u0103;<br \/>\n&#8211; Control PLC;<br \/>\n&#8211; Ecranul tactil color de 7\u201d permite vizualizarea st\u0103rii fiec\u0103rui endoscop stocat, plus meniu de reglare tehnic\u0103;<br \/>\n&#8211; Temperatura maxim\u0103 a camerei 32\u00b0C cu dubl\u0103 monitorizare a temperaturii;<br \/>\n&#8211; Monitorizarea debitului de aer de uscare a canalelor prin debitmetre;<br \/>\n&#8211; Monitorizarea presiunii de depozitare conform EN 16442:2015;<br \/>\n&#8211; Conexiune de aer de grad medical la canalele interne uscate;<br \/>\n&#8211; Compresor cu filtrare de 0,2 \u03bcm la canalele interioare uscate (OP\u021aIONAL);<br \/>\n&#8211; Scaner de coduri de bare\/RFID pentru recunoa\u0219terea automat\u0103 a operatorilor \u0219i instrumentelor;<br \/>\n&#8211; Uscarea aerului filtrat prin filtru H14 de 0,2 \u03bcm;<br \/>\n&#8211; PLC \u00eenregistreaz\u0103 evenimente \u0219i cicluri;<\/p>\n<p><span style=\"color: #009846;\"><a style=\"color: #009846;\" href=\"https:\/\/www.medixfarm.ro\/wp-content\/uploads\/2024\/08\/MedixFarm-DRS-215-Data-sheet.pdf\" target=\"_blank\" rel=\"noopener\"><strong><em>Cite\u0219te mai mult<\/em><\/strong><\/a><\/span><\/p>","protected":false},"excerpt":{"rendered":"<h1><span style=\"color: #009846;\"><strong><em><a style=\"color: #009846;\" href=\"https:\/\/www.medixfarm.ro\/wp-content\/uploads\/2024\/08\/MedixFarm-DRS-215-Data-sheet.pdf\" target=\"_blank\" rel=\"noopener\">Deschide Bro\u0219ura<\/a><\/em><\/strong><\/span><\/h1>","protected":false},"featured_media":3189,"comment_status":"open","ping_status":"closed","template":"","meta":{"inline_featured_image":false},"product_cat":[124,126],"product_tag":[],"class_list":{"0":"post-3185","1":"product","2":"type-product","3":"status-publish","4":"has-post-thumbnail","6":"product_cat-sisteme-de-reprocesare-automata-a-endoscoapelor","7":"product_cat-dulapuri-pentru-depozitarea-si-transportul-endoscoapelor","9":"first","10":"instock","11":"shipping-taxable","12":"product-type-simple"},"yoast_head":"<!-- This site is optimized with the Yoast SEO Premium plugin v23.7 (Yoast SEO v23.7) - https:\/\/yoast.com\/wordpress\/plugins\/seo\/ -->\n<title>Dulap DRS-215 | Medixfarm<\/title>\n<meta name=\"robots\" content=\"index, follow, max-snippet:-1, max-image-preview:large, max-video-preview:-1\" \/>\n<link rel=\"canonical\" href=\"https:\/\/www.medixfarm.ro\/en\/product\/dulap-drs-215\/\" \/>\n<meta property=\"og:locale\" content=\"en_US\" \/>\n<meta property=\"og:type\" content=\"article\" \/>\n<meta property=\"og:title\" content=\"Dulap DRS-215\" \/>\n<meta property=\"og:description\" content=\"Deschide Bro\u0219ura\" \/>\n<meta property=\"og:url\" content=\"https:\/\/www.medixfarm.ro\/en\/product\/dulap-drs-215\/\" \/>\n<meta property=\"og:site_name\" content=\"Medixfarm\" \/>\n<meta property=\"article:modified_time\" content=\"2024-08-24T17:41:18+00:00\" \/>\n<meta property=\"og:image\" content=\"https:\/\/www.medixfarm.ro\/wp-content\/uploads\/2024\/08\/MedixFarm-MedixFarm-DRS-215.png\" \/>\n\t<meta property=\"og:image:width\" content=\"800\" \/>\n\t<meta property=\"og:image:height\" content=\"800\" \/>\n\t<meta property=\"og:image:type\" content=\"image\/png\" \/>\n<meta name=\"twitter:card\" content=\"summary_large_image\" \/>\n<meta name=\"twitter:label1\" content=\"Est. reading time\" \/>\n\t<meta name=\"twitter:data1\" content=\"1 minute\" \/>\n<script type=\"application\/ld+json\" class=\"yoast-schema-graph\">{\"@context\":\"https:\/\/schema.org\",\"@graph\":[{\"@type\":\"WebPage\",\"@id\":\"https:\/\/www.medixfarm.ro\/product\/dulap-drs-215\/\",\"url\":\"https:\/\/www.medixfarm.ro\/product\/dulap-drs-215\/\",\"name\":\"Dulap DRS-215 | Medixfarm\",\"isPartOf\":{\"@id\":\"https:\/\/www.medixfarm.ro\/#website\"},\"primaryImageOfPage\":{\"@id\":\"https:\/\/www.medixfarm.ro\/product\/dulap-drs-215\/#primaryimage\"},\"image\":{\"@id\":\"https:\/\/www.medixfarm.ro\/product\/dulap-drs-215\/#primaryimage\"},\"thumbnailUrl\":\"https:\/\/www.medixfarm.ro\/wp-content\/uploads\/2024\/08\/MedixFarm-MedixFarm-DRS-215.png\",\"datePublished\":\"2024-08-24T17:33:39+00:00\",\"dateModified\":\"2024-08-24T17:41:18+00:00\",\"breadcrumb\":{\"@id\":\"https:\/\/www.medixfarm.ro\/product\/dulap-drs-215\/#breadcrumb\"},\"inLanguage\":\"en-US\",\"potentialAction\":[{\"@type\":\"ReadAction\",\"target\":[\"https:\/\/www.medixfarm.ro\/product\/dulap-drs-215\/\"]}]},{\"@type\":\"ImageObject\",\"inLanguage\":\"en-US\",\"@id\":\"https:\/\/www.medixfarm.ro\/product\/dulap-drs-215\/#primaryimage\",\"url\":\"https:\/\/www.medixfarm.ro\/wp-content\/uploads\/2024\/08\/MedixFarm-MedixFarm-DRS-215.png\",\"contentUrl\":\"https:\/\/www.medixfarm.ro\/wp-content\/uploads\/2024\/08\/MedixFarm-MedixFarm-DRS-215.png\",\"width\":800,\"height\":800},{\"@type\":\"BreadcrumbList\",\"@id\":\"https:\/\/www.medixfarm.ro\/product\/dulap-drs-215\/#breadcrumb\",\"itemListElement\":[{\"@type\":\"ListItem\",\"position\":1,\"name\":\"Home\",\"item\":\"https:\/\/www.medixfarm.ro\/\"},{\"@type\":\"ListItem\",\"position\":2,\"name\":\"Produse\",\"item\":\"https:\/\/www.medixfarm.ro\/shop\/\"},{\"@type\":\"ListItem\",\"position\":3,\"name\":\"Dulap DRS-215\"}]},{\"@type\":\"WebSite\",\"@id\":\"https:\/\/www.medixfarm.ro\/#website\",\"url\":\"https:\/\/www.medixfarm.ro\/\",\"name\":\"Medixfarm\",\"description\":\"Medixfarm\",\"publisher\":{\"@id\":\"https:\/\/www.medixfarm.ro\/#organization\"},\"potentialAction\":[{\"@type\":\"SearchAction\",\"target\":{\"@type\":\"EntryPoint\",\"urlTemplate\":\"https:\/\/www.medixfarm.ro\/?s={search_term_string}\"},\"query-input\":{\"@type\":\"PropertyValueSpecification\",\"valueRequired\":true,\"valueName\":\"search_term_string\"}}],\"inLanguage\":\"en-US\"},{\"@type\":\"Organization\",\"@id\":\"https:\/\/www.medixfarm.ro\/#organization\",\"name\":\"Medixfarm Tehnoplus SRL\",\"url\":\"https:\/\/www.medixfarm.ro\/\",\"logo\":{\"@type\":\"ImageObject\",\"inLanguage\":\"en-US\",\"@id\":\"https:\/\/www.medixfarm.ro\/#\/schema\/logo\/image\/\",\"url\":\"https:\/\/www.medixfarm.ro\/wp-content\/uploads\/2023\/11\/Medxfarm-Tehnoplus-FINAL-curbe-c9.png\",\"contentUrl\":\"https:\/\/www.medixfarm.ro\/wp-content\/uploads\/2023\/11\/Medxfarm-Tehnoplus-FINAL-curbe-c9.png\",\"width\":3508,\"height\":1182,\"caption\":\"Medixfarm Tehnoplus SRL\"},\"image\":{\"@id\":\"https:\/\/www.medixfarm.ro\/#\/schema\/logo\/image\/\"}}]}<\/script>\n<!-- \/ Yoast SEO Premium plugin. -->","yoast_head_json":{"title":"Dulap DRS-215 | Medixfarm","robots":{"index":"index","follow":"follow","max-snippet":"max-snippet:-1","max-image-preview":"max-image-preview:large","max-video-preview":"max-video-preview:-1"},"canonical":"https:\/\/www.medixfarm.ro\/en\/product\/dulap-drs-215\/","og_locale":"en_US","og_type":"article","og_title":"Dulap DRS-215","og_description":"Deschide Bro\u0219ura","og_url":"https:\/\/www.medixfarm.ro\/en\/product\/dulap-drs-215\/","og_site_name":"Medixfarm","article_modified_time":"2024-08-24T17:41:18+00:00","og_image":[{"width":800,"height":800,"url":"https:\/\/www.medixfarm.ro\/wp-content\/uploads\/2024\/08\/MedixFarm-MedixFarm-DRS-215.png","type":"image\/png"}],"twitter_card":"summary_large_image","twitter_misc":{"Est. reading time":"1 minute"},"schema":{"@context":"https:\/\/schema.org","@graph":[{"@type":"WebPage","@id":"https:\/\/www.medixfarm.ro\/product\/dulap-drs-215\/","url":"https:\/\/www.medixfarm.ro\/product\/dulap-drs-215\/","name":"Dulap DRS-215 | Medixfarm","isPartOf":{"@id":"https:\/\/www.medixfarm.ro\/#website"},"primaryImageOfPage":{"@id":"https:\/\/www.medixfarm.ro\/product\/dulap-drs-215\/#primaryimage"},"image":{"@id":"https:\/\/www.medixfarm.ro\/product\/dulap-drs-215\/#primaryimage"},"thumbnailUrl":"https:\/\/www.medixfarm.ro\/wp-content\/uploads\/2024\/08\/MedixFarm-MedixFarm-DRS-215.png","datePublished":"2024-08-24T17:33:39+00:00","dateModified":"2024-08-24T17:41:18+00:00","breadcrumb":{"@id":"https:\/\/www.medixfarm.ro\/product\/dulap-drs-215\/#breadcrumb"},"inLanguage":"en-US","potentialAction":[{"@type":"ReadAction","target":["https:\/\/www.medixfarm.ro\/product\/dulap-drs-215\/"]}]},{"@type":"ImageObject","inLanguage":"en-US","@id":"https:\/\/www.medixfarm.ro\/product\/dulap-drs-215\/#primaryimage","url":"https:\/\/www.medixfarm.ro\/wp-content\/uploads\/2024\/08\/MedixFarm-MedixFarm-DRS-215.png","contentUrl":"https:\/\/www.medixfarm.ro\/wp-content\/uploads\/2024\/08\/MedixFarm-MedixFarm-DRS-215.png","width":800,"height":800},{"@type":"BreadcrumbList","@id":"https:\/\/www.medixfarm.ro\/product\/dulap-drs-215\/#breadcrumb","itemListElement":[{"@type":"ListItem","position":1,"name":"Home","item":"https:\/\/www.medixfarm.ro\/"},{"@type":"ListItem","position":2,"name":"Produse","item":"https:\/\/www.medixfarm.ro\/shop\/"},{"@type":"ListItem","position":3,"name":"Dulap DRS-215"}]},{"@type":"WebSite","@id":"https:\/\/www.medixfarm.ro\/#website","url":"https:\/\/www.medixfarm.ro\/","name":"Medixfarm","description":"Medixfarm","publisher":{"@id":"https:\/\/www.medixfarm.ro\/#organization"},"potentialAction":[{"@type":"SearchAction","target":{"@type":"EntryPoint","urlTemplate":"https:\/\/www.medixfarm.ro\/?s={search_term_string}"},"query-input":{"@type":"PropertyValueSpecification","valueRequired":true,"valueName":"search_term_string"}}],"inLanguage":"en-US"},{"@type":"Organization","@id":"https:\/\/www.medixfarm.ro\/#organization","name":"Medixfarm Tehnoplus SRL","url":"https:\/\/www.medixfarm.ro\/","logo":{"@type":"ImageObject","inLanguage":"en-US","@id":"https:\/\/www.medixfarm.ro\/#\/schema\/logo\/image\/","url":"https:\/\/www.medixfarm.ro\/wp-content\/uploads\/2023\/11\/Medxfarm-Tehnoplus-FINAL-curbe-c9.png","contentUrl":"https:\/\/www.medixfarm.ro\/wp-content\/uploads\/2023\/11\/Medxfarm-Tehnoplus-FINAL-curbe-c9.png","width":3508,"height":1182,"caption":"Medixfarm Tehnoplus SRL"},"image":{"@id":"https:\/\/www.medixfarm.ro\/#\/schema\/logo\/image\/"}}]}},"_links":{"self":[{"href":"https:\/\/www.medixfarm.ro\/en\/wp-json\/wp\/v2\/product\/3185"}],"collection":[{"href":"https:\/\/www.medixfarm.ro\/en\/wp-json\/wp\/v2\/product"}],"about":[{"href":"https:\/\/www.medixfarm.ro\/en\/wp-json\/wp\/v2\/types\/product"}],"replies":[{"embeddable":true,"href":"https:\/\/www.medixfarm.ro\/en\/wp-json\/wp\/v2\/comments?post=3185"}],"wp:featuredmedia":[{"embeddable":true,"href":"https:\/\/www.medixfarm.ro\/en\/wp-json\/wp\/v2\/media\/3189"}],"wp:attachment":[{"href":"https:\/\/www.medixfarm.ro\/en\/wp-json\/wp\/v2\/media?parent=3185"}],"wp:term":[{"taxonomy":"product_cat","embeddable":true,"href":"https:\/\/www.medixfarm.ro\/en\/wp-json\/wp\/v2\/product_cat?post=3185"},{"taxonomy":"product_tag","embeddable":true,"href":"https:\/\/www.medixfarm.ro\/en\/wp-json\/wp\/v2\/product_tag?post=3185"}],"curies":[{"name":"wp","href":"https:\/\/api.w.org\/{rel}","templated":true}]}}