{"id":3225,"date":"2024-09-11T12:30:53","date_gmt":"2024-09-11T12:30:53","guid":{"rendered":"https:\/\/www.medixfarm.ro\/?post_type=product&#038;p=3225"},"modified":"2024-09-18T08:03:02","modified_gmt":"2024-09-18T08:03:02","slug":"silonda-care","status":"publish","type":"product","link":"https:\/\/www.medixfarm.ro\/en\/product\/silonda-care\/","title":{"rendered":"Silonda Care"},"content":{"rendered":"<h3>Silonda Care<\/h3>\n<h5>Lotiune pentru regenerarea pielii, ce ofer\u0103 o \u00eengrijire special\u0103 tegumentelor deteriorate datorit\u0103 combina\u021biei inedite de ingrediente.<\/h5>\n<p><strong><span style=\"color: #339966;\">UTILIZARE:<\/span><br \/>\n<\/strong><span style=\"color: #ff0000;\"><strong>\u25aa\u00a0<\/strong><\/span>\u00cengrijirea pielii este la fel de important\u0103 ca \u0219i sp\u0103larea sau dezinfec\u021bia, pentru a avea m\u00e2ini curate \u0219i \u00eengrijite.<br \/>\n<span style=\"color: #ff0000;\"><strong>\u25aa\u00a0<\/strong><\/span>Aplica\u021bi regulat Silonda Care pe pielea deteriorat\u0103. Este recomandat\u0103 utilizarea la sf\u00e2r\u0219itul programului de lucru sau \u00eenaintea unei pauze.<br \/>\n<span style=\"color: #ff0000;\"><strong>\u25aa\u00a0<\/strong><\/span>Produsul trebuie utilizat obligatoriu pe pielea curat\u0103.<br \/>\n<span style=\"color: #ff0000;\"><strong>\u25aa\u00a0<\/strong><\/span>A se utiliza de c\u0103tre pacien\u021bi \u0219i personalul medical.<\/p>\n<p><strong><span style=\"color: #339966;\">INGREDIENTE:<\/span><br \/>\n<\/strong><span style=\"color: #ff0000;\"><strong>\u25aa\u00a0<\/strong><\/span>Emulsie tip ap\u0103-\u00een-ulei pentru regenerarea pielii.<br \/>\n<span style=\"color: #ff0000;\"><strong>\u25aa\u00a0<\/strong><\/span>Formul\u0103 \u00eembog\u0103\u021bit\u0103 cu glicerin\u0103.<br \/>\n<span style=\"color: #ff0000;\"><strong>\u25aa\u00a0<\/strong><\/span>Con\u021bine Vitamina E pentru protejarea pielii.<\/p>\n<p><span style=\"color: #339966;\"><strong>EFICIENTA:<\/strong><\/span><br \/>\n<span style=\"color: #ff0000;\"><strong>\u25aa\u00a0<\/strong><\/span>Silonda Care este compatibil\u0103 cu o gam\u0103 variat\u0103 de dezinfectan\u021bi pentru m\u00e2ini \u0219i nu neutralizeaz\u0103 eficacitatea microbian\u0103 a acestora.<\/p>\n<p><strong><span style=\"color: #339966;\">COMPATIBILITATE CU PIELEA:<\/span><br \/>\n<\/strong><strong><span style=\"color: #ff0000;\">\u25aa\u00a0<\/span><\/strong>Testat dermatologic<br \/>\n<strong><span style=\"color: #ff0000;\">\u25aa\u00a0<\/span><\/strong>Indicat pentru toate tipurile de piele.<\/p>\n<p><strong><span style=\"color: #339966;\">FORMA DE AMBALARE:<\/span><br \/>\n<\/strong><span style=\"color: #ff0000;\"><strong>\u25aa\u00a0<\/strong><\/span>Flacon plastic 500 ml<\/p>","protected":false},"excerpt":{"rendered":"<h5>Lotiune pentru regenerarea pielii, ce ofer\u0103 o \u00eengrijire special\u0103 tegumentelor deteriorate datorit\u0103 combina\u021biei inedite de ingrediente.<\/h5>","protected":false},"featured_media":3226,"comment_status":"open","ping_status":"closed","template":"","meta":{"inline_featured_image":false},"product_cat":[67],"product_tag":[83],"class_list":{"0":"post-3225","1":"product","2":"type-product","3":"status-publish","4":"has-post-thumbnail","6":"product_cat-dezinfectanti-maini","7":"product_tag-ecolab","9":"first","10":"instock","11":"shipping-taxable","12":"product-type-simple"},"yoast_head":"<!-- This site is optimized with the Yoast SEO Premium plugin v23.7 (Yoast SEO v23.7) - https:\/\/yoast.com\/wordpress\/plugins\/seo\/ -->\n<title>Silonda Care | Medixfarm<\/title>\n<meta name=\"description\" content=\"Lotiune pentru regenerarea pielii, ce ofer\u0103 o \u00eengrijire special\u0103 tegumentelor deteriorate datorit\u0103 combina\u021biei inedite de ingrediente\" \/>\n<meta name=\"robots\" content=\"index, follow, max-snippet:-1, max-image-preview:large, max-video-preview:-1\" \/>\n<link rel=\"canonical\" href=\"https:\/\/www.medixfarm.ro\/en\/product\/silonda-care\/\" \/>\n<meta property=\"og:locale\" content=\"en_US\" \/>\n<meta property=\"og:type\" content=\"article\" \/>\n<meta property=\"og:title\" content=\"Silonda Care\" \/>\n<meta property=\"og:description\" content=\"Lotiune pentru regenerarea pielii, ce ofer\u0103 o \u00eengrijire special\u0103 tegumentelor deteriorate datorit\u0103 combina\u021biei inedite de ingrediente\" \/>\n<meta property=\"og:url\" content=\"https:\/\/www.medixfarm.ro\/en\/product\/silonda-care\/\" \/>\n<meta property=\"og:site_name\" content=\"Medixfarm\" \/>\n<meta property=\"article:modified_time\" content=\"2024-09-18T08:03:02+00:00\" \/>\n<meta property=\"og:image\" content=\"https:\/\/www.medixfarm.ro\/wp-content\/uploads\/2024\/09\/SILONDACARE.jpg\" \/>\n\t<meta property=\"og:image:width\" content=\"511\" \/>\n\t<meta property=\"og:image:height\" content=\"535\" \/>\n\t<meta property=\"og:image:type\" content=\"image\/jpeg\" \/>\n<meta name=\"twitter:card\" content=\"summary_large_image\" \/>\n<meta name=\"twitter:label1\" content=\"Est. reading time\" \/>\n\t<meta name=\"twitter:data1\" content=\"1 minute\" \/>\n<script type=\"application\/ld+json\" class=\"yoast-schema-graph\">{\"@context\":\"https:\/\/schema.org\",\"@graph\":[{\"@type\":\"WebPage\",\"@id\":\"https:\/\/www.medixfarm.ro\/product\/silonda-care\/\",\"url\":\"https:\/\/www.medixfarm.ro\/product\/silonda-care\/\",\"name\":\"Silonda Care | Medixfarm\",\"isPartOf\":{\"@id\":\"https:\/\/www.medixfarm.ro\/#website\"},\"primaryImageOfPage\":{\"@id\":\"https:\/\/www.medixfarm.ro\/product\/silonda-care\/#primaryimage\"},\"image\":{\"@id\":\"https:\/\/www.medixfarm.ro\/product\/silonda-care\/#primaryimage\"},\"thumbnailUrl\":\"https:\/\/www.medixfarm.ro\/wp-content\/uploads\/2024\/09\/SILONDACARE.jpg\",\"datePublished\":\"2024-09-11T12:30:53+00:00\",\"dateModified\":\"2024-09-18T08:03:02+00:00\",\"description\":\"Lotiune pentru regenerarea pielii, ce ofer\u0103 o \u00eengrijire special\u0103 tegumentelor deteriorate datorit\u0103 combina\u021biei inedite de ingrediente\",\"breadcrumb\":{\"@id\":\"https:\/\/www.medixfarm.ro\/product\/silonda-care\/#breadcrumb\"},\"inLanguage\":\"en-US\",\"potentialAction\":[{\"@type\":\"ReadAction\",\"target\":[\"https:\/\/www.medixfarm.ro\/product\/silonda-care\/\"]}]},{\"@type\":\"ImageObject\",\"inLanguage\":\"en-US\",\"@id\":\"https:\/\/www.medixfarm.ro\/product\/silonda-care\/#primaryimage\",\"url\":\"https:\/\/www.medixfarm.ro\/wp-content\/uploads\/2024\/09\/SILONDACARE.jpg\",\"contentUrl\":\"https:\/\/www.medixfarm.ro\/wp-content\/uploads\/2024\/09\/SILONDACARE.jpg\",\"width\":511,\"height\":535,\"caption\":\"Silonda Care - Lotiune pentru regenerarea pielii, ce ofer\u0103 o \u00eengrijire special\u0103 tegumentelor deteriorate datorit\u0103 combina\u021biei inedite de ingrediente\"},{\"@type\":\"BreadcrumbList\",\"@id\":\"https:\/\/www.medixfarm.ro\/product\/silonda-care\/#breadcrumb\",\"itemListElement\":[{\"@type\":\"ListItem\",\"position\":1,\"name\":\"Home\",\"item\":\"https:\/\/www.medixfarm.ro\/\"},{\"@type\":\"ListItem\",\"position\":2,\"name\":\"Produse\",\"item\":\"https:\/\/www.medixfarm.ro\/shop\/\"},{\"@type\":\"ListItem\",\"position\":3,\"name\":\"Silonda Care\"}]},{\"@type\":\"WebSite\",\"@id\":\"https:\/\/www.medixfarm.ro\/#website\",\"url\":\"https:\/\/www.medixfarm.ro\/\",\"name\":\"Medixfarm\",\"description\":\"Medixfarm\",\"publisher\":{\"@id\":\"https:\/\/www.medixfarm.ro\/#organization\"},\"potentialAction\":[{\"@type\":\"SearchAction\",\"target\":{\"@type\":\"EntryPoint\",\"urlTemplate\":\"https:\/\/www.medixfarm.ro\/?s={search_term_string}\"},\"query-input\":{\"@type\":\"PropertyValueSpecification\",\"valueRequired\":true,\"valueName\":\"search_term_string\"}}],\"inLanguage\":\"en-US\"},{\"@type\":\"Organization\",\"@id\":\"https:\/\/www.medixfarm.ro\/#organization\",\"name\":\"Medixfarm Tehnoplus SRL\",\"url\":\"https:\/\/www.medixfarm.ro\/\",\"logo\":{\"@type\":\"ImageObject\",\"inLanguage\":\"en-US\",\"@id\":\"https:\/\/www.medixfarm.ro\/#\/schema\/logo\/image\/\",\"url\":\"https:\/\/www.medixfarm.ro\/wp-content\/uploads\/2023\/11\/Medxfarm-Tehnoplus-FINAL-curbe-c9.png\",\"contentUrl\":\"https:\/\/www.medixfarm.ro\/wp-content\/uploads\/2023\/11\/Medxfarm-Tehnoplus-FINAL-curbe-c9.png\",\"width\":3508,\"height\":1182,\"caption\":\"Medixfarm Tehnoplus SRL\"},\"image\":{\"@id\":\"https:\/\/www.medixfarm.ro\/#\/schema\/logo\/image\/\"}}]}<\/script>\n<!-- \/ Yoast SEO Premium plugin. -->","yoast_head_json":{"title":"Silonda Care | Medixfarm","description":"Lotiune pentru regenerarea pielii, ce ofer\u0103 o \u00eengrijire special\u0103 tegumentelor deteriorate datorit\u0103 combina\u021biei inedite de ingrediente","robots":{"index":"index","follow":"follow","max-snippet":"max-snippet:-1","max-image-preview":"max-image-preview:large","max-video-preview":"max-video-preview:-1"},"canonical":"https:\/\/www.medixfarm.ro\/en\/product\/silonda-care\/","og_locale":"en_US","og_type":"article","og_title":"Silonda Care","og_description":"Lotiune pentru regenerarea pielii, ce ofer\u0103 o \u00eengrijire special\u0103 tegumentelor deteriorate datorit\u0103 combina\u021biei inedite de ingrediente","og_url":"https:\/\/www.medixfarm.ro\/en\/product\/silonda-care\/","og_site_name":"Medixfarm","article_modified_time":"2024-09-18T08:03:02+00:00","og_image":[{"width":511,"height":535,"url":"https:\/\/www.medixfarm.ro\/wp-content\/uploads\/2024\/09\/SILONDACARE.jpg","type":"image\/jpeg"}],"twitter_card":"summary_large_image","twitter_misc":{"Est. reading time":"1 minute"},"schema":{"@context":"https:\/\/schema.org","@graph":[{"@type":"WebPage","@id":"https:\/\/www.medixfarm.ro\/product\/silonda-care\/","url":"https:\/\/www.medixfarm.ro\/product\/silonda-care\/","name":"Silonda Care | Medixfarm","isPartOf":{"@id":"https:\/\/www.medixfarm.ro\/#website"},"primaryImageOfPage":{"@id":"https:\/\/www.medixfarm.ro\/product\/silonda-care\/#primaryimage"},"image":{"@id":"https:\/\/www.medixfarm.ro\/product\/silonda-care\/#primaryimage"},"thumbnailUrl":"https:\/\/www.medixfarm.ro\/wp-content\/uploads\/2024\/09\/SILONDACARE.jpg","datePublished":"2024-09-11T12:30:53+00:00","dateModified":"2024-09-18T08:03:02+00:00","description":"Lotiune pentru regenerarea pielii, ce ofer\u0103 o \u00eengrijire special\u0103 tegumentelor deteriorate datorit\u0103 combina\u021biei inedite de ingrediente","breadcrumb":{"@id":"https:\/\/www.medixfarm.ro\/product\/silonda-care\/#breadcrumb"},"inLanguage":"en-US","potentialAction":[{"@type":"ReadAction","target":["https:\/\/www.medixfarm.ro\/product\/silonda-care\/"]}]},{"@type":"ImageObject","inLanguage":"en-US","@id":"https:\/\/www.medixfarm.ro\/product\/silonda-care\/#primaryimage","url":"https:\/\/www.medixfarm.ro\/wp-content\/uploads\/2024\/09\/SILONDACARE.jpg","contentUrl":"https:\/\/www.medixfarm.ro\/wp-content\/uploads\/2024\/09\/SILONDACARE.jpg","width":511,"height":535,"caption":"Silonda Care - Lotiune pentru regenerarea pielii, ce ofer\u0103 o \u00eengrijire special\u0103 tegumentelor deteriorate datorit\u0103 combina\u021biei inedite de ingrediente"},{"@type":"BreadcrumbList","@id":"https:\/\/www.medixfarm.ro\/product\/silonda-care\/#breadcrumb","itemListElement":[{"@type":"ListItem","position":1,"name":"Home","item":"https:\/\/www.medixfarm.ro\/"},{"@type":"ListItem","position":2,"name":"Produse","item":"https:\/\/www.medixfarm.ro\/shop\/"},{"@type":"ListItem","position":3,"name":"Silonda Care"}]},{"@type":"WebSite","@id":"https:\/\/www.medixfarm.ro\/#website","url":"https:\/\/www.medixfarm.ro\/","name":"Medixfarm","description":"Medixfarm","publisher":{"@id":"https:\/\/www.medixfarm.ro\/#organization"},"potentialAction":[{"@type":"SearchAction","target":{"@type":"EntryPoint","urlTemplate":"https:\/\/www.medixfarm.ro\/?s={search_term_string}"},"query-input":{"@type":"PropertyValueSpecification","valueRequired":true,"valueName":"search_term_string"}}],"inLanguage":"en-US"},{"@type":"Organization","@id":"https:\/\/www.medixfarm.ro\/#organization","name":"Medixfarm Tehnoplus SRL","url":"https:\/\/www.medixfarm.ro\/","logo":{"@type":"ImageObject","inLanguage":"en-US","@id":"https:\/\/www.medixfarm.ro\/#\/schema\/logo\/image\/","url":"https:\/\/www.medixfarm.ro\/wp-content\/uploads\/2023\/11\/Medxfarm-Tehnoplus-FINAL-curbe-c9.png","contentUrl":"https:\/\/www.medixfarm.ro\/wp-content\/uploads\/2023\/11\/Medxfarm-Tehnoplus-FINAL-curbe-c9.png","width":3508,"height":1182,"caption":"Medixfarm Tehnoplus SRL"},"image":{"@id":"https:\/\/www.medixfarm.ro\/#\/schema\/logo\/image\/"}}]}},"_links":{"self":[{"href":"https:\/\/www.medixfarm.ro\/en\/wp-json\/wp\/v2\/product\/3225"}],"collection":[{"href":"https:\/\/www.medixfarm.ro\/en\/wp-json\/wp\/v2\/product"}],"about":[{"href":"https:\/\/www.medixfarm.ro\/en\/wp-json\/wp\/v2\/types\/product"}],"replies":[{"embeddable":true,"href":"https:\/\/www.medixfarm.ro\/en\/wp-json\/wp\/v2\/comments?post=3225"}],"wp:featuredmedia":[{"embeddable":true,"href":"https:\/\/www.medixfarm.ro\/en\/wp-json\/wp\/v2\/media\/3226"}],"wp:attachment":[{"href":"https:\/\/www.medixfarm.ro\/en\/wp-json\/wp\/v2\/media?parent=3225"}],"wp:term":[{"taxonomy":"product_cat","embeddable":true,"href":"https:\/\/www.medixfarm.ro\/en\/wp-json\/wp\/v2\/product_cat?post=3225"},{"taxonomy":"product_tag","embeddable":true,"href":"https:\/\/www.medixfarm.ro\/en\/wp-json\/wp\/v2\/product_tag?post=3225"}],"curies":[{"name":"wp","href":"https:\/\/api.w.org\/{rel}","templated":true}]}}