{"id":3276,"date":"2024-09-27T11:19:30","date_gmt":"2024-09-27T11:19:30","guid":{"rendered":"https:\/\/www.medixfarm.ro\/?post_type=product&#038;p=3276"},"modified":"2024-10-17T07:53:06","modified_gmt":"2024-10-17T07:53:06","slug":"aniosyme-xl3","status":"publish","type":"product","link":"https:\/\/www.medixfarm.ro\/en\/product\/aniosyme-xl3\/","title":{"rendered":"Aniosyme XL3"},"content":{"rendered":"<h3>Aniosyme XL3<\/h3>\n<h5>Pre-dezinfectant tri-enzimatic neutru pentru cur\u0103\u021barea \u0219i dezinfec\u021bia manuala a dispozitivelor medicale, inainte de sterilizare.<\/h5>\n<p><strong><span style=\"color: #339966;\">UTILIZARE:<\/span><br \/>\n<span style=\"color: #ff0000;\">\u25aa <\/span><\/strong>Putere de cur\u0103\u021bare \u0219i pre-dezinfec\u021bie enzimatic\u0103 XL pentru reprocesarea manual\u0103 avansat\u0103.<br \/>\n<strong><span style=\"color: #ff0000;\">\u25aa <\/span><\/strong>Cur\u0103\u021barea \u0219i dezinfec\u021bia dispozitivelor medicale: instrumente medicale \u0219i chirurgicale, instrumente termosensibile \u0219i echipamente de endoscopie, \u00eenainte de sterilizare.<br \/>\n<span style=\"color: #ff0000;\">\u25aa <\/span>Solu\u021bie concentrat\u0103 pentru uz profesional.<strong><br \/>\n<\/strong><\/p>\n<p><strong><span style=\"color: #339966;\">INGREDIENTE:<\/span><br \/>\n<\/strong><span style=\"color: #ff0000;\">\u25aa <\/span>Carbonat de amoniu cuaternar.<span style=\"color: #ff0000;\"><br \/>\n\u25aa <\/span>Surfactan\u021bi neionici.<span style=\"color: #ff0000;\"><br \/>\n\u25aa <\/span>Complex de enzime (proteaz\u0103, amilaz\u0103 \u0219i mananaz\u0103).<\/p>\n<p><strong><span style=\"color: #339966;\">EFICACITATE:<\/span><br \/>\n<\/strong><span style=\"color: #ff0000;\">\u25aa<\/span> Performan\u021be puternice de cur\u0103\u021bare<br \/>\n<span style=\"color: #ff0000;\"><strong>\u25aa <\/strong><\/span>Eficacitate antimicrobian\u0103 optimizat\u0103 de la 5 minute.<br \/>\n<strong><span style=\"color: #ff0000;\">\u25aa <\/span><\/strong>Se utilizeaz\u0103 pentru inmuiere la o anumit\u0103 dilu\u021bie, respect\u00e2nd timpul de contact.<\/p>\n<p><strong><span style=\"color: #339966;\">COMPATIBILITATE CU MATERIALELE:<\/span><br \/>\n<\/strong><span style=\"color: #ff0000;\">\u25aa <\/span>Formula sa tri-enzimatic\u0103 special dezvoltat\u0103 ofer\u0103 o compatibilitate excelent\u0103 cu materialele prin cele mai mici concentra\u021bii, \u00een cel mai scurt timp de contact.<br \/>\n<span style=\"color: #ff0000;\">\u25aa <\/span>Nu este coroziv pe materiale.<strong><br \/>\n<\/strong><\/p>\n<p><strong><span style=\"color: #339966;\">FORMA DE AMBALARE:<\/span><br \/>\n<\/strong><span style=\"color: #ff0000;\">\u25aa <\/span>Flacon plastic 1L.<br \/>\n<span style=\"color: #ff0000;\">\u25aa <\/span>Flacon plastic 5L.<\/p>","protected":false},"excerpt":{"rendered":"<h5>Pre-dezinfectant tri-enzimatic neutru pentru cur\u0103\u021barea \u0219i dezinfec\u021bia manuala a dispozitivelor medicale, inainte de sterilizare.<\/h5>","protected":false},"featured_media":3277,"comment_status":"open","ping_status":"closed","template":"","meta":{"inline_featured_image":false},"product_cat":[77],"product_tag":[83,131],"class_list":{"0":"post-3276","1":"product","2":"type-product","3":"status-publish","4":"has-post-thumbnail","6":"product_cat-dezinfectanti-instrumentar","7":"product_tag-ecolab","8":"product_tag-anios","10":"first","11":"instock","12":"shipping-taxable","13":"product-type-simple"},"yoast_head":"<!-- This site is optimized with the Yoast SEO Premium plugin v23.7 (Yoast SEO v23.7) - https:\/\/yoast.com\/wordpress\/plugins\/seo\/ -->\n<title>Aniosyme XL3 | Medixfarm<\/title>\n<meta name=\"description\" content=\"Pre-dezinfectant tri-enzimatic neutru pentru cur\u0103\u021barea \u0219i dezinfec\u021bia manuala a dispozitivelor medicale, inainte de sterilizare.\" \/>\n<meta name=\"robots\" content=\"index, follow, max-snippet:-1, max-image-preview:large, max-video-preview:-1\" \/>\n<link rel=\"canonical\" href=\"https:\/\/www.medixfarm.ro\/en\/product\/aniosyme-xl3\/\" \/>\n<meta property=\"og:locale\" content=\"en_US\" \/>\n<meta property=\"og:type\" content=\"article\" \/>\n<meta property=\"og:title\" content=\"Aniosyme XL3\" \/>\n<meta property=\"og:description\" content=\"Pre-dezinfectant tri-enzimatic neutru pentru cur\u0103\u021barea \u0219i dezinfec\u021bia manuala a dispozitivelor medicale, inainte de sterilizare.\" \/>\n<meta property=\"og:url\" content=\"https:\/\/www.medixfarm.ro\/en\/product\/aniosyme-xl3\/\" \/>\n<meta property=\"og:site_name\" content=\"Medixfarm\" \/>\n<meta property=\"article:modified_time\" content=\"2024-10-17T07:53:06+00:00\" \/>\n<meta property=\"og:image\" content=\"https:\/\/www.medixfarm.ro\/wp-content\/uploads\/2024\/09\/ANIOSYMEXL3.jpg\" \/>\n\t<meta property=\"og:image:width\" content=\"800\" \/>\n\t<meta property=\"og:image:height\" content=\"1040\" \/>\n\t<meta property=\"og:image:type\" content=\"image\/jpeg\" \/>\n<meta name=\"twitter:card\" content=\"summary_large_image\" \/>\n<meta name=\"twitter:label1\" content=\"Est. reading time\" \/>\n\t<meta name=\"twitter:data1\" content=\"1 minute\" \/>\n<script type=\"application\/ld+json\" class=\"yoast-schema-graph\">{\"@context\":\"https:\/\/schema.org\",\"@graph\":[{\"@type\":\"WebPage\",\"@id\":\"https:\/\/www.medixfarm.ro\/product\/aniosyme-xl3\/\",\"url\":\"https:\/\/www.medixfarm.ro\/product\/aniosyme-xl3\/\",\"name\":\"Aniosyme XL3 | Medixfarm\",\"isPartOf\":{\"@id\":\"https:\/\/www.medixfarm.ro\/#website\"},\"primaryImageOfPage\":{\"@id\":\"https:\/\/www.medixfarm.ro\/product\/aniosyme-xl3\/#primaryimage\"},\"image\":{\"@id\":\"https:\/\/www.medixfarm.ro\/product\/aniosyme-xl3\/#primaryimage\"},\"thumbnailUrl\":\"https:\/\/www.medixfarm.ro\/wp-content\/uploads\/2024\/09\/ANIOSYMEXL3.jpg\",\"datePublished\":\"2024-09-27T11:19:30+00:00\",\"dateModified\":\"2024-10-17T07:53:06+00:00\",\"description\":\"Pre-dezinfectant tri-enzimatic neutru pentru cur\u0103\u021barea \u0219i dezinfec\u021bia manuala a dispozitivelor medicale, inainte de sterilizare.\",\"breadcrumb\":{\"@id\":\"https:\/\/www.medixfarm.ro\/product\/aniosyme-xl3\/#breadcrumb\"},\"inLanguage\":\"en-US\",\"potentialAction\":[{\"@type\":\"ReadAction\",\"target\":[\"https:\/\/www.medixfarm.ro\/product\/aniosyme-xl3\/\"]}]},{\"@type\":\"ImageObject\",\"inLanguage\":\"en-US\",\"@id\":\"https:\/\/www.medixfarm.ro\/product\/aniosyme-xl3\/#primaryimage\",\"url\":\"https:\/\/www.medixfarm.ro\/wp-content\/uploads\/2024\/09\/ANIOSYMEXL3.jpg\",\"contentUrl\":\"https:\/\/www.medixfarm.ro\/wp-content\/uploads\/2024\/09\/ANIOSYMEXL3.jpg\",\"width\":800,\"height\":1040},{\"@type\":\"BreadcrumbList\",\"@id\":\"https:\/\/www.medixfarm.ro\/product\/aniosyme-xl3\/#breadcrumb\",\"itemListElement\":[{\"@type\":\"ListItem\",\"position\":1,\"name\":\"Home\",\"item\":\"https:\/\/www.medixfarm.ro\/\"},{\"@type\":\"ListItem\",\"position\":2,\"name\":\"Produse\",\"item\":\"https:\/\/www.medixfarm.ro\/shop\/\"},{\"@type\":\"ListItem\",\"position\":3,\"name\":\"Aniosyme XL3\"}]},{\"@type\":\"WebSite\",\"@id\":\"https:\/\/www.medixfarm.ro\/#website\",\"url\":\"https:\/\/www.medixfarm.ro\/\",\"name\":\"Medixfarm\",\"description\":\"Medixfarm\",\"publisher\":{\"@id\":\"https:\/\/www.medixfarm.ro\/#organization\"},\"potentialAction\":[{\"@type\":\"SearchAction\",\"target\":{\"@type\":\"EntryPoint\",\"urlTemplate\":\"https:\/\/www.medixfarm.ro\/?s={search_term_string}\"},\"query-input\":{\"@type\":\"PropertyValueSpecification\",\"valueRequired\":true,\"valueName\":\"search_term_string\"}}],\"inLanguage\":\"en-US\"},{\"@type\":\"Organization\",\"@id\":\"https:\/\/www.medixfarm.ro\/#organization\",\"name\":\"Medixfarm Tehnoplus SRL\",\"url\":\"https:\/\/www.medixfarm.ro\/\",\"logo\":{\"@type\":\"ImageObject\",\"inLanguage\":\"en-US\",\"@id\":\"https:\/\/www.medixfarm.ro\/#\/schema\/logo\/image\/\",\"url\":\"https:\/\/www.medixfarm.ro\/wp-content\/uploads\/2023\/11\/Medxfarm-Tehnoplus-FINAL-curbe-c9.png\",\"contentUrl\":\"https:\/\/www.medixfarm.ro\/wp-content\/uploads\/2023\/11\/Medxfarm-Tehnoplus-FINAL-curbe-c9.png\",\"width\":3508,\"height\":1182,\"caption\":\"Medixfarm Tehnoplus SRL\"},\"image\":{\"@id\":\"https:\/\/www.medixfarm.ro\/#\/schema\/logo\/image\/\"}}]}<\/script>\n<!-- \/ Yoast SEO Premium plugin. -->","yoast_head_json":{"title":"Aniosyme XL3 | Medixfarm","description":"Pre-dezinfectant tri-enzimatic neutru pentru cur\u0103\u021barea \u0219i dezinfec\u021bia manuala a dispozitivelor medicale, inainte de sterilizare.","robots":{"index":"index","follow":"follow","max-snippet":"max-snippet:-1","max-image-preview":"max-image-preview:large","max-video-preview":"max-video-preview:-1"},"canonical":"https:\/\/www.medixfarm.ro\/en\/product\/aniosyme-xl3\/","og_locale":"en_US","og_type":"article","og_title":"Aniosyme XL3","og_description":"Pre-dezinfectant tri-enzimatic neutru pentru cur\u0103\u021barea \u0219i dezinfec\u021bia manuala a dispozitivelor medicale, inainte de sterilizare.","og_url":"https:\/\/www.medixfarm.ro\/en\/product\/aniosyme-xl3\/","og_site_name":"Medixfarm","article_modified_time":"2024-10-17T07:53:06+00:00","og_image":[{"width":800,"height":1040,"url":"https:\/\/www.medixfarm.ro\/wp-content\/uploads\/2024\/09\/ANIOSYMEXL3.jpg","type":"image\/jpeg"}],"twitter_card":"summary_large_image","twitter_misc":{"Est. reading time":"1 minute"},"schema":{"@context":"https:\/\/schema.org","@graph":[{"@type":"WebPage","@id":"https:\/\/www.medixfarm.ro\/product\/aniosyme-xl3\/","url":"https:\/\/www.medixfarm.ro\/product\/aniosyme-xl3\/","name":"Aniosyme XL3 | Medixfarm","isPartOf":{"@id":"https:\/\/www.medixfarm.ro\/#website"},"primaryImageOfPage":{"@id":"https:\/\/www.medixfarm.ro\/product\/aniosyme-xl3\/#primaryimage"},"image":{"@id":"https:\/\/www.medixfarm.ro\/product\/aniosyme-xl3\/#primaryimage"},"thumbnailUrl":"https:\/\/www.medixfarm.ro\/wp-content\/uploads\/2024\/09\/ANIOSYMEXL3.jpg","datePublished":"2024-09-27T11:19:30+00:00","dateModified":"2024-10-17T07:53:06+00:00","description":"Pre-dezinfectant tri-enzimatic neutru pentru cur\u0103\u021barea \u0219i dezinfec\u021bia manuala a dispozitivelor medicale, inainte de sterilizare.","breadcrumb":{"@id":"https:\/\/www.medixfarm.ro\/product\/aniosyme-xl3\/#breadcrumb"},"inLanguage":"en-US","potentialAction":[{"@type":"ReadAction","target":["https:\/\/www.medixfarm.ro\/product\/aniosyme-xl3\/"]}]},{"@type":"ImageObject","inLanguage":"en-US","@id":"https:\/\/www.medixfarm.ro\/product\/aniosyme-xl3\/#primaryimage","url":"https:\/\/www.medixfarm.ro\/wp-content\/uploads\/2024\/09\/ANIOSYMEXL3.jpg","contentUrl":"https:\/\/www.medixfarm.ro\/wp-content\/uploads\/2024\/09\/ANIOSYMEXL3.jpg","width":800,"height":1040},{"@type":"BreadcrumbList","@id":"https:\/\/www.medixfarm.ro\/product\/aniosyme-xl3\/#breadcrumb","itemListElement":[{"@type":"ListItem","position":1,"name":"Home","item":"https:\/\/www.medixfarm.ro\/"},{"@type":"ListItem","position":2,"name":"Produse","item":"https:\/\/www.medixfarm.ro\/shop\/"},{"@type":"ListItem","position":3,"name":"Aniosyme XL3"}]},{"@type":"WebSite","@id":"https:\/\/www.medixfarm.ro\/#website","url":"https:\/\/www.medixfarm.ro\/","name":"Medixfarm","description":"Medixfarm","publisher":{"@id":"https:\/\/www.medixfarm.ro\/#organization"},"potentialAction":[{"@type":"SearchAction","target":{"@type":"EntryPoint","urlTemplate":"https:\/\/www.medixfarm.ro\/?s={search_term_string}"},"query-input":{"@type":"PropertyValueSpecification","valueRequired":true,"valueName":"search_term_string"}}],"inLanguage":"en-US"},{"@type":"Organization","@id":"https:\/\/www.medixfarm.ro\/#organization","name":"Medixfarm Tehnoplus SRL","url":"https:\/\/www.medixfarm.ro\/","logo":{"@type":"ImageObject","inLanguage":"en-US","@id":"https:\/\/www.medixfarm.ro\/#\/schema\/logo\/image\/","url":"https:\/\/www.medixfarm.ro\/wp-content\/uploads\/2023\/11\/Medxfarm-Tehnoplus-FINAL-curbe-c9.png","contentUrl":"https:\/\/www.medixfarm.ro\/wp-content\/uploads\/2023\/11\/Medxfarm-Tehnoplus-FINAL-curbe-c9.png","width":3508,"height":1182,"caption":"Medixfarm Tehnoplus SRL"},"image":{"@id":"https:\/\/www.medixfarm.ro\/#\/schema\/logo\/image\/"}}]}},"_links":{"self":[{"href":"https:\/\/www.medixfarm.ro\/en\/wp-json\/wp\/v2\/product\/3276"}],"collection":[{"href":"https:\/\/www.medixfarm.ro\/en\/wp-json\/wp\/v2\/product"}],"about":[{"href":"https:\/\/www.medixfarm.ro\/en\/wp-json\/wp\/v2\/types\/product"}],"replies":[{"embeddable":true,"href":"https:\/\/www.medixfarm.ro\/en\/wp-json\/wp\/v2\/comments?post=3276"}],"wp:featuredmedia":[{"embeddable":true,"href":"https:\/\/www.medixfarm.ro\/en\/wp-json\/wp\/v2\/media\/3277"}],"wp:attachment":[{"href":"https:\/\/www.medixfarm.ro\/en\/wp-json\/wp\/v2\/media?parent=3276"}],"wp:term":[{"taxonomy":"product_cat","embeddable":true,"href":"https:\/\/www.medixfarm.ro\/en\/wp-json\/wp\/v2\/product_cat?post=3276"},{"taxonomy":"product_tag","embeddable":true,"href":"https:\/\/www.medixfarm.ro\/en\/wp-json\/wp\/v2\/product_tag?post=3276"}],"curies":[{"name":"wp","href":"https:\/\/api.w.org\/{rel}","templated":true}]}}