{"id":3301,"date":"2024-10-17T05:34:33","date_gmt":"2024-10-17T05:34:33","guid":{"rendered":"https:\/\/www.medixfarm.ro\/?post_type=product&#038;p=3301"},"modified":"2024-10-17T05:41:06","modified_gmt":"2024-10-17T05:41:06","slug":"sekumatic-ldi","status":"publish","type":"product","link":"https:\/\/www.medixfarm.ro\/en\/product\/sekumatic-ldi\/","title":{"rendered":"Sekumatic LDI"},"content":{"rendered":"<h3>Sekumatic LDI<\/h3>\n<h5>Lichid alcalin pentru curatarea si dezinfectia termo-chimica a instrumentelor medicale, chirurgicale si a dispozitivelor medicale.<\/h5>\n<p><strong><span style=\"color: #339966;\">UTILIZARE:<\/span><br \/>\n<span style=\"color: #ff0000;\">\u25aa <\/span><\/strong>Recomandat pentru murd\u0103ria organic\u0103 semnificativ\u0103.<br \/>\n<strong><span style=\"color: #ff0000;\">\u25aa <\/span><\/strong>Potrivit pentru toate obiectele compatibile cu sp\u0103larea \u00een ma\u0219ini automate de sp\u0103lare dezinfec\u021bie, sp\u0103l\u0103toare tunel \u0219i dulapuri de sp\u0103lare.<br \/>\n<span style=\"color: #ff0000;\">\u25aa <\/span>Solu\u021bia de lucru, temperatura \u0219i timpul de contact pot fi adaptate la performan\u021ba necesar\u0103.<strong><br \/>\n<\/strong><\/p>\n<p><strong><span style=\"color: #339966;\">INGREDIENTE:<\/span><br \/>\n<\/strong><span style=\"color: #ff0000;\">\u25aa <\/span>Agent alcalin.<br \/>\n<span style=\"color: #ff0000;\">\u25aa <\/span>Surfactan\u021bi neionici \u0219i amfoteri.<br \/>\n<span style=\"color: #ff0000;\">\u25aa <\/span>F\u0103r\u0103 fosfat, acid etilendiaminotetraacetic \u0219i acid nitrilotriacetic.<\/p>\n<p><strong><span style=\"color: #339966;\">EFICACITATE:<\/span><br \/>\n<\/strong><span style=\"color: #ff0000;\">\u25aa<\/span> Prezinta efect bactericid, levuricid, micobactericid si virucid.<br \/>\n<span style=\"color: #ff0000;\"><strong>\u25aa <\/strong><\/span>Utiliza\u021bi la o concentra\u021bie de 0,1% pana la 1,0%.<\/p>\n<p><strong><span style=\"color: #339966;\">COMPATIBILITATE CU MATERIALELE:<\/span><br \/>\n<\/strong><span style=\"color: #ff0000;\">\u25aa <\/span>Contine agenti anticorozivi.<strong><br \/>\n<\/strong><\/p>\n<p><strong><span style=\"color: #339966;\">FORMA DE AMBALARE:<\/span><br \/>\n<\/strong><span style=\"color: #ff0000;\">\u25aa <\/span>Canistra 5L.<\/p>","protected":false},"excerpt":{"rendered":"<h5>Lichid alcalin pentru curatarea si dezinfectia termo-chimica a instrumentelor medicale, chirurgicale si a dispozitivelor medicale.<\/h5>","protected":false},"featured_media":3302,"comment_status":"open","ping_status":"closed","template":"","meta":{"inline_featured_image":false},"product_cat":[77],"product_tag":[83],"class_list":{"0":"post-3301","1":"product","2":"type-product","3":"status-publish","4":"has-post-thumbnail","6":"product_cat-dezinfectanti-instrumentar","7":"product_tag-ecolab","9":"first","10":"instock","11":"shipping-taxable","12":"product-type-simple"},"yoast_head":"<!-- This site is optimized with the Yoast SEO Premium plugin v23.7 (Yoast SEO v23.7) - https:\/\/yoast.com\/wordpress\/plugins\/seo\/ -->\n<title>Sekumatic LDI | Medixfarm<\/title>\n<meta name=\"description\" content=\"Lichid alcalin pentru curatarea si dezinfectia termo-chimica a instrumentelor medicale, chirurgicale si a dispozitivelor medicale.\" \/>\n<meta name=\"robots\" content=\"index, follow, max-snippet:-1, max-image-preview:large, max-video-preview:-1\" \/>\n<link rel=\"canonical\" href=\"https:\/\/www.medixfarm.ro\/en\/product\/sekumatic-ldi\/\" \/>\n<meta property=\"og:locale\" content=\"en_US\" \/>\n<meta property=\"og:type\" content=\"article\" \/>\n<meta property=\"og:title\" content=\"Sekumatic LDI\" \/>\n<meta property=\"og:description\" content=\"Lichid alcalin pentru curatarea si dezinfectia termo-chimica a instrumentelor medicale, chirurgicale si a dispozitivelor medicale.\" \/>\n<meta property=\"og:url\" content=\"https:\/\/www.medixfarm.ro\/en\/product\/sekumatic-ldi\/\" \/>\n<meta property=\"og:site_name\" content=\"Medixfarm\" \/>\n<meta property=\"article:modified_time\" content=\"2024-10-17T05:41:06+00:00\" \/>\n<meta property=\"og:image\" content=\"https:\/\/www.medixfarm.ro\/wp-content\/uploads\/2024\/10\/a3ac1aae-50eb-4649-9b1a-eddbfedd6c04.jpg\" \/>\n\t<meta property=\"og:image:width\" content=\"763\" \/>\n\t<meta property=\"og:image:height\" content=\"803\" \/>\n\t<meta property=\"og:image:type\" content=\"image\/jpeg\" \/>\n<meta name=\"twitter:card\" content=\"summary_large_image\" \/>\n<meta name=\"twitter:label1\" content=\"Est. reading time\" \/>\n\t<meta name=\"twitter:data1\" content=\"1 minute\" \/>\n<script type=\"application\/ld+json\" class=\"yoast-schema-graph\">{\"@context\":\"https:\/\/schema.org\",\"@graph\":[{\"@type\":\"WebPage\",\"@id\":\"https:\/\/www.medixfarm.ro\/product\/sekumatic-ldi\/\",\"url\":\"https:\/\/www.medixfarm.ro\/product\/sekumatic-ldi\/\",\"name\":\"Sekumatic LDI | Medixfarm\",\"isPartOf\":{\"@id\":\"https:\/\/www.medixfarm.ro\/#website\"},\"primaryImageOfPage\":{\"@id\":\"https:\/\/www.medixfarm.ro\/product\/sekumatic-ldi\/#primaryimage\"},\"image\":{\"@id\":\"https:\/\/www.medixfarm.ro\/product\/sekumatic-ldi\/#primaryimage\"},\"thumbnailUrl\":\"https:\/\/www.medixfarm.ro\/wp-content\/uploads\/2024\/10\/a3ac1aae-50eb-4649-9b1a-eddbfedd6c04.jpg\",\"datePublished\":\"2024-10-17T05:34:33+00:00\",\"dateModified\":\"2024-10-17T05:41:06+00:00\",\"description\":\"Lichid alcalin pentru curatarea si dezinfectia termo-chimica a instrumentelor medicale, chirurgicale si a dispozitivelor medicale.\",\"breadcrumb\":{\"@id\":\"https:\/\/www.medixfarm.ro\/product\/sekumatic-ldi\/#breadcrumb\"},\"inLanguage\":\"en-US\",\"potentialAction\":[{\"@type\":\"ReadAction\",\"target\":[\"https:\/\/www.medixfarm.ro\/product\/sekumatic-ldi\/\"]}]},{\"@type\":\"ImageObject\",\"inLanguage\":\"en-US\",\"@id\":\"https:\/\/www.medixfarm.ro\/product\/sekumatic-ldi\/#primaryimage\",\"url\":\"https:\/\/www.medixfarm.ro\/wp-content\/uploads\/2024\/10\/a3ac1aae-50eb-4649-9b1a-eddbfedd6c04.jpg\",\"contentUrl\":\"https:\/\/www.medixfarm.ro\/wp-content\/uploads\/2024\/10\/a3ac1aae-50eb-4649-9b1a-eddbfedd6c04.jpg\",\"width\":763,\"height\":803,\"caption\":\"Sekumatic LDI\"},{\"@type\":\"BreadcrumbList\",\"@id\":\"https:\/\/www.medixfarm.ro\/product\/sekumatic-ldi\/#breadcrumb\",\"itemListElement\":[{\"@type\":\"ListItem\",\"position\":1,\"name\":\"Home\",\"item\":\"https:\/\/www.medixfarm.ro\/\"},{\"@type\":\"ListItem\",\"position\":2,\"name\":\"Produse\",\"item\":\"https:\/\/www.medixfarm.ro\/shop\/\"},{\"@type\":\"ListItem\",\"position\":3,\"name\":\"Sekumatic LDI\"}]},{\"@type\":\"WebSite\",\"@id\":\"https:\/\/www.medixfarm.ro\/#website\",\"url\":\"https:\/\/www.medixfarm.ro\/\",\"name\":\"Medixfarm\",\"description\":\"Medixfarm\",\"publisher\":{\"@id\":\"https:\/\/www.medixfarm.ro\/#organization\"},\"potentialAction\":[{\"@type\":\"SearchAction\",\"target\":{\"@type\":\"EntryPoint\",\"urlTemplate\":\"https:\/\/www.medixfarm.ro\/?s={search_term_string}\"},\"query-input\":{\"@type\":\"PropertyValueSpecification\",\"valueRequired\":true,\"valueName\":\"search_term_string\"}}],\"inLanguage\":\"en-US\"},{\"@type\":\"Organization\",\"@id\":\"https:\/\/www.medixfarm.ro\/#organization\",\"name\":\"Medixfarm Tehnoplus SRL\",\"url\":\"https:\/\/www.medixfarm.ro\/\",\"logo\":{\"@type\":\"ImageObject\",\"inLanguage\":\"en-US\",\"@id\":\"https:\/\/www.medixfarm.ro\/#\/schema\/logo\/image\/\",\"url\":\"https:\/\/www.medixfarm.ro\/wp-content\/uploads\/2023\/11\/Medxfarm-Tehnoplus-FINAL-curbe-c9.png\",\"contentUrl\":\"https:\/\/www.medixfarm.ro\/wp-content\/uploads\/2023\/11\/Medxfarm-Tehnoplus-FINAL-curbe-c9.png\",\"width\":3508,\"height\":1182,\"caption\":\"Medixfarm Tehnoplus SRL\"},\"image\":{\"@id\":\"https:\/\/www.medixfarm.ro\/#\/schema\/logo\/image\/\"}}]}<\/script>\n<!-- \/ Yoast SEO Premium plugin. -->","yoast_head_json":{"title":"Sekumatic LDI | Medixfarm","description":"Lichid alcalin pentru curatarea si dezinfectia termo-chimica a instrumentelor medicale, chirurgicale si a dispozitivelor medicale.","robots":{"index":"index","follow":"follow","max-snippet":"max-snippet:-1","max-image-preview":"max-image-preview:large","max-video-preview":"max-video-preview:-1"},"canonical":"https:\/\/www.medixfarm.ro\/en\/product\/sekumatic-ldi\/","og_locale":"en_US","og_type":"article","og_title":"Sekumatic LDI","og_description":"Lichid alcalin pentru curatarea si dezinfectia termo-chimica a instrumentelor medicale, chirurgicale si a dispozitivelor medicale.","og_url":"https:\/\/www.medixfarm.ro\/en\/product\/sekumatic-ldi\/","og_site_name":"Medixfarm","article_modified_time":"2024-10-17T05:41:06+00:00","og_image":[{"width":763,"height":803,"url":"https:\/\/www.medixfarm.ro\/wp-content\/uploads\/2024\/10\/a3ac1aae-50eb-4649-9b1a-eddbfedd6c04.jpg","type":"image\/jpeg"}],"twitter_card":"summary_large_image","twitter_misc":{"Est. reading time":"1 minute"},"schema":{"@context":"https:\/\/schema.org","@graph":[{"@type":"WebPage","@id":"https:\/\/www.medixfarm.ro\/product\/sekumatic-ldi\/","url":"https:\/\/www.medixfarm.ro\/product\/sekumatic-ldi\/","name":"Sekumatic LDI | Medixfarm","isPartOf":{"@id":"https:\/\/www.medixfarm.ro\/#website"},"primaryImageOfPage":{"@id":"https:\/\/www.medixfarm.ro\/product\/sekumatic-ldi\/#primaryimage"},"image":{"@id":"https:\/\/www.medixfarm.ro\/product\/sekumatic-ldi\/#primaryimage"},"thumbnailUrl":"https:\/\/www.medixfarm.ro\/wp-content\/uploads\/2024\/10\/a3ac1aae-50eb-4649-9b1a-eddbfedd6c04.jpg","datePublished":"2024-10-17T05:34:33+00:00","dateModified":"2024-10-17T05:41:06+00:00","description":"Lichid alcalin pentru curatarea si dezinfectia termo-chimica a instrumentelor medicale, chirurgicale si a dispozitivelor medicale.","breadcrumb":{"@id":"https:\/\/www.medixfarm.ro\/product\/sekumatic-ldi\/#breadcrumb"},"inLanguage":"en-US","potentialAction":[{"@type":"ReadAction","target":["https:\/\/www.medixfarm.ro\/product\/sekumatic-ldi\/"]}]},{"@type":"ImageObject","inLanguage":"en-US","@id":"https:\/\/www.medixfarm.ro\/product\/sekumatic-ldi\/#primaryimage","url":"https:\/\/www.medixfarm.ro\/wp-content\/uploads\/2024\/10\/a3ac1aae-50eb-4649-9b1a-eddbfedd6c04.jpg","contentUrl":"https:\/\/www.medixfarm.ro\/wp-content\/uploads\/2024\/10\/a3ac1aae-50eb-4649-9b1a-eddbfedd6c04.jpg","width":763,"height":803,"caption":"Sekumatic LDI"},{"@type":"BreadcrumbList","@id":"https:\/\/www.medixfarm.ro\/product\/sekumatic-ldi\/#breadcrumb","itemListElement":[{"@type":"ListItem","position":1,"name":"Home","item":"https:\/\/www.medixfarm.ro\/"},{"@type":"ListItem","position":2,"name":"Produse","item":"https:\/\/www.medixfarm.ro\/shop\/"},{"@type":"ListItem","position":3,"name":"Sekumatic LDI"}]},{"@type":"WebSite","@id":"https:\/\/www.medixfarm.ro\/#website","url":"https:\/\/www.medixfarm.ro\/","name":"Medixfarm","description":"Medixfarm","publisher":{"@id":"https:\/\/www.medixfarm.ro\/#organization"},"potentialAction":[{"@type":"SearchAction","target":{"@type":"EntryPoint","urlTemplate":"https:\/\/www.medixfarm.ro\/?s={search_term_string}"},"query-input":{"@type":"PropertyValueSpecification","valueRequired":true,"valueName":"search_term_string"}}],"inLanguage":"en-US"},{"@type":"Organization","@id":"https:\/\/www.medixfarm.ro\/#organization","name":"Medixfarm Tehnoplus SRL","url":"https:\/\/www.medixfarm.ro\/","logo":{"@type":"ImageObject","inLanguage":"en-US","@id":"https:\/\/www.medixfarm.ro\/#\/schema\/logo\/image\/","url":"https:\/\/www.medixfarm.ro\/wp-content\/uploads\/2023\/11\/Medxfarm-Tehnoplus-FINAL-curbe-c9.png","contentUrl":"https:\/\/www.medixfarm.ro\/wp-content\/uploads\/2023\/11\/Medxfarm-Tehnoplus-FINAL-curbe-c9.png","width":3508,"height":1182,"caption":"Medixfarm Tehnoplus SRL"},"image":{"@id":"https:\/\/www.medixfarm.ro\/#\/schema\/logo\/image\/"}}]}},"_links":{"self":[{"href":"https:\/\/www.medixfarm.ro\/en\/wp-json\/wp\/v2\/product\/3301"}],"collection":[{"href":"https:\/\/www.medixfarm.ro\/en\/wp-json\/wp\/v2\/product"}],"about":[{"href":"https:\/\/www.medixfarm.ro\/en\/wp-json\/wp\/v2\/types\/product"}],"replies":[{"embeddable":true,"href":"https:\/\/www.medixfarm.ro\/en\/wp-json\/wp\/v2\/comments?post=3301"}],"wp:featuredmedia":[{"embeddable":true,"href":"https:\/\/www.medixfarm.ro\/en\/wp-json\/wp\/v2\/media\/3302"}],"wp:attachment":[{"href":"https:\/\/www.medixfarm.ro\/en\/wp-json\/wp\/v2\/media?parent=3301"}],"wp:term":[{"taxonomy":"product_cat","embeddable":true,"href":"https:\/\/www.medixfarm.ro\/en\/wp-json\/wp\/v2\/product_cat?post=3301"},{"taxonomy":"product_tag","embeddable":true,"href":"https:\/\/www.medixfarm.ro\/en\/wp-json\/wp\/v2\/product_tag?post=3301"}],"curies":[{"name":"wp","href":"https:\/\/api.w.org\/{rel}","templated":true}]}}