{"id":3304,"date":"2024-10-17T05:43:53","date_gmt":"2024-10-17T05:43:53","guid":{"rendered":"https:\/\/www.medixfarm.ro\/?post_type=product&#038;p=3304"},"modified":"2024-10-17T07:25:28","modified_gmt":"2024-10-17T07:25:28","slug":"aseptanios-ad","status":"publish","type":"product","link":"https:\/\/www.medixfarm.ro\/en\/product\/aseptanios-ad\/","title":{"rendered":"Aseptanios AD"},"content":{"rendered":"<h3>Aseptanios AD<\/h3>\n<h5>Dezinfectant pe calea aerului, pe baza de acid peracetic si peroxid de hidrogen, pentru suprafete si echipamente curatate anterior.<\/h5>\n<p><strong><span style=\"color: #339966;\">UTILIZARE:<\/span><br \/>\n<span style=\"color: #ff0000;\">\u25aa <\/span><\/strong>Dezinfec\u021bia pe calea aerului a suprafe\u021belor \u0219i echipamentelor cur\u0103\u021bate anterior.<br \/>\n<strong><span style=\"color: #ff0000;\">\u25aa <\/span><\/strong>Solu\u021bie de aerosolizare gata de utilizat.<br \/>\n<span style=\"color: #ff0000;\">\u25aa <\/span>Proces recomandat pentru tratarea teatrelor operatorii \u0219i altor medii de risc sau \u00een timpul epidemiilor MDRB\/XDRB<strong><br \/>\n<\/strong><\/p>\n<p><strong><span style=\"color: #339966;\">INGREDIENTE:<\/span><br \/>\n<\/strong><span style=\"color: #ff0000;\">\u25aa <\/span>Acid peracetic<br \/>\n<span style=\"color: #ff0000;\">\u25aa <\/span>Peroxid de hidrogen<\/p>\n<p><strong><span style=\"color: #339966;\">EFICACITATE:<\/span><br \/>\n<\/strong><span style=\"color: #ff0000;\">\u25aa <\/span>Eficacitate antimicrobian\u0103 demonstrat\u0103 la 7ml\/m3 \u0219i \u00een 2 ore (maximum) privind ac\u021biunea bactericid\u0103, micobactericid\u0103, fungicid\u0103, virucid\u0103, sporicid\u0103, validat\u0103 de asemenea conform standardului de aplicare, EN 17272 (AEROSEPT ULTRA 150\/AEROSEPT 500\/AEROSEPT 500M)<br \/>\n<span style=\"color: #ff0000;\"><strong>\u25aa <\/strong><\/span>Pentru frecven\u021ba de utilizare \u0219i cur\u0103\u021bare a echipamentului de aplicare, consulta\u021bi planul de igien\u0103 \u00een vigoare.<\/p>\n<p><strong><span style=\"color: #339966;\">COMPATIBILITATE CU MATERIALELE:<\/span><br \/>\n<\/strong><span style=\"color: #ff0000;\">\u25aa <\/span>Formula este compatibil\u0103 cu toate suprafe\u021bele dure care intr\u0103 \u00een contact cu produsul \u00een mediul medical.<strong><br \/>\n<\/strong><\/p>\n<p><strong><span style=\"color: #339966;\">FORMA DE AMBALARE:<\/span><br \/>\n<\/strong><span style=\"color: #ff0000;\">\u25aa\u00a0<\/span>Flacon plastic 2L &#8211; pentru echipamentul Aerosept Ultra 150<br \/>\n<span style=\"color: #ff0000;\">\u25aa\u00a0<\/span>Flacon plastic 5L &#8211; pentru echipamentele Aerosept 500M si Aerosept 500<\/p>","protected":false},"excerpt":{"rendered":"<h5>Dezinfectant pe calea aerului, pe baza de acid peracetic si peroxid de hidrogen, pentru suprafete si echipamente curatate anterior.<\/h5>","protected":false},"featured_media":3305,"comment_status":"open","ping_status":"closed","template":"","meta":{"inline_featured_image":false},"product_cat":[132],"product_tag":[83,131],"class_list":{"0":"post-3304","1":"product","2":"type-product","3":"status-publish","4":"has-post-thumbnail","6":"product_cat-dezinfectia-aeromicroflorei","7":"product_tag-ecolab","8":"product_tag-anios","10":"first","11":"instock","12":"shipping-taxable","13":"product-type-simple"},"yoast_head":"<!-- This site is optimized with the Yoast SEO Premium plugin v23.7 (Yoast SEO v23.7) - https:\/\/yoast.com\/wordpress\/plugins\/seo\/ -->\n<title>Aseptanios AD | Medixfarm<\/title>\n<meta name=\"description\" content=\"Dezinfectant pe calea aerului, pe baza de acid peracetic si peroxid de hidrogen, pentru suprafete si echipamente curatate anterior.\" \/>\n<meta name=\"robots\" content=\"index, follow, max-snippet:-1, max-image-preview:large, max-video-preview:-1\" \/>\n<link rel=\"canonical\" href=\"https:\/\/www.medixfarm.ro\/en\/product\/aseptanios-ad\/\" \/>\n<meta property=\"og:locale\" content=\"en_US\" \/>\n<meta property=\"og:type\" content=\"article\" \/>\n<meta property=\"og:title\" content=\"Aseptanios AD\" \/>\n<meta property=\"og:description\" content=\"Dezinfectant pe calea aerului, pe baza de acid peracetic si peroxid de hidrogen, pentru suprafete si echipamente curatate anterior.\" \/>\n<meta property=\"og:url\" content=\"https:\/\/www.medixfarm.ro\/en\/product\/aseptanios-ad\/\" \/>\n<meta property=\"og:site_name\" content=\"Medixfarm\" \/>\n<meta property=\"article:modified_time\" content=\"2024-10-17T07:25:28+00:00\" \/>\n<meta property=\"og:image\" content=\"https:\/\/www.medixfarm.ro\/wp-content\/uploads\/2024\/10\/ASEPTAD.jpg\" \/>\n\t<meta property=\"og:image:width\" content=\"800\" \/>\n\t<meta property=\"og:image:height\" content=\"1040\" \/>\n\t<meta property=\"og:image:type\" content=\"image\/jpeg\" \/>\n<meta name=\"twitter:card\" content=\"summary_large_image\" \/>\n<meta name=\"twitter:label1\" content=\"Est. reading time\" \/>\n\t<meta name=\"twitter:data1\" content=\"1 minute\" \/>\n<script type=\"application\/ld+json\" class=\"yoast-schema-graph\">{\"@context\":\"https:\/\/schema.org\",\"@graph\":[{\"@type\":\"WebPage\",\"@id\":\"https:\/\/www.medixfarm.ro\/product\/aseptanios-ad\/\",\"url\":\"https:\/\/www.medixfarm.ro\/product\/aseptanios-ad\/\",\"name\":\"Aseptanios AD | Medixfarm\",\"isPartOf\":{\"@id\":\"https:\/\/www.medixfarm.ro\/#website\"},\"primaryImageOfPage\":{\"@id\":\"https:\/\/www.medixfarm.ro\/product\/aseptanios-ad\/#primaryimage\"},\"image\":{\"@id\":\"https:\/\/www.medixfarm.ro\/product\/aseptanios-ad\/#primaryimage\"},\"thumbnailUrl\":\"https:\/\/www.medixfarm.ro\/wp-content\/uploads\/2024\/10\/ASEPTAD.jpg\",\"datePublished\":\"2024-10-17T05:43:53+00:00\",\"dateModified\":\"2024-10-17T07:25:28+00:00\",\"description\":\"Dezinfectant pe calea aerului, pe baza de acid peracetic si peroxid de hidrogen, pentru suprafete si echipamente curatate anterior.\",\"breadcrumb\":{\"@id\":\"https:\/\/www.medixfarm.ro\/product\/aseptanios-ad\/#breadcrumb\"},\"inLanguage\":\"en-US\",\"potentialAction\":[{\"@type\":\"ReadAction\",\"target\":[\"https:\/\/www.medixfarm.ro\/product\/aseptanios-ad\/\"]}]},{\"@type\":\"ImageObject\",\"inLanguage\":\"en-US\",\"@id\":\"https:\/\/www.medixfarm.ro\/product\/aseptanios-ad\/#primaryimage\",\"url\":\"https:\/\/www.medixfarm.ro\/wp-content\/uploads\/2024\/10\/ASEPTAD.jpg\",\"contentUrl\":\"https:\/\/www.medixfarm.ro\/wp-content\/uploads\/2024\/10\/ASEPTAD.jpg\",\"width\":800,\"height\":1040,\"caption\":\"Aseptanios AD\"},{\"@type\":\"BreadcrumbList\",\"@id\":\"https:\/\/www.medixfarm.ro\/product\/aseptanios-ad\/#breadcrumb\",\"itemListElement\":[{\"@type\":\"ListItem\",\"position\":1,\"name\":\"Home\",\"item\":\"https:\/\/www.medixfarm.ro\/\"},{\"@type\":\"ListItem\",\"position\":2,\"name\":\"Produse\",\"item\":\"https:\/\/www.medixfarm.ro\/shop\/\"},{\"@type\":\"ListItem\",\"position\":3,\"name\":\"Aseptanios AD\"}]},{\"@type\":\"WebSite\",\"@id\":\"https:\/\/www.medixfarm.ro\/#website\",\"url\":\"https:\/\/www.medixfarm.ro\/\",\"name\":\"Medixfarm\",\"description\":\"Medixfarm\",\"publisher\":{\"@id\":\"https:\/\/www.medixfarm.ro\/#organization\"},\"potentialAction\":[{\"@type\":\"SearchAction\",\"target\":{\"@type\":\"EntryPoint\",\"urlTemplate\":\"https:\/\/www.medixfarm.ro\/?s={search_term_string}\"},\"query-input\":{\"@type\":\"PropertyValueSpecification\",\"valueRequired\":true,\"valueName\":\"search_term_string\"}}],\"inLanguage\":\"en-US\"},{\"@type\":\"Organization\",\"@id\":\"https:\/\/www.medixfarm.ro\/#organization\",\"name\":\"Medixfarm Tehnoplus SRL\",\"url\":\"https:\/\/www.medixfarm.ro\/\",\"logo\":{\"@type\":\"ImageObject\",\"inLanguage\":\"en-US\",\"@id\":\"https:\/\/www.medixfarm.ro\/#\/schema\/logo\/image\/\",\"url\":\"https:\/\/www.medixfarm.ro\/wp-content\/uploads\/2023\/11\/Medxfarm-Tehnoplus-FINAL-curbe-c9.png\",\"contentUrl\":\"https:\/\/www.medixfarm.ro\/wp-content\/uploads\/2023\/11\/Medxfarm-Tehnoplus-FINAL-curbe-c9.png\",\"width\":3508,\"height\":1182,\"caption\":\"Medixfarm Tehnoplus SRL\"},\"image\":{\"@id\":\"https:\/\/www.medixfarm.ro\/#\/schema\/logo\/image\/\"}}]}<\/script>\n<!-- \/ Yoast SEO Premium plugin. -->","yoast_head_json":{"title":"Aseptanios AD | Medixfarm","description":"Dezinfectant pe calea aerului, pe baza de acid peracetic si peroxid de hidrogen, pentru suprafete si echipamente curatate anterior.","robots":{"index":"index","follow":"follow","max-snippet":"max-snippet:-1","max-image-preview":"max-image-preview:large","max-video-preview":"max-video-preview:-1"},"canonical":"https:\/\/www.medixfarm.ro\/en\/product\/aseptanios-ad\/","og_locale":"en_US","og_type":"article","og_title":"Aseptanios AD","og_description":"Dezinfectant pe calea aerului, pe baza de acid peracetic si peroxid de hidrogen, pentru suprafete si echipamente curatate anterior.","og_url":"https:\/\/www.medixfarm.ro\/en\/product\/aseptanios-ad\/","og_site_name":"Medixfarm","article_modified_time":"2024-10-17T07:25:28+00:00","og_image":[{"width":800,"height":1040,"url":"https:\/\/www.medixfarm.ro\/wp-content\/uploads\/2024\/10\/ASEPTAD.jpg","type":"image\/jpeg"}],"twitter_card":"summary_large_image","twitter_misc":{"Est. reading time":"1 minute"},"schema":{"@context":"https:\/\/schema.org","@graph":[{"@type":"WebPage","@id":"https:\/\/www.medixfarm.ro\/product\/aseptanios-ad\/","url":"https:\/\/www.medixfarm.ro\/product\/aseptanios-ad\/","name":"Aseptanios AD | Medixfarm","isPartOf":{"@id":"https:\/\/www.medixfarm.ro\/#website"},"primaryImageOfPage":{"@id":"https:\/\/www.medixfarm.ro\/product\/aseptanios-ad\/#primaryimage"},"image":{"@id":"https:\/\/www.medixfarm.ro\/product\/aseptanios-ad\/#primaryimage"},"thumbnailUrl":"https:\/\/www.medixfarm.ro\/wp-content\/uploads\/2024\/10\/ASEPTAD.jpg","datePublished":"2024-10-17T05:43:53+00:00","dateModified":"2024-10-17T07:25:28+00:00","description":"Dezinfectant pe calea aerului, pe baza de acid peracetic si peroxid de hidrogen, pentru suprafete si echipamente curatate anterior.","breadcrumb":{"@id":"https:\/\/www.medixfarm.ro\/product\/aseptanios-ad\/#breadcrumb"},"inLanguage":"en-US","potentialAction":[{"@type":"ReadAction","target":["https:\/\/www.medixfarm.ro\/product\/aseptanios-ad\/"]}]},{"@type":"ImageObject","inLanguage":"en-US","@id":"https:\/\/www.medixfarm.ro\/product\/aseptanios-ad\/#primaryimage","url":"https:\/\/www.medixfarm.ro\/wp-content\/uploads\/2024\/10\/ASEPTAD.jpg","contentUrl":"https:\/\/www.medixfarm.ro\/wp-content\/uploads\/2024\/10\/ASEPTAD.jpg","width":800,"height":1040,"caption":"Aseptanios AD"},{"@type":"BreadcrumbList","@id":"https:\/\/www.medixfarm.ro\/product\/aseptanios-ad\/#breadcrumb","itemListElement":[{"@type":"ListItem","position":1,"name":"Home","item":"https:\/\/www.medixfarm.ro\/"},{"@type":"ListItem","position":2,"name":"Produse","item":"https:\/\/www.medixfarm.ro\/shop\/"},{"@type":"ListItem","position":3,"name":"Aseptanios AD"}]},{"@type":"WebSite","@id":"https:\/\/www.medixfarm.ro\/#website","url":"https:\/\/www.medixfarm.ro\/","name":"Medixfarm","description":"Medixfarm","publisher":{"@id":"https:\/\/www.medixfarm.ro\/#organization"},"potentialAction":[{"@type":"SearchAction","target":{"@type":"EntryPoint","urlTemplate":"https:\/\/www.medixfarm.ro\/?s={search_term_string}"},"query-input":{"@type":"PropertyValueSpecification","valueRequired":true,"valueName":"search_term_string"}}],"inLanguage":"en-US"},{"@type":"Organization","@id":"https:\/\/www.medixfarm.ro\/#organization","name":"Medixfarm Tehnoplus SRL","url":"https:\/\/www.medixfarm.ro\/","logo":{"@type":"ImageObject","inLanguage":"en-US","@id":"https:\/\/www.medixfarm.ro\/#\/schema\/logo\/image\/","url":"https:\/\/www.medixfarm.ro\/wp-content\/uploads\/2023\/11\/Medxfarm-Tehnoplus-FINAL-curbe-c9.png","contentUrl":"https:\/\/www.medixfarm.ro\/wp-content\/uploads\/2023\/11\/Medxfarm-Tehnoplus-FINAL-curbe-c9.png","width":3508,"height":1182,"caption":"Medixfarm Tehnoplus SRL"},"image":{"@id":"https:\/\/www.medixfarm.ro\/#\/schema\/logo\/image\/"}}]}},"_links":{"self":[{"href":"https:\/\/www.medixfarm.ro\/en\/wp-json\/wp\/v2\/product\/3304"}],"collection":[{"href":"https:\/\/www.medixfarm.ro\/en\/wp-json\/wp\/v2\/product"}],"about":[{"href":"https:\/\/www.medixfarm.ro\/en\/wp-json\/wp\/v2\/types\/product"}],"replies":[{"embeddable":true,"href":"https:\/\/www.medixfarm.ro\/en\/wp-json\/wp\/v2\/comments?post=3304"}],"wp:featuredmedia":[{"embeddable":true,"href":"https:\/\/www.medixfarm.ro\/en\/wp-json\/wp\/v2\/media\/3305"}],"wp:attachment":[{"href":"https:\/\/www.medixfarm.ro\/en\/wp-json\/wp\/v2\/media?parent=3304"}],"wp:term":[{"taxonomy":"product_cat","embeddable":true,"href":"https:\/\/www.medixfarm.ro\/en\/wp-json\/wp\/v2\/product_cat?post=3304"},{"taxonomy":"product_tag","embeddable":true,"href":"https:\/\/www.medixfarm.ro\/en\/wp-json\/wp\/v2\/product_tag?post=3304"}],"curies":[{"name":"wp","href":"https:\/\/api.w.org\/{rel}","templated":true}]}}