{"id":3310,"date":"2024-10-17T05:51:17","date_gmt":"2024-10-17T05:51:17","guid":{"rendered":"https:\/\/www.medixfarm.ro\/?post_type=product&#038;p=3310"},"modified":"2024-10-17T07:39:31","modified_gmt":"2024-10-17T07:39:31","slug":"aerosept-500m","status":"publish","type":"product","link":"https:\/\/www.medixfarm.ro\/en\/product\/aerosept-500m\/","title":{"rendered":"Aerosept 500M"},"content":{"rendered":"<h3>Aerosept 500M<\/h3>\n<h5>Atomizor automat pentru utilizare cu Aseptanios AD, pentru dezinfec\u021bia pe calea aerului a suprafe\u021belor cur\u0103\u021bate anterior.<\/h5>\n<p><span style=\"color: #339966;\"><strong>CARACTERISTICI TEHNICE<\/strong><\/span><br \/>\n<span style=\"color: #ff0000;\">\u25aa\u00a0<\/span>Capacitate chimic\u0103: recipient de 5L<br \/>\n<span style=\"color: #ff0000;\">\u25aa\u00a0<\/span>Debit nominal: 1L\/or\u0103<br \/>\n<span style=\"color: #ff0000;\">\u25aa\u00a0<\/span>Greutate gol: \u2248 32 kg<br \/>\n<span style=\"color: #ff0000;\">\u25aa\u00a0<\/span>Dimensiuni: 900 mm H x 350 mm L x 400 mm l<br \/>\n<span style=\"color: #ff0000;\">\u25aa\u00a0<\/span>Alimentare: 240\/110 V \u2013 50\/60 Hz \u2013 5 A<\/p>\n<p><span style=\"color: #339966;\"><strong>PROCESE CU PERFORMAN\u021a\u0102 \u00ceMBUN\u0102T\u0102\u021aIT\u0102<\/strong><\/span><br \/>\n<span style=\"color: #ff0000;\">\u25aa\u00a0<\/span>Solu\u021bie \u00eenc\u0103lzit\u0103 la o temperatur\u0103 constant\u0103 de 55\u00b0C pe toat\u0103 durata pulveriz\u0103rii pentru o<br \/>\neficacitate maxim\u0103<br \/>\n<span style=\"color: #ff0000;\">\u25aa\u00a0<\/span>Concentra\u021bie perfect stabilizat\u0103 la 7ml\/m3<\/p>\n<p><span style=\"color: #339966;\"><strong>PROCES SIMPLU<\/strong><\/span><br \/>\n<span style=\"color: #ff0000;\">\u25aa\u00a0<\/span>Proces complet automatizat cu panou de operare manual\u0103<br \/>\n<span style=\"color: #ff0000;\">\u25aa\u00a0<\/span>\u00cenlocuirea u\u0219oar\u0103 a solu\u021biei chimice<\/p>\n<p><span style=\"color: #339966;\"><strong>PROCES SIGUR<\/strong><\/span><br \/>\n<span style=\"color: #ff0000;\">\u25aa\u00a0<\/span>Se opre\u0219te automat la sf\u00e2r\u0219itul ciclului: un indicator de culoare verde arat\u0103 c\u0103 ciclul a fost<br \/>\nfinalizat cu o succes<br \/>\n<span style=\"color: #ff0000;\">\u25aa\u00a0<\/span>F\u0103r\u0103 stropire: recipient echipat cu furtun pentru a evita contactul direct cu produsul<\/p>\n<p><span style=\"color: #339966;\"><strong>Utiliza\u021bi cu: ASEPTANIOS AD (ambalare de 5L)<\/strong><\/span><br \/>\n\u25aa\u00a0Bactericid \u0219i levuricid \u00een 30 min<br \/>\n\u25aa\u00a0Micobactericid \u00een 45 min<br \/>\n\u25aa\u00a0Virucid, fungicid \u0219i sporicid \u00een 60 min<br \/>\n\u25aa\u00a0Conditii de utilizare: 7ml\/m3, 20\u00b0C<\/p>","protected":false},"excerpt":{"rendered":"<h5>Atomizor automat pentru utilizare cu Aseptanios AD, pentru dezinfec\u021bia pe calea aerului a suprafe\u021belor cur\u0103\u021bate anterior.<\/h5>\n<p>&nbsp;<\/p>","protected":false},"featured_media":3311,"comment_status":"open","ping_status":"closed","template":"","meta":{"inline_featured_image":false},"product_cat":[132],"product_tag":[83,131],"class_list":{"0":"post-3310","1":"product","2":"type-product","3":"status-publish","4":"has-post-thumbnail","6":"product_cat-dezinfectia-aeromicroflorei","7":"product_tag-ecolab","8":"product_tag-anios","10":"first","11":"instock","12":"shipping-taxable","13":"product-type-simple"},"yoast_head":"<!-- This site is optimized with the Yoast SEO Premium plugin v23.7 (Yoast SEO v23.7) - https:\/\/yoast.com\/wordpress\/plugins\/seo\/ -->\n<title>Aerosept 500M | Medixfarm<\/title>\n<meta name=\"description\" content=\"Atomizor automat pentru utilizare cu Aseptanios AD, pentru dezinfec\u021bia pe calea aerului a suprafe\u021belor cur\u0103\u021bate anterior.\" \/>\n<meta name=\"robots\" content=\"index, follow, max-snippet:-1, max-image-preview:large, max-video-preview:-1\" \/>\n<link rel=\"canonical\" href=\"https:\/\/www.medixfarm.ro\/en\/product\/aerosept-500m\/\" \/>\n<meta property=\"og:locale\" content=\"en_US\" \/>\n<meta property=\"og:type\" content=\"article\" \/>\n<meta property=\"og:title\" content=\"Aerosept 500M\" \/>\n<meta property=\"og:description\" content=\"Atomizor automat pentru utilizare cu Aseptanios AD, pentru dezinfec\u021bia pe calea aerului a suprafe\u021belor cur\u0103\u021bate anterior.\" \/>\n<meta property=\"og:url\" content=\"https:\/\/www.medixfarm.ro\/en\/product\/aerosept-500m\/\" \/>\n<meta property=\"og:site_name\" content=\"Medixfarm\" \/>\n<meta property=\"article:modified_time\" content=\"2024-10-17T07:39:31+00:00\" \/>\n<meta property=\"og:image\" content=\"https:\/\/www.medixfarm.ro\/wp-content\/uploads\/2024\/10\/AEROSEPT500M.jpg\" \/>\n\t<meta property=\"og:image:width\" content=\"565\" \/>\n\t<meta property=\"og:image:height\" content=\"1146\" \/>\n\t<meta property=\"og:image:type\" content=\"image\/jpeg\" \/>\n<meta name=\"twitter:card\" content=\"summary_large_image\" \/>\n<meta name=\"twitter:label1\" content=\"Est. reading time\" \/>\n\t<meta name=\"twitter:data1\" content=\"1 minute\" \/>\n<script type=\"application\/ld+json\" class=\"yoast-schema-graph\">{\"@context\":\"https:\/\/schema.org\",\"@graph\":[{\"@type\":\"WebPage\",\"@id\":\"https:\/\/www.medixfarm.ro\/product\/aerosept-500m\/\",\"url\":\"https:\/\/www.medixfarm.ro\/product\/aerosept-500m\/\",\"name\":\"Aerosept 500M | Medixfarm\",\"isPartOf\":{\"@id\":\"https:\/\/www.medixfarm.ro\/#website\"},\"primaryImageOfPage\":{\"@id\":\"https:\/\/www.medixfarm.ro\/product\/aerosept-500m\/#primaryimage\"},\"image\":{\"@id\":\"https:\/\/www.medixfarm.ro\/product\/aerosept-500m\/#primaryimage\"},\"thumbnailUrl\":\"https:\/\/www.medixfarm.ro\/wp-content\/uploads\/2024\/10\/AEROSEPT500M.jpg\",\"datePublished\":\"2024-10-17T05:51:17+00:00\",\"dateModified\":\"2024-10-17T07:39:31+00:00\",\"description\":\"Atomizor automat pentru utilizare cu Aseptanios AD, pentru dezinfec\u021bia pe calea aerului a suprafe\u021belor cur\u0103\u021bate anterior.\",\"breadcrumb\":{\"@id\":\"https:\/\/www.medixfarm.ro\/product\/aerosept-500m\/#breadcrumb\"},\"inLanguage\":\"en-US\",\"potentialAction\":[{\"@type\":\"ReadAction\",\"target\":[\"https:\/\/www.medixfarm.ro\/product\/aerosept-500m\/\"]}]},{\"@type\":\"ImageObject\",\"inLanguage\":\"en-US\",\"@id\":\"https:\/\/www.medixfarm.ro\/product\/aerosept-500m\/#primaryimage\",\"url\":\"https:\/\/www.medixfarm.ro\/wp-content\/uploads\/2024\/10\/AEROSEPT500M.jpg\",\"contentUrl\":\"https:\/\/www.medixfarm.ro\/wp-content\/uploads\/2024\/10\/AEROSEPT500M.jpg\",\"width\":565,\"height\":1146,\"caption\":\"Aerosept 500M\"},{\"@type\":\"BreadcrumbList\",\"@id\":\"https:\/\/www.medixfarm.ro\/product\/aerosept-500m\/#breadcrumb\",\"itemListElement\":[{\"@type\":\"ListItem\",\"position\":1,\"name\":\"Home\",\"item\":\"https:\/\/www.medixfarm.ro\/\"},{\"@type\":\"ListItem\",\"position\":2,\"name\":\"Produse\",\"item\":\"https:\/\/www.medixfarm.ro\/shop\/\"},{\"@type\":\"ListItem\",\"position\":3,\"name\":\"Aerosept 500M\"}]},{\"@type\":\"WebSite\",\"@id\":\"https:\/\/www.medixfarm.ro\/#website\",\"url\":\"https:\/\/www.medixfarm.ro\/\",\"name\":\"Medixfarm\",\"description\":\"Medixfarm\",\"publisher\":{\"@id\":\"https:\/\/www.medixfarm.ro\/#organization\"},\"potentialAction\":[{\"@type\":\"SearchAction\",\"target\":{\"@type\":\"EntryPoint\",\"urlTemplate\":\"https:\/\/www.medixfarm.ro\/?s={search_term_string}\"},\"query-input\":{\"@type\":\"PropertyValueSpecification\",\"valueRequired\":true,\"valueName\":\"search_term_string\"}}],\"inLanguage\":\"en-US\"},{\"@type\":\"Organization\",\"@id\":\"https:\/\/www.medixfarm.ro\/#organization\",\"name\":\"Medixfarm Tehnoplus SRL\",\"url\":\"https:\/\/www.medixfarm.ro\/\",\"logo\":{\"@type\":\"ImageObject\",\"inLanguage\":\"en-US\",\"@id\":\"https:\/\/www.medixfarm.ro\/#\/schema\/logo\/image\/\",\"url\":\"https:\/\/www.medixfarm.ro\/wp-content\/uploads\/2023\/11\/Medxfarm-Tehnoplus-FINAL-curbe-c9.png\",\"contentUrl\":\"https:\/\/www.medixfarm.ro\/wp-content\/uploads\/2023\/11\/Medxfarm-Tehnoplus-FINAL-curbe-c9.png\",\"width\":3508,\"height\":1182,\"caption\":\"Medixfarm Tehnoplus SRL\"},\"image\":{\"@id\":\"https:\/\/www.medixfarm.ro\/#\/schema\/logo\/image\/\"}}]}<\/script>\n<!-- \/ Yoast SEO Premium plugin. -->","yoast_head_json":{"title":"Aerosept 500M | Medixfarm","description":"Atomizor automat pentru utilizare cu Aseptanios AD, pentru dezinfec\u021bia pe calea aerului a suprafe\u021belor cur\u0103\u021bate anterior.","robots":{"index":"index","follow":"follow","max-snippet":"max-snippet:-1","max-image-preview":"max-image-preview:large","max-video-preview":"max-video-preview:-1"},"canonical":"https:\/\/www.medixfarm.ro\/en\/product\/aerosept-500m\/","og_locale":"en_US","og_type":"article","og_title":"Aerosept 500M","og_description":"Atomizor automat pentru utilizare cu Aseptanios AD, pentru dezinfec\u021bia pe calea aerului a suprafe\u021belor cur\u0103\u021bate anterior.","og_url":"https:\/\/www.medixfarm.ro\/en\/product\/aerosept-500m\/","og_site_name":"Medixfarm","article_modified_time":"2024-10-17T07:39:31+00:00","og_image":[{"width":565,"height":1146,"url":"https:\/\/www.medixfarm.ro\/wp-content\/uploads\/2024\/10\/AEROSEPT500M.jpg","type":"image\/jpeg"}],"twitter_card":"summary_large_image","twitter_misc":{"Est. reading time":"1 minute"},"schema":{"@context":"https:\/\/schema.org","@graph":[{"@type":"WebPage","@id":"https:\/\/www.medixfarm.ro\/product\/aerosept-500m\/","url":"https:\/\/www.medixfarm.ro\/product\/aerosept-500m\/","name":"Aerosept 500M | Medixfarm","isPartOf":{"@id":"https:\/\/www.medixfarm.ro\/#website"},"primaryImageOfPage":{"@id":"https:\/\/www.medixfarm.ro\/product\/aerosept-500m\/#primaryimage"},"image":{"@id":"https:\/\/www.medixfarm.ro\/product\/aerosept-500m\/#primaryimage"},"thumbnailUrl":"https:\/\/www.medixfarm.ro\/wp-content\/uploads\/2024\/10\/AEROSEPT500M.jpg","datePublished":"2024-10-17T05:51:17+00:00","dateModified":"2024-10-17T07:39:31+00:00","description":"Atomizor automat pentru utilizare cu Aseptanios AD, pentru dezinfec\u021bia pe calea aerului a suprafe\u021belor cur\u0103\u021bate anterior.","breadcrumb":{"@id":"https:\/\/www.medixfarm.ro\/product\/aerosept-500m\/#breadcrumb"},"inLanguage":"en-US","potentialAction":[{"@type":"ReadAction","target":["https:\/\/www.medixfarm.ro\/product\/aerosept-500m\/"]}]},{"@type":"ImageObject","inLanguage":"en-US","@id":"https:\/\/www.medixfarm.ro\/product\/aerosept-500m\/#primaryimage","url":"https:\/\/www.medixfarm.ro\/wp-content\/uploads\/2024\/10\/AEROSEPT500M.jpg","contentUrl":"https:\/\/www.medixfarm.ro\/wp-content\/uploads\/2024\/10\/AEROSEPT500M.jpg","width":565,"height":1146,"caption":"Aerosept 500M"},{"@type":"BreadcrumbList","@id":"https:\/\/www.medixfarm.ro\/product\/aerosept-500m\/#breadcrumb","itemListElement":[{"@type":"ListItem","position":1,"name":"Home","item":"https:\/\/www.medixfarm.ro\/"},{"@type":"ListItem","position":2,"name":"Produse","item":"https:\/\/www.medixfarm.ro\/shop\/"},{"@type":"ListItem","position":3,"name":"Aerosept 500M"}]},{"@type":"WebSite","@id":"https:\/\/www.medixfarm.ro\/#website","url":"https:\/\/www.medixfarm.ro\/","name":"Medixfarm","description":"Medixfarm","publisher":{"@id":"https:\/\/www.medixfarm.ro\/#organization"},"potentialAction":[{"@type":"SearchAction","target":{"@type":"EntryPoint","urlTemplate":"https:\/\/www.medixfarm.ro\/?s={search_term_string}"},"query-input":{"@type":"PropertyValueSpecification","valueRequired":true,"valueName":"search_term_string"}}],"inLanguage":"en-US"},{"@type":"Organization","@id":"https:\/\/www.medixfarm.ro\/#organization","name":"Medixfarm Tehnoplus SRL","url":"https:\/\/www.medixfarm.ro\/","logo":{"@type":"ImageObject","inLanguage":"en-US","@id":"https:\/\/www.medixfarm.ro\/#\/schema\/logo\/image\/","url":"https:\/\/www.medixfarm.ro\/wp-content\/uploads\/2023\/11\/Medxfarm-Tehnoplus-FINAL-curbe-c9.png","contentUrl":"https:\/\/www.medixfarm.ro\/wp-content\/uploads\/2023\/11\/Medxfarm-Tehnoplus-FINAL-curbe-c9.png","width":3508,"height":1182,"caption":"Medixfarm Tehnoplus SRL"},"image":{"@id":"https:\/\/www.medixfarm.ro\/#\/schema\/logo\/image\/"}}]}},"_links":{"self":[{"href":"https:\/\/www.medixfarm.ro\/en\/wp-json\/wp\/v2\/product\/3310"}],"collection":[{"href":"https:\/\/www.medixfarm.ro\/en\/wp-json\/wp\/v2\/product"}],"about":[{"href":"https:\/\/www.medixfarm.ro\/en\/wp-json\/wp\/v2\/types\/product"}],"replies":[{"embeddable":true,"href":"https:\/\/www.medixfarm.ro\/en\/wp-json\/wp\/v2\/comments?post=3310"}],"wp:featuredmedia":[{"embeddable":true,"href":"https:\/\/www.medixfarm.ro\/en\/wp-json\/wp\/v2\/media\/3311"}],"wp:attachment":[{"href":"https:\/\/www.medixfarm.ro\/en\/wp-json\/wp\/v2\/media?parent=3310"}],"wp:term":[{"taxonomy":"product_cat","embeddable":true,"href":"https:\/\/www.medixfarm.ro\/en\/wp-json\/wp\/v2\/product_cat?post=3310"},{"taxonomy":"product_tag","embeddable":true,"href":"https:\/\/www.medixfarm.ro\/en\/wp-json\/wp\/v2\/product_tag?post=3310"}],"curies":[{"name":"wp","href":"https:\/\/api.w.org\/{rel}","templated":true}]}}