{"id":3316,"date":"2024-10-17T05:57:31","date_gmt":"2024-10-17T05:57:31","guid":{"rendered":"https:\/\/www.medixfarm.ro\/?post_type=product&#038;p=3316"},"modified":"2024-10-22T16:48:03","modified_gmt":"2024-10-22T16:48:03","slug":"surfanios-premium","status":"publish","type":"product","link":"https:\/\/www.medixfarm.ro\/en\/product\/surfanios-premium\/","title":{"rendered":"Surfanios Premium"},"content":{"rendered":"<h3>Surfanios Premium<\/h3>\n<h5>Detergent dezinfectant, pe baza de compusi cuaternari de amoniu, pentru pardoseli, suprafe\u021be si pentru cur\u0103\u0163area \u015fi dezinfec\u0163ia dispozitivelor medicale neinvazive \u00eenainte de utilizare.<\/h5>\n<p><strong><span style=\"color: #339966;\">UTILIZARE:<\/span><br \/>\n<\/strong><span style=\"color: #ff0000;\">\u25aa<\/span> Dubl\u0103 ac\u021biune: combinarea ac\u021biunii detergentului \u0219i dezinfectantului \u00eentr-o opera\u021biune simultan\u0103<br \/>\n<span style=\"color: #ff0000;\">\u25aa<\/span> Cur\u0103\u0163area \u015fi dezinfec\u0163ia pardoselilor, suprafetelor si dispozitivelor medicale neinvazive \u00eenainte de utilizare<strong><br \/>\n<\/strong><\/p>\n<p><strong><span style=\"color: #339966;\">INGREDIENTE:<\/span><br \/>\n<\/strong><span style=\"color: #ff0000;\">\u25aa<\/span> N-(3-aminopropil)-N-dodecilpropan-1,3-diamin\u0103, clorur\u0103 de didecildimetilamoniu<br \/>\n<span style=\"color: #ff0000;\">\u25aa<\/span> Agent de chelare u\u0219or biodegradabil<\/p>\n<p><strong><span style=\"color: #339966;\">EFICACITATE:<\/span><br \/>\n<\/strong><span style=\"color: #ff0000;\">\u25aa<\/span> Eficacitate cu spectru larg \u00eentr-un timp de contact scurt<br \/>\n<span style=\"color: #ff0000;\">\u25aa<\/span> Utilizarea diferitelor concentratii pentru obtinerea efectului microbiocid dorit<\/p>\n<p><strong><span style=\"color: #339966;\">COMPATIBILITATE CU MATERIALELE:<\/span><br \/>\n<\/strong><span style=\"color: #ff0000;\">\u25aa<\/span> A fost riguros testat pe toate tipurile de suprafe\u021be existente \u00een mod uzual \u00een unit\u0103\u021bile medicale, cu rezultate excelente<strong><br \/>\n<\/strong><\/p>\n<p><strong><span style=\"color: #339966;\">FORMA DE AMBALARE:<\/span><br \/>\n<\/strong><span style=\"color: #ff0000;\">\u25aa<\/span> Flacon plastic de 1L (cu pompi\u021b\u0103 de dozare de 20 ml inclus\u0103)<br \/>\n<span style=\"color: #ff0000;\">\u25aa<\/span> Canistra de 5L\u00a0 (cu camer\u0103 de dozare de 20 ml integrat\u0103)<\/p>","protected":false},"excerpt":{"rendered":"<h5>Detergent dezinfectant, pe baza de compusi cuaternari de amoniu, pentru pardoseli, suprafe\u021be si pentru cur\u0103\u0163area \u015fi dezinfec\u0163ia dispozitivelor medicale neinvazive \u00eenainte de utilizare.<\/h5>","protected":false},"featured_media":3317,"comment_status":"open","ping_status":"closed","template":"","meta":{"inline_featured_image":false},"product_cat":[68],"product_tag":[83,131],"class_list":{"0":"post-3316","1":"product","2":"type-product","3":"status-publish","4":"has-post-thumbnail","6":"product_cat-dezinfectanti-suprafete","7":"product_tag-ecolab","8":"product_tag-anios","10":"first","11":"instock","12":"shipping-taxable","13":"product-type-simple"},"yoast_head":"<!-- This site is optimized with the Yoast SEO Premium plugin v23.7 (Yoast SEO v23.7) - https:\/\/yoast.com\/wordpress\/plugins\/seo\/ -->\n<title>Surfanios Premium | Medixfarm<\/title>\n<meta name=\"description\" content=\"Detergent dezinfectant, pe baza de compusi cuaternari de amoniu, pentru pardoseli, suprafe\u021be si dispozitive medicale neinvazive, \u00eenainte de utilizare.\" \/>\n<meta name=\"robots\" content=\"index, follow, max-snippet:-1, max-image-preview:large, max-video-preview:-1\" \/>\n<link rel=\"canonical\" href=\"https:\/\/www.medixfarm.ro\/en\/product\/surfanios-premium\/\" \/>\n<meta property=\"og:locale\" content=\"en_US\" \/>\n<meta property=\"og:type\" content=\"article\" \/>\n<meta property=\"og:title\" content=\"Surfanios Premium\" \/>\n<meta property=\"og:description\" content=\"Detergent dezinfectant, pe baza de compusi cuaternari de amoniu, pentru pardoseli, suprafe\u021be si dispozitive medicale neinvazive, \u00eenainte de utilizare.\" \/>\n<meta property=\"og:url\" content=\"https:\/\/www.medixfarm.ro\/en\/product\/surfanios-premium\/\" \/>\n<meta property=\"og:site_name\" content=\"Medixfarm\" \/>\n<meta property=\"article:modified_time\" content=\"2024-10-22T16:48:03+00:00\" \/>\n<meta property=\"og:image\" content=\"https:\/\/www.medixfarm.ro\/wp-content\/uploads\/2024\/10\/SURFPREM.jpg\" \/>\n\t<meta property=\"og:image:width\" content=\"800\" \/>\n\t<meta property=\"og:image:height\" content=\"913\" \/>\n\t<meta property=\"og:image:type\" content=\"image\/jpeg\" \/>\n<meta name=\"twitter:card\" content=\"summary_large_image\" \/>\n<meta name=\"twitter:label1\" content=\"Est. reading time\" \/>\n\t<meta name=\"twitter:data1\" content=\"1 minute\" \/>\n<script type=\"application\/ld+json\" class=\"yoast-schema-graph\">{\"@context\":\"https:\/\/schema.org\",\"@graph\":[{\"@type\":\"WebPage\",\"@id\":\"https:\/\/www.medixfarm.ro\/product\/surfanios-premium\/\",\"url\":\"https:\/\/www.medixfarm.ro\/product\/surfanios-premium\/\",\"name\":\"Surfanios Premium | Medixfarm\",\"isPartOf\":{\"@id\":\"https:\/\/www.medixfarm.ro\/#website\"},\"primaryImageOfPage\":{\"@id\":\"https:\/\/www.medixfarm.ro\/product\/surfanios-premium\/#primaryimage\"},\"image\":{\"@id\":\"https:\/\/www.medixfarm.ro\/product\/surfanios-premium\/#primaryimage\"},\"thumbnailUrl\":\"https:\/\/www.medixfarm.ro\/wp-content\/uploads\/2024\/10\/SURFPREM.jpg\",\"datePublished\":\"2024-10-17T05:57:31+00:00\",\"dateModified\":\"2024-10-22T16:48:03+00:00\",\"description\":\"Detergent dezinfectant, pe baza de compusi cuaternari de amoniu, pentru pardoseli, suprafe\u021be si dispozitive medicale neinvazive, \u00eenainte de utilizare.\",\"breadcrumb\":{\"@id\":\"https:\/\/www.medixfarm.ro\/product\/surfanios-premium\/#breadcrumb\"},\"inLanguage\":\"en-US\",\"potentialAction\":[{\"@type\":\"ReadAction\",\"target\":[\"https:\/\/www.medixfarm.ro\/product\/surfanios-premium\/\"]}]},{\"@type\":\"ImageObject\",\"inLanguage\":\"en-US\",\"@id\":\"https:\/\/www.medixfarm.ro\/product\/surfanios-premium\/#primaryimage\",\"url\":\"https:\/\/www.medixfarm.ro\/wp-content\/uploads\/2024\/10\/SURFPREM.jpg\",\"contentUrl\":\"https:\/\/www.medixfarm.ro\/wp-content\/uploads\/2024\/10\/SURFPREM.jpg\",\"width\":800,\"height\":913,\"caption\":\"Surfanios Premium\"},{\"@type\":\"BreadcrumbList\",\"@id\":\"https:\/\/www.medixfarm.ro\/product\/surfanios-premium\/#breadcrumb\",\"itemListElement\":[{\"@type\":\"ListItem\",\"position\":1,\"name\":\"Home\",\"item\":\"https:\/\/www.medixfarm.ro\/\"},{\"@type\":\"ListItem\",\"position\":2,\"name\":\"Produse\",\"item\":\"https:\/\/www.medixfarm.ro\/shop\/\"},{\"@type\":\"ListItem\",\"position\":3,\"name\":\"Surfanios Premium\"}]},{\"@type\":\"WebSite\",\"@id\":\"https:\/\/www.medixfarm.ro\/#website\",\"url\":\"https:\/\/www.medixfarm.ro\/\",\"name\":\"Medixfarm\",\"description\":\"Medixfarm\",\"publisher\":{\"@id\":\"https:\/\/www.medixfarm.ro\/#organization\"},\"potentialAction\":[{\"@type\":\"SearchAction\",\"target\":{\"@type\":\"EntryPoint\",\"urlTemplate\":\"https:\/\/www.medixfarm.ro\/?s={search_term_string}\"},\"query-input\":{\"@type\":\"PropertyValueSpecification\",\"valueRequired\":true,\"valueName\":\"search_term_string\"}}],\"inLanguage\":\"en-US\"},{\"@type\":\"Organization\",\"@id\":\"https:\/\/www.medixfarm.ro\/#organization\",\"name\":\"Medixfarm Tehnoplus SRL\",\"url\":\"https:\/\/www.medixfarm.ro\/\",\"logo\":{\"@type\":\"ImageObject\",\"inLanguage\":\"en-US\",\"@id\":\"https:\/\/www.medixfarm.ro\/#\/schema\/logo\/image\/\",\"url\":\"https:\/\/www.medixfarm.ro\/wp-content\/uploads\/2023\/11\/Medxfarm-Tehnoplus-FINAL-curbe-c9.png\",\"contentUrl\":\"https:\/\/www.medixfarm.ro\/wp-content\/uploads\/2023\/11\/Medxfarm-Tehnoplus-FINAL-curbe-c9.png\",\"width\":3508,\"height\":1182,\"caption\":\"Medixfarm Tehnoplus SRL\"},\"image\":{\"@id\":\"https:\/\/www.medixfarm.ro\/#\/schema\/logo\/image\/\"}}]}<\/script>\n<!-- \/ Yoast SEO Premium plugin. -->","yoast_head_json":{"title":"Surfanios Premium | Medixfarm","description":"Detergent dezinfectant, pe baza de compusi cuaternari de amoniu, pentru pardoseli, suprafe\u021be si dispozitive medicale neinvazive, \u00eenainte de utilizare.","robots":{"index":"index","follow":"follow","max-snippet":"max-snippet:-1","max-image-preview":"max-image-preview:large","max-video-preview":"max-video-preview:-1"},"canonical":"https:\/\/www.medixfarm.ro\/en\/product\/surfanios-premium\/","og_locale":"en_US","og_type":"article","og_title":"Surfanios Premium","og_description":"Detergent dezinfectant, pe baza de compusi cuaternari de amoniu, pentru pardoseli, suprafe\u021be si dispozitive medicale neinvazive, \u00eenainte de utilizare.","og_url":"https:\/\/www.medixfarm.ro\/en\/product\/surfanios-premium\/","og_site_name":"Medixfarm","article_modified_time":"2024-10-22T16:48:03+00:00","og_image":[{"width":800,"height":913,"url":"https:\/\/www.medixfarm.ro\/wp-content\/uploads\/2024\/10\/SURFPREM.jpg","type":"image\/jpeg"}],"twitter_card":"summary_large_image","twitter_misc":{"Est. reading time":"1 minute"},"schema":{"@context":"https:\/\/schema.org","@graph":[{"@type":"WebPage","@id":"https:\/\/www.medixfarm.ro\/product\/surfanios-premium\/","url":"https:\/\/www.medixfarm.ro\/product\/surfanios-premium\/","name":"Surfanios Premium | Medixfarm","isPartOf":{"@id":"https:\/\/www.medixfarm.ro\/#website"},"primaryImageOfPage":{"@id":"https:\/\/www.medixfarm.ro\/product\/surfanios-premium\/#primaryimage"},"image":{"@id":"https:\/\/www.medixfarm.ro\/product\/surfanios-premium\/#primaryimage"},"thumbnailUrl":"https:\/\/www.medixfarm.ro\/wp-content\/uploads\/2024\/10\/SURFPREM.jpg","datePublished":"2024-10-17T05:57:31+00:00","dateModified":"2024-10-22T16:48:03+00:00","description":"Detergent dezinfectant, pe baza de compusi cuaternari de amoniu, pentru pardoseli, suprafe\u021be si dispozitive medicale neinvazive, \u00eenainte de utilizare.","breadcrumb":{"@id":"https:\/\/www.medixfarm.ro\/product\/surfanios-premium\/#breadcrumb"},"inLanguage":"en-US","potentialAction":[{"@type":"ReadAction","target":["https:\/\/www.medixfarm.ro\/product\/surfanios-premium\/"]}]},{"@type":"ImageObject","inLanguage":"en-US","@id":"https:\/\/www.medixfarm.ro\/product\/surfanios-premium\/#primaryimage","url":"https:\/\/www.medixfarm.ro\/wp-content\/uploads\/2024\/10\/SURFPREM.jpg","contentUrl":"https:\/\/www.medixfarm.ro\/wp-content\/uploads\/2024\/10\/SURFPREM.jpg","width":800,"height":913,"caption":"Surfanios Premium"},{"@type":"BreadcrumbList","@id":"https:\/\/www.medixfarm.ro\/product\/surfanios-premium\/#breadcrumb","itemListElement":[{"@type":"ListItem","position":1,"name":"Home","item":"https:\/\/www.medixfarm.ro\/"},{"@type":"ListItem","position":2,"name":"Produse","item":"https:\/\/www.medixfarm.ro\/shop\/"},{"@type":"ListItem","position":3,"name":"Surfanios Premium"}]},{"@type":"WebSite","@id":"https:\/\/www.medixfarm.ro\/#website","url":"https:\/\/www.medixfarm.ro\/","name":"Medixfarm","description":"Medixfarm","publisher":{"@id":"https:\/\/www.medixfarm.ro\/#organization"},"potentialAction":[{"@type":"SearchAction","target":{"@type":"EntryPoint","urlTemplate":"https:\/\/www.medixfarm.ro\/?s={search_term_string}"},"query-input":{"@type":"PropertyValueSpecification","valueRequired":true,"valueName":"search_term_string"}}],"inLanguage":"en-US"},{"@type":"Organization","@id":"https:\/\/www.medixfarm.ro\/#organization","name":"Medixfarm Tehnoplus SRL","url":"https:\/\/www.medixfarm.ro\/","logo":{"@type":"ImageObject","inLanguage":"en-US","@id":"https:\/\/www.medixfarm.ro\/#\/schema\/logo\/image\/","url":"https:\/\/www.medixfarm.ro\/wp-content\/uploads\/2023\/11\/Medxfarm-Tehnoplus-FINAL-curbe-c9.png","contentUrl":"https:\/\/www.medixfarm.ro\/wp-content\/uploads\/2023\/11\/Medxfarm-Tehnoplus-FINAL-curbe-c9.png","width":3508,"height":1182,"caption":"Medixfarm Tehnoplus SRL"},"image":{"@id":"https:\/\/www.medixfarm.ro\/#\/schema\/logo\/image\/"}}]}},"_links":{"self":[{"href":"https:\/\/www.medixfarm.ro\/en\/wp-json\/wp\/v2\/product\/3316"}],"collection":[{"href":"https:\/\/www.medixfarm.ro\/en\/wp-json\/wp\/v2\/product"}],"about":[{"href":"https:\/\/www.medixfarm.ro\/en\/wp-json\/wp\/v2\/types\/product"}],"replies":[{"embeddable":true,"href":"https:\/\/www.medixfarm.ro\/en\/wp-json\/wp\/v2\/comments?post=3316"}],"wp:featuredmedia":[{"embeddable":true,"href":"https:\/\/www.medixfarm.ro\/en\/wp-json\/wp\/v2\/media\/3317"}],"wp:attachment":[{"href":"https:\/\/www.medixfarm.ro\/en\/wp-json\/wp\/v2\/media?parent=3316"}],"wp:term":[{"taxonomy":"product_cat","embeddable":true,"href":"https:\/\/www.medixfarm.ro\/en\/wp-json\/wp\/v2\/product_cat?post=3316"},{"taxonomy":"product_tag","embeddable":true,"href":"https:\/\/www.medixfarm.ro\/en\/wp-json\/wp\/v2\/product_tag?post=3316"}],"curies":[{"name":"wp","href":"https:\/\/api.w.org\/{rel}","templated":true}]}}