{"id":3318,"date":"2024-10-17T05:58:29","date_gmt":"2024-10-17T05:58:29","guid":{"rendered":"https:\/\/www.medixfarm.ro\/?post_type=product&#038;p=3318"},"modified":"2024-10-21T13:13:22","modified_gmt":"2024-10-21T13:13:22","slug":"anios-quick-wipes","status":"publish","type":"product","link":"https:\/\/www.medixfarm.ro\/en\/product\/anios-quick-wipes\/","title":{"rendered":"Anios Quick Wipes"},"content":{"rendered":"<h3>Anios Quick Wipes<\/h3>\n<h5>\u0218erve\u021bele dezinfectante cu ac\u021biune rapid\u0103, gata de utilizare, pentru dispozitive medicale neinvazive \u0219i neimersabile,\u00a0rezistente la alcool.<\/h5>\n<p><strong><span style=\"color: #339966;\">UTILIZARE:<\/span><br \/>\n<span style=\"color: #ff0000;\">\u25aa <\/span><\/strong>Dezinfectia dispozitivelor medicale neinvazive.<strong><br \/>\n<\/strong><strong><span style=\"color: #ff0000;\">\u25aa<\/span> <\/strong>\u0218erve\u021bele gata de utilizare.<br \/>\n<strong><span style=\"color: #ff0000;\">\u25aa<\/span> <\/strong>F\u0103r\u0103 cl\u0103tire.<strong><br \/>\n<\/strong><\/p>\n<p><strong><span style=\"color: #339966;\">INGREDIENTE:<\/span><br \/>\n<\/strong><strong><span style=\"color: #ff0000;\">\u25aa<\/span> <\/strong>Etanol si N,N-didecil-N-metil-poli(oxietil) propionat de amoniu<br \/>\n<strong><span style=\"color: #ff0000;\">\u25aa<\/span> <\/strong>Formul\u0103 f\u0103r\u0103 coloran\u021bi<br \/>\n<strong><span style=\"color: #ff0000;\">\u25aa<\/span> <\/strong>Parfum placut<br \/>\n<strong><span style=\"color: #ff0000;\">\u25aa<\/span> <\/strong>Compozi\u021bie servetel: celuloz\u0103, v\u00e2scoz\u0103, liant acrilic<\/p>\n<p><strong><span style=\"color: #339966;\">EFICACITATE:<\/span><br \/>\n<\/strong><span style=\"color: #ff0000;\"><strong>\u25aa<\/strong> <\/span>Spectru larg \u00een timp scurt.<br \/>\n<span style=\"color: #ff0000;\"><strong>\u25aa <\/strong><\/span>Prezinta efect bactericid, levuricid, fungicid, micobactericid, si virucid limitat<\/p>\n<p><strong><span style=\"color: #339966;\">COMPATIBILITATE CU MATERIALELE:<\/span><br \/>\n<\/strong><strong><span style=\"color: #ff0000;\">\u25aa<\/span> <\/strong>\u00cenainte de aplicare, verifica\u021bi compatibilitatea dispozitivelor medicale tratate cu alcool<br \/>\n<strong><span style=\"color: #ff0000;\">\u25aa<\/span> <\/strong>Dispozitivele electrice care urmeaz\u0103 s\u0103 fie dezinfectate trebuie \u00eenchise<strong><br \/>\n<\/strong><\/p>\n<p><strong><span style=\"color: #339966;\">FORMA DE AMBALARE:<\/span><br \/>\n<\/strong><span style=\"color: #ff0000;\"><strong>\u25aa<\/strong> <\/span>Cutie plastic cu 120 \u0219erve\u021bele<\/p>","protected":false},"excerpt":{"rendered":"<h5>\u0218erve\u021bele dezinfectante cu ac\u021biune rapid\u0103, gata de utilizare, pentru dispozitive medicale neinvazive \u0219i neimersabile, rezistente la alcool.<\/h5>","protected":false},"featured_media":3319,"comment_status":"open","ping_status":"closed","template":"","meta":{"inline_featured_image":false},"product_cat":[68],"product_tag":[83,131],"class_list":{"0":"post-3318","1":"product","2":"type-product","3":"status-publish","4":"has-post-thumbnail","6":"product_cat-dezinfectanti-suprafete","7":"product_tag-ecolab","8":"product_tag-anios","10":"first","11":"instock","12":"shipping-taxable","13":"product-type-simple"},"yoast_head":"<!-- This site is optimized with the Yoast SEO Premium plugin v23.7 (Yoast SEO v23.7) - https:\/\/yoast.com\/wordpress\/plugins\/seo\/ -->\n<title>Anios Quick Wipes | Medixfarm<\/title>\n<meta name=\"description\" content=\"\u0218erve\u021bele dezinfectante cu ac\u021biune rapid\u0103, gata de utilizare, pentru dispozitive medicale neinvazive \u0219i neimersabile, rezistente la alcool.\" \/>\n<meta name=\"robots\" content=\"index, follow, max-snippet:-1, max-image-preview:large, max-video-preview:-1\" \/>\n<link rel=\"canonical\" href=\"https:\/\/www.medixfarm.ro\/en\/product\/anios-quick-wipes\/\" \/>\n<meta property=\"og:locale\" content=\"en_US\" \/>\n<meta property=\"og:type\" content=\"article\" \/>\n<meta property=\"og:title\" content=\"Anios Quick Wipes\" \/>\n<meta property=\"og:description\" content=\"\u0218erve\u021bele dezinfectante cu ac\u021biune rapid\u0103, gata de utilizare, pentru dispozitive medicale neinvazive \u0219i neimersabile, rezistente la alcool.\" \/>\n<meta property=\"og:url\" content=\"https:\/\/www.medixfarm.ro\/en\/product\/anios-quick-wipes\/\" \/>\n<meta property=\"og:site_name\" content=\"Medixfarm\" \/>\n<meta property=\"article:modified_time\" content=\"2024-10-21T13:13:22+00:00\" \/>\n<meta property=\"og:image\" content=\"https:\/\/www.medixfarm.ro\/wp-content\/uploads\/2024\/10\/QUICKWIPES.jpg\" \/>\n\t<meta property=\"og:image:width\" content=\"688\" \/>\n\t<meta property=\"og:image:height\" content=\"800\" \/>\n\t<meta property=\"og:image:type\" content=\"image\/jpeg\" \/>\n<meta name=\"twitter:card\" content=\"summary_large_image\" \/>\n<meta name=\"twitter:label1\" content=\"Est. reading time\" \/>\n\t<meta name=\"twitter:data1\" content=\"1 minute\" \/>\n<script type=\"application\/ld+json\" class=\"yoast-schema-graph\">{\"@context\":\"https:\/\/schema.org\",\"@graph\":[{\"@type\":\"WebPage\",\"@id\":\"https:\/\/www.medixfarm.ro\/product\/anios-quick-wipes\/\",\"url\":\"https:\/\/www.medixfarm.ro\/product\/anios-quick-wipes\/\",\"name\":\"Anios Quick Wipes | Medixfarm\",\"isPartOf\":{\"@id\":\"https:\/\/www.medixfarm.ro\/#website\"},\"primaryImageOfPage\":{\"@id\":\"https:\/\/www.medixfarm.ro\/product\/anios-quick-wipes\/#primaryimage\"},\"image\":{\"@id\":\"https:\/\/www.medixfarm.ro\/product\/anios-quick-wipes\/#primaryimage\"},\"thumbnailUrl\":\"https:\/\/www.medixfarm.ro\/wp-content\/uploads\/2024\/10\/QUICKWIPES.jpg\",\"datePublished\":\"2024-10-17T05:58:29+00:00\",\"dateModified\":\"2024-10-21T13:13:22+00:00\",\"description\":\"\u0218erve\u021bele dezinfectante cu ac\u021biune rapid\u0103, gata de utilizare, pentru dispozitive medicale neinvazive \u0219i neimersabile, rezistente la alcool.\",\"breadcrumb\":{\"@id\":\"https:\/\/www.medixfarm.ro\/product\/anios-quick-wipes\/#breadcrumb\"},\"inLanguage\":\"en-US\",\"potentialAction\":[{\"@type\":\"ReadAction\",\"target\":[\"https:\/\/www.medixfarm.ro\/product\/anios-quick-wipes\/\"]}]},{\"@type\":\"ImageObject\",\"inLanguage\":\"en-US\",\"@id\":\"https:\/\/www.medixfarm.ro\/product\/anios-quick-wipes\/#primaryimage\",\"url\":\"https:\/\/www.medixfarm.ro\/wp-content\/uploads\/2024\/10\/QUICKWIPES.jpg\",\"contentUrl\":\"https:\/\/www.medixfarm.ro\/wp-content\/uploads\/2024\/10\/QUICKWIPES.jpg\",\"width\":688,\"height\":800,\"caption\":\"Anios Quick Wipes\"},{\"@type\":\"BreadcrumbList\",\"@id\":\"https:\/\/www.medixfarm.ro\/product\/anios-quick-wipes\/#breadcrumb\",\"itemListElement\":[{\"@type\":\"ListItem\",\"position\":1,\"name\":\"Home\",\"item\":\"https:\/\/www.medixfarm.ro\/\"},{\"@type\":\"ListItem\",\"position\":2,\"name\":\"Produse\",\"item\":\"https:\/\/www.medixfarm.ro\/shop\/\"},{\"@type\":\"ListItem\",\"position\":3,\"name\":\"Anios Quick Wipes\"}]},{\"@type\":\"WebSite\",\"@id\":\"https:\/\/www.medixfarm.ro\/#website\",\"url\":\"https:\/\/www.medixfarm.ro\/\",\"name\":\"Medixfarm\",\"description\":\"Medixfarm\",\"publisher\":{\"@id\":\"https:\/\/www.medixfarm.ro\/#organization\"},\"potentialAction\":[{\"@type\":\"SearchAction\",\"target\":{\"@type\":\"EntryPoint\",\"urlTemplate\":\"https:\/\/www.medixfarm.ro\/?s={search_term_string}\"},\"query-input\":{\"@type\":\"PropertyValueSpecification\",\"valueRequired\":true,\"valueName\":\"search_term_string\"}}],\"inLanguage\":\"en-US\"},{\"@type\":\"Organization\",\"@id\":\"https:\/\/www.medixfarm.ro\/#organization\",\"name\":\"Medixfarm Tehnoplus SRL\",\"url\":\"https:\/\/www.medixfarm.ro\/\",\"logo\":{\"@type\":\"ImageObject\",\"inLanguage\":\"en-US\",\"@id\":\"https:\/\/www.medixfarm.ro\/#\/schema\/logo\/image\/\",\"url\":\"https:\/\/www.medixfarm.ro\/wp-content\/uploads\/2023\/11\/Medxfarm-Tehnoplus-FINAL-curbe-c9.png\",\"contentUrl\":\"https:\/\/www.medixfarm.ro\/wp-content\/uploads\/2023\/11\/Medxfarm-Tehnoplus-FINAL-curbe-c9.png\",\"width\":3508,\"height\":1182,\"caption\":\"Medixfarm Tehnoplus SRL\"},\"image\":{\"@id\":\"https:\/\/www.medixfarm.ro\/#\/schema\/logo\/image\/\"}}]}<\/script>\n<!-- \/ Yoast SEO Premium plugin. -->","yoast_head_json":{"title":"Anios Quick Wipes | Medixfarm","description":"\u0218erve\u021bele dezinfectante cu ac\u021biune rapid\u0103, gata de utilizare, pentru dispozitive medicale neinvazive \u0219i neimersabile, rezistente la alcool.","robots":{"index":"index","follow":"follow","max-snippet":"max-snippet:-1","max-image-preview":"max-image-preview:large","max-video-preview":"max-video-preview:-1"},"canonical":"https:\/\/www.medixfarm.ro\/en\/product\/anios-quick-wipes\/","og_locale":"en_US","og_type":"article","og_title":"Anios Quick Wipes","og_description":"\u0218erve\u021bele dezinfectante cu ac\u021biune rapid\u0103, gata de utilizare, pentru dispozitive medicale neinvazive \u0219i neimersabile, rezistente la alcool.","og_url":"https:\/\/www.medixfarm.ro\/en\/product\/anios-quick-wipes\/","og_site_name":"Medixfarm","article_modified_time":"2024-10-21T13:13:22+00:00","og_image":[{"width":688,"height":800,"url":"https:\/\/www.medixfarm.ro\/wp-content\/uploads\/2024\/10\/QUICKWIPES.jpg","type":"image\/jpeg"}],"twitter_card":"summary_large_image","twitter_misc":{"Est. reading time":"1 minute"},"schema":{"@context":"https:\/\/schema.org","@graph":[{"@type":"WebPage","@id":"https:\/\/www.medixfarm.ro\/product\/anios-quick-wipes\/","url":"https:\/\/www.medixfarm.ro\/product\/anios-quick-wipes\/","name":"Anios Quick Wipes | Medixfarm","isPartOf":{"@id":"https:\/\/www.medixfarm.ro\/#website"},"primaryImageOfPage":{"@id":"https:\/\/www.medixfarm.ro\/product\/anios-quick-wipes\/#primaryimage"},"image":{"@id":"https:\/\/www.medixfarm.ro\/product\/anios-quick-wipes\/#primaryimage"},"thumbnailUrl":"https:\/\/www.medixfarm.ro\/wp-content\/uploads\/2024\/10\/QUICKWIPES.jpg","datePublished":"2024-10-17T05:58:29+00:00","dateModified":"2024-10-21T13:13:22+00:00","description":"\u0218erve\u021bele dezinfectante cu ac\u021biune rapid\u0103, gata de utilizare, pentru dispozitive medicale neinvazive \u0219i neimersabile, rezistente la alcool.","breadcrumb":{"@id":"https:\/\/www.medixfarm.ro\/product\/anios-quick-wipes\/#breadcrumb"},"inLanguage":"en-US","potentialAction":[{"@type":"ReadAction","target":["https:\/\/www.medixfarm.ro\/product\/anios-quick-wipes\/"]}]},{"@type":"ImageObject","inLanguage":"en-US","@id":"https:\/\/www.medixfarm.ro\/product\/anios-quick-wipes\/#primaryimage","url":"https:\/\/www.medixfarm.ro\/wp-content\/uploads\/2024\/10\/QUICKWIPES.jpg","contentUrl":"https:\/\/www.medixfarm.ro\/wp-content\/uploads\/2024\/10\/QUICKWIPES.jpg","width":688,"height":800,"caption":"Anios Quick Wipes"},{"@type":"BreadcrumbList","@id":"https:\/\/www.medixfarm.ro\/product\/anios-quick-wipes\/#breadcrumb","itemListElement":[{"@type":"ListItem","position":1,"name":"Home","item":"https:\/\/www.medixfarm.ro\/"},{"@type":"ListItem","position":2,"name":"Produse","item":"https:\/\/www.medixfarm.ro\/shop\/"},{"@type":"ListItem","position":3,"name":"Anios Quick Wipes"}]},{"@type":"WebSite","@id":"https:\/\/www.medixfarm.ro\/#website","url":"https:\/\/www.medixfarm.ro\/","name":"Medixfarm","description":"Medixfarm","publisher":{"@id":"https:\/\/www.medixfarm.ro\/#organization"},"potentialAction":[{"@type":"SearchAction","target":{"@type":"EntryPoint","urlTemplate":"https:\/\/www.medixfarm.ro\/?s={search_term_string}"},"query-input":{"@type":"PropertyValueSpecification","valueRequired":true,"valueName":"search_term_string"}}],"inLanguage":"en-US"},{"@type":"Organization","@id":"https:\/\/www.medixfarm.ro\/#organization","name":"Medixfarm Tehnoplus SRL","url":"https:\/\/www.medixfarm.ro\/","logo":{"@type":"ImageObject","inLanguage":"en-US","@id":"https:\/\/www.medixfarm.ro\/#\/schema\/logo\/image\/","url":"https:\/\/www.medixfarm.ro\/wp-content\/uploads\/2023\/11\/Medxfarm-Tehnoplus-FINAL-curbe-c9.png","contentUrl":"https:\/\/www.medixfarm.ro\/wp-content\/uploads\/2023\/11\/Medxfarm-Tehnoplus-FINAL-curbe-c9.png","width":3508,"height":1182,"caption":"Medixfarm Tehnoplus SRL"},"image":{"@id":"https:\/\/www.medixfarm.ro\/#\/schema\/logo\/image\/"}}]}},"_links":{"self":[{"href":"https:\/\/www.medixfarm.ro\/en\/wp-json\/wp\/v2\/product\/3318"}],"collection":[{"href":"https:\/\/www.medixfarm.ro\/en\/wp-json\/wp\/v2\/product"}],"about":[{"href":"https:\/\/www.medixfarm.ro\/en\/wp-json\/wp\/v2\/types\/product"}],"replies":[{"embeddable":true,"href":"https:\/\/www.medixfarm.ro\/en\/wp-json\/wp\/v2\/comments?post=3318"}],"wp:featuredmedia":[{"embeddable":true,"href":"https:\/\/www.medixfarm.ro\/en\/wp-json\/wp\/v2\/media\/3319"}],"wp:attachment":[{"href":"https:\/\/www.medixfarm.ro\/en\/wp-json\/wp\/v2\/media?parent=3318"}],"wp:term":[{"taxonomy":"product_cat","embeddable":true,"href":"https:\/\/www.medixfarm.ro\/en\/wp-json\/wp\/v2\/product_cat?post=3318"},{"taxonomy":"product_tag","embeddable":true,"href":"https:\/\/www.medixfarm.ro\/en\/wp-json\/wp\/v2\/product_tag?post=3318"}],"curies":[{"name":"wp","href":"https:\/\/api.w.org\/{rel}","templated":true}]}}