{"id":3321,"date":"2024-10-17T05:59:54","date_gmt":"2024-10-17T05:59:54","guid":{"rendered":"https:\/\/www.medixfarm.ro\/?post_type=product&#038;p=3321"},"modified":"2024-10-22T15:22:33","modified_gmt":"2024-10-22T15:22:33","slug":"aniospray-quick","status":"publish","type":"product","link":"https:\/\/www.medixfarm.ro\/en\/product\/aniospray-quick\/","title":{"rendered":"Aniospray Quick"},"content":{"rendered":"<h3>Aniospray Quick<\/h3>\n<h5>Solutie de curatare si dezinfectie pentru echipamentele si dispozitivele medicale rezistente la alcool, neimersabile si neinvazive.<\/h5>\n<p><strong><span style=\"color: #339966;\">UTILIZARE:<\/span><br \/>\n<span style=\"color: #ff0000;\">\u25aa<\/span> <\/strong>Dezinfec\u021bia rapid\u0103 a echipamentelor \u0219i dispozitivelor medicale rezistente la alcool, neimersabile, neinvazive, cur\u0103\u021bate \u00een prealabil.<strong><br \/>\n<\/strong><strong><span style=\"color: #ff0000;\">\u25aa<\/span> <\/strong>Solu\u021bie gata de utilizat.<br \/>\n<strong><span style=\"color: #ff0000;\">\u25aa<\/span> <\/strong>Cl\u0103tirea nu este necesar\u0103 dec\u00e2t dac\u0103 zonele intr\u0103 \u00een contact cu pielea sau cu mucoasele.<strong><br \/>\n<\/strong><strong><span style=\"color: #ff0000;\">\u25aa<\/span> <\/strong>Nu las\u0103 urme dup\u0103 uscare.<strong><br \/>\n<\/strong><\/p>\n<p><strong><span style=\"color: #339966;\">INGREDIENTE:<\/span><br \/>\n<\/strong><strong><span style=\"color: #ff0000;\">\u25aa<\/span> <\/strong>Substante active: etanol, propionat de N,N-Didecil-N-metilpoli(oxietil) amoniu<br \/>\n<strong><span style=\"color: #ff0000;\">\u25aa<\/span> <\/strong>Parfum pl\u0103cut<br \/>\n<strong><span style=\"color: #ff0000;\">\u25aa<\/span> <\/strong>F\u0103r\u0103 colorant<strong><br \/>\n<\/strong><\/p>\n<p><strong><span style=\"color: #339966;\">EFICACITATE:<\/span><br \/>\n<\/strong><strong><span style=\"color: #ff0000;\">\u25aa<\/span> <\/strong>Spectru larg de ac\u021biune \u00eentr-un timp de contact scurt<br \/>\n<strong><span style=\"color: #ff0000;\">\u25aa<\/span> <\/strong>Prezinta efect bactericid, levuricid, fungicid, micobactericid si virucid limitat<\/p>\n<p><strong><span style=\"color: #339966;\">COMPATIBILITATE CU MATERIALELE:<\/span><br \/>\n<\/strong><strong><span style=\"color: #ff0000;\">\u25aa<\/span> <\/strong>\u00cenainte de aplicare, verifica\u021bi compatibilitatea zonelor care urmeaz\u0103 s\u0103 fie tratate cu alcool.<br \/>\n<strong><span style=\"color: #ff0000;\">\u25aa<\/span> <\/strong>Dispozitivele electrice \u00een curs de dezinfectare trebuie oprite.<strong><br \/>\n<\/strong><\/p>\n<p><strong><span style=\"color: #339966;\">FORMA DE AMBALARE:<\/span><br \/>\n<\/strong><strong><span style=\"color: #ff0000;\">\u25aa<\/span> <\/strong>Flacon plastic de 1L<br \/>\n<strong><span style=\"color: #ff0000;\">\u25aa<\/span> <\/strong>Canistra de 5L<\/p>","protected":false},"excerpt":{"rendered":"<p>Solutie de curatare si dezinfectie pentru echipamentele si dispozitivele medicale rezistente la alcool, neimersabile si neinvazive.<\/p>","protected":false},"featured_media":3322,"comment_status":"open","ping_status":"closed","template":"","meta":{"inline_featured_image":false},"product_cat":[68],"product_tag":[83,131],"class_list":{"0":"post-3321","1":"product","2":"type-product","3":"status-publish","4":"has-post-thumbnail","6":"product_cat-dezinfectanti-suprafete","7":"product_tag-ecolab","8":"product_tag-anios","10":"first","11":"instock","12":"shipping-taxable","13":"product-type-simple"},"yoast_head":"<!-- This site is optimized with the Yoast SEO Premium plugin v23.7 (Yoast SEO v23.7) - https:\/\/yoast.com\/wordpress\/plugins\/seo\/ -->\n<title>Aniospray Quick | Medixfarm<\/title>\n<meta name=\"description\" content=\"Solutie de curatare si dezinfectie pentru echipamentele si dispozitivele medicale rezistente la alcool, neimersabile si neinvazive.\" \/>\n<meta name=\"robots\" content=\"index, follow, max-snippet:-1, max-image-preview:large, max-video-preview:-1\" \/>\n<link rel=\"canonical\" href=\"https:\/\/www.medixfarm.ro\/en\/product\/aniospray-quick\/\" \/>\n<meta property=\"og:locale\" content=\"en_US\" \/>\n<meta property=\"og:type\" content=\"article\" \/>\n<meta property=\"og:title\" content=\"Aniospray Quick\" \/>\n<meta property=\"og:description\" content=\"Solutie de curatare si dezinfectie pentru echipamentele si dispozitivele medicale rezistente la alcool, neimersabile si neinvazive.\" \/>\n<meta property=\"og:url\" content=\"https:\/\/www.medixfarm.ro\/en\/product\/aniospray-quick\/\" \/>\n<meta property=\"og:site_name\" content=\"Medixfarm\" \/>\n<meta property=\"article:modified_time\" content=\"2024-10-22T15:22:33+00:00\" \/>\n<meta property=\"og:image\" content=\"https:\/\/www.medixfarm.ro\/wp-content\/uploads\/2024\/10\/ANIOSPRAYQUICK.jpg\" \/>\n\t<meta property=\"og:image:width\" content=\"576\" \/>\n\t<meta property=\"og:image:height\" content=\"726\" \/>\n\t<meta property=\"og:image:type\" content=\"image\/jpeg\" \/>\n<meta name=\"twitter:card\" content=\"summary_large_image\" \/>\n<meta name=\"twitter:label1\" content=\"Est. reading time\" \/>\n\t<meta name=\"twitter:data1\" content=\"1 minute\" \/>\n<script type=\"application\/ld+json\" class=\"yoast-schema-graph\">{\"@context\":\"https:\/\/schema.org\",\"@graph\":[{\"@type\":\"WebPage\",\"@id\":\"https:\/\/www.medixfarm.ro\/product\/aniospray-quick\/\",\"url\":\"https:\/\/www.medixfarm.ro\/product\/aniospray-quick\/\",\"name\":\"Aniospray Quick | Medixfarm\",\"isPartOf\":{\"@id\":\"https:\/\/www.medixfarm.ro\/#website\"},\"primaryImageOfPage\":{\"@id\":\"https:\/\/www.medixfarm.ro\/product\/aniospray-quick\/#primaryimage\"},\"image\":{\"@id\":\"https:\/\/www.medixfarm.ro\/product\/aniospray-quick\/#primaryimage\"},\"thumbnailUrl\":\"https:\/\/www.medixfarm.ro\/wp-content\/uploads\/2024\/10\/ANIOSPRAYQUICK.jpg\",\"datePublished\":\"2024-10-17T05:59:54+00:00\",\"dateModified\":\"2024-10-22T15:22:33+00:00\",\"description\":\"Solutie de curatare si dezinfectie pentru echipamentele si dispozitivele medicale rezistente la alcool, neimersabile si neinvazive.\",\"breadcrumb\":{\"@id\":\"https:\/\/www.medixfarm.ro\/product\/aniospray-quick\/#breadcrumb\"},\"inLanguage\":\"en-US\",\"potentialAction\":[{\"@type\":\"ReadAction\",\"target\":[\"https:\/\/www.medixfarm.ro\/product\/aniospray-quick\/\"]}]},{\"@type\":\"ImageObject\",\"inLanguage\":\"en-US\",\"@id\":\"https:\/\/www.medixfarm.ro\/product\/aniospray-quick\/#primaryimage\",\"url\":\"https:\/\/www.medixfarm.ro\/wp-content\/uploads\/2024\/10\/ANIOSPRAYQUICK.jpg\",\"contentUrl\":\"https:\/\/www.medixfarm.ro\/wp-content\/uploads\/2024\/10\/ANIOSPRAYQUICK.jpg\",\"width\":576,\"height\":726,\"caption\":\"Aniospray Quick\"},{\"@type\":\"BreadcrumbList\",\"@id\":\"https:\/\/www.medixfarm.ro\/product\/aniospray-quick\/#breadcrumb\",\"itemListElement\":[{\"@type\":\"ListItem\",\"position\":1,\"name\":\"Home\",\"item\":\"https:\/\/www.medixfarm.ro\/\"},{\"@type\":\"ListItem\",\"position\":2,\"name\":\"Produse\",\"item\":\"https:\/\/www.medixfarm.ro\/shop\/\"},{\"@type\":\"ListItem\",\"position\":3,\"name\":\"Aniospray Quick\"}]},{\"@type\":\"WebSite\",\"@id\":\"https:\/\/www.medixfarm.ro\/#website\",\"url\":\"https:\/\/www.medixfarm.ro\/\",\"name\":\"Medixfarm\",\"description\":\"Medixfarm\",\"publisher\":{\"@id\":\"https:\/\/www.medixfarm.ro\/#organization\"},\"potentialAction\":[{\"@type\":\"SearchAction\",\"target\":{\"@type\":\"EntryPoint\",\"urlTemplate\":\"https:\/\/www.medixfarm.ro\/?s={search_term_string}\"},\"query-input\":{\"@type\":\"PropertyValueSpecification\",\"valueRequired\":true,\"valueName\":\"search_term_string\"}}],\"inLanguage\":\"en-US\"},{\"@type\":\"Organization\",\"@id\":\"https:\/\/www.medixfarm.ro\/#organization\",\"name\":\"Medixfarm Tehnoplus SRL\",\"url\":\"https:\/\/www.medixfarm.ro\/\",\"logo\":{\"@type\":\"ImageObject\",\"inLanguage\":\"en-US\",\"@id\":\"https:\/\/www.medixfarm.ro\/#\/schema\/logo\/image\/\",\"url\":\"https:\/\/www.medixfarm.ro\/wp-content\/uploads\/2023\/11\/Medxfarm-Tehnoplus-FINAL-curbe-c9.png\",\"contentUrl\":\"https:\/\/www.medixfarm.ro\/wp-content\/uploads\/2023\/11\/Medxfarm-Tehnoplus-FINAL-curbe-c9.png\",\"width\":3508,\"height\":1182,\"caption\":\"Medixfarm Tehnoplus SRL\"},\"image\":{\"@id\":\"https:\/\/www.medixfarm.ro\/#\/schema\/logo\/image\/\"}}]}<\/script>\n<!-- \/ Yoast SEO Premium plugin. -->","yoast_head_json":{"title":"Aniospray Quick | Medixfarm","description":"Solutie de curatare si dezinfectie pentru echipamentele si dispozitivele medicale rezistente la alcool, neimersabile si neinvazive.","robots":{"index":"index","follow":"follow","max-snippet":"max-snippet:-1","max-image-preview":"max-image-preview:large","max-video-preview":"max-video-preview:-1"},"canonical":"https:\/\/www.medixfarm.ro\/en\/product\/aniospray-quick\/","og_locale":"en_US","og_type":"article","og_title":"Aniospray Quick","og_description":"Solutie de curatare si dezinfectie pentru echipamentele si dispozitivele medicale rezistente la alcool, neimersabile si neinvazive.","og_url":"https:\/\/www.medixfarm.ro\/en\/product\/aniospray-quick\/","og_site_name":"Medixfarm","article_modified_time":"2024-10-22T15:22:33+00:00","og_image":[{"width":576,"height":726,"url":"https:\/\/www.medixfarm.ro\/wp-content\/uploads\/2024\/10\/ANIOSPRAYQUICK.jpg","type":"image\/jpeg"}],"twitter_card":"summary_large_image","twitter_misc":{"Est. reading time":"1 minute"},"schema":{"@context":"https:\/\/schema.org","@graph":[{"@type":"WebPage","@id":"https:\/\/www.medixfarm.ro\/product\/aniospray-quick\/","url":"https:\/\/www.medixfarm.ro\/product\/aniospray-quick\/","name":"Aniospray Quick | Medixfarm","isPartOf":{"@id":"https:\/\/www.medixfarm.ro\/#website"},"primaryImageOfPage":{"@id":"https:\/\/www.medixfarm.ro\/product\/aniospray-quick\/#primaryimage"},"image":{"@id":"https:\/\/www.medixfarm.ro\/product\/aniospray-quick\/#primaryimage"},"thumbnailUrl":"https:\/\/www.medixfarm.ro\/wp-content\/uploads\/2024\/10\/ANIOSPRAYQUICK.jpg","datePublished":"2024-10-17T05:59:54+00:00","dateModified":"2024-10-22T15:22:33+00:00","description":"Solutie de curatare si dezinfectie pentru echipamentele si dispozitivele medicale rezistente la alcool, neimersabile si neinvazive.","breadcrumb":{"@id":"https:\/\/www.medixfarm.ro\/product\/aniospray-quick\/#breadcrumb"},"inLanguage":"en-US","potentialAction":[{"@type":"ReadAction","target":["https:\/\/www.medixfarm.ro\/product\/aniospray-quick\/"]}]},{"@type":"ImageObject","inLanguage":"en-US","@id":"https:\/\/www.medixfarm.ro\/product\/aniospray-quick\/#primaryimage","url":"https:\/\/www.medixfarm.ro\/wp-content\/uploads\/2024\/10\/ANIOSPRAYQUICK.jpg","contentUrl":"https:\/\/www.medixfarm.ro\/wp-content\/uploads\/2024\/10\/ANIOSPRAYQUICK.jpg","width":576,"height":726,"caption":"Aniospray Quick"},{"@type":"BreadcrumbList","@id":"https:\/\/www.medixfarm.ro\/product\/aniospray-quick\/#breadcrumb","itemListElement":[{"@type":"ListItem","position":1,"name":"Home","item":"https:\/\/www.medixfarm.ro\/"},{"@type":"ListItem","position":2,"name":"Produse","item":"https:\/\/www.medixfarm.ro\/shop\/"},{"@type":"ListItem","position":3,"name":"Aniospray Quick"}]},{"@type":"WebSite","@id":"https:\/\/www.medixfarm.ro\/#website","url":"https:\/\/www.medixfarm.ro\/","name":"Medixfarm","description":"Medixfarm","publisher":{"@id":"https:\/\/www.medixfarm.ro\/#organization"},"potentialAction":[{"@type":"SearchAction","target":{"@type":"EntryPoint","urlTemplate":"https:\/\/www.medixfarm.ro\/?s={search_term_string}"},"query-input":{"@type":"PropertyValueSpecification","valueRequired":true,"valueName":"search_term_string"}}],"inLanguage":"en-US"},{"@type":"Organization","@id":"https:\/\/www.medixfarm.ro\/#organization","name":"Medixfarm Tehnoplus SRL","url":"https:\/\/www.medixfarm.ro\/","logo":{"@type":"ImageObject","inLanguage":"en-US","@id":"https:\/\/www.medixfarm.ro\/#\/schema\/logo\/image\/","url":"https:\/\/www.medixfarm.ro\/wp-content\/uploads\/2023\/11\/Medxfarm-Tehnoplus-FINAL-curbe-c9.png","contentUrl":"https:\/\/www.medixfarm.ro\/wp-content\/uploads\/2023\/11\/Medxfarm-Tehnoplus-FINAL-curbe-c9.png","width":3508,"height":1182,"caption":"Medixfarm Tehnoplus SRL"},"image":{"@id":"https:\/\/www.medixfarm.ro\/#\/schema\/logo\/image\/"}}]}},"_links":{"self":[{"href":"https:\/\/www.medixfarm.ro\/en\/wp-json\/wp\/v2\/product\/3321"}],"collection":[{"href":"https:\/\/www.medixfarm.ro\/en\/wp-json\/wp\/v2\/product"}],"about":[{"href":"https:\/\/www.medixfarm.ro\/en\/wp-json\/wp\/v2\/types\/product"}],"replies":[{"embeddable":true,"href":"https:\/\/www.medixfarm.ro\/en\/wp-json\/wp\/v2\/comments?post=3321"}],"wp:featuredmedia":[{"embeddable":true,"href":"https:\/\/www.medixfarm.ro\/en\/wp-json\/wp\/v2\/media\/3322"}],"wp:attachment":[{"href":"https:\/\/www.medixfarm.ro\/en\/wp-json\/wp\/v2\/media?parent=3321"}],"wp:term":[{"taxonomy":"product_cat","embeddable":true,"href":"https:\/\/www.medixfarm.ro\/en\/wp-json\/wp\/v2\/product_cat?post=3321"},{"taxonomy":"product_tag","embeddable":true,"href":"https:\/\/www.medixfarm.ro\/en\/wp-json\/wp\/v2\/product_tag?post=3321"}],"curies":[{"name":"wp","href":"https:\/\/api.w.org\/{rel}","templated":true}]}}