{"id":3327,"date":"2024-10-17T06:02:58","date_gmt":"2024-10-17T06:02:58","guid":{"rendered":"https:\/\/www.medixfarm.ro\/?post_type=product&#038;p=3327"},"modified":"2024-10-22T16:30:17","modified_gmt":"2024-10-22T16:30:17","slug":"incidin-oxyfoam-ng","status":"publish","type":"product","link":"https:\/\/www.medixfarm.ro\/en\/product\/incidin-oxyfoam-ng\/","title":{"rendered":"Incidin OxyFoam NG"},"content":{"rendered":"<h3>Incidin OxyFoam NG<\/h3>\n<h5>Solutie pe baza de peroxid de hidrogen, cu efect sinergic, ce dezinfecteaza si curata dispozitivele<br \/>\nmedicale neinvazive \u0219i neimersabile intr-o singura etapa<\/h5>\n<p><strong><span style=\"color: #339966;\">UTILIZARE:<\/span><br \/>\n<\/strong><span style=\"color: #ff0000;\">\u25aa<\/span> Solu\u021bie gata de utilizare ce asigura cur\u0103\u021barea \u0219i dezinfec\u021bia \u00eentr-o singur\u0103 etap\u0103, l\u0103s\u00e2nd suprafa\u021ba vizibil curat\u0103<br \/>\n<span style=\"color: #ff0000;\">\u25aa<\/span> Adecvat pentru utilizare pe o gam\u0103 larg\u0103 de suprafe\u021be din unit\u0103\u021bile sanitare \u0219i un produs ideal pentru terapie intensiv\u0103 \u0219i alte zone cu risc ridicat<br \/>\n<span style=\"color: #ff0000;\">\u25aa<\/span> Spum\u0103 dens\u0103 pentru o aderen\u021b\u0103 mai bun\u0103 pe suprafa\u021b\u0103<br \/>\n<span style=\"color: #ff0000;\">\u25aa<\/span> Cl\u0103tirea nu este necesar\u0103, cu excep\u021bia cazului \u00een care zonele de tratat sunt destinate s\u0103 intre \u00een contact cu pielea sau mucoasele<strong><br \/>\n<\/strong><\/p>\n<p><strong><span style=\"color: #339966;\">INGREDIENTE:<\/span><br \/>\n<\/strong><span style=\"color: #ff0000;\">\u25aa<\/span> Formula avansat\u0103 produsului ofer\u0103 beneficiile unei solu\u021bii patentate pe baz\u0103 de peroxid de hidrogen \u00eempreun\u0103 cu efectul sinergic al fenoxietanolului<br \/>\n<span style=\"color: #ff0000;\">\u25aa<\/span> Ingrediente biodegradabile<br \/>\n<span style=\"color: #ff0000;\">\u25aa<\/span> F\u0103r\u0103 parfum \u0219i colorant<\/p>\n<p><strong><span style=\"color: #339966;\">EFICACITATE:<\/span><br \/>\n<\/strong><span style=\"color: #ff0000;\">\u25aa<\/span> Spectru larg de eficacitate \u0219i timp de contact redus combinat cu propriet\u0103\u021bile unui agent de cur\u0103\u021bare delicat<br \/>\n<span style=\"color: #ff0000;\">\u25aa<\/span> Prezinta efect bactericid, levuricid, fungicid, micobactericid, virucid complet (inclusiv Rotavirus)<\/p>\n<p><strong><span style=\"color: #339966;\">COMPATIBILITATE CU MATERIALELE:<\/span><br \/>\n<\/strong><span style=\"color: #ff0000;\">\u25aa<\/span> Compatibilitate extins\u0103 cu materialele, inclusiv suprafe\u021be sensibile la alcool precum ABS, plexiglas PMMA<strong><br \/>\n<\/strong><\/p>\n<p><strong><span style=\"color: #339966;\">FORMA DE AMBALARE:<\/span><br \/>\n<\/strong><span style=\"color: #ff0000;\">\u25aa<\/span> Flacon plastic de 750mL (pulverizator inclus)<\/p>","protected":false},"excerpt":{"rendered":"<h5>Solutie pe baza de peroxid de hidrogen, cu efect sinergic, ce dezinfecteaza si curata dispozitivele<br \/>\nmedicale neinvazive \u0219i neimersabile intr-o singura etapa<\/h5>","protected":false},"featured_media":3328,"comment_status":"open","ping_status":"closed","template":"","meta":{"inline_featured_image":false},"product_cat":[68],"product_tag":[83],"class_list":{"0":"post-3327","1":"product","2":"type-product","3":"status-publish","4":"has-post-thumbnail","6":"product_cat-dezinfectanti-suprafete","7":"product_tag-ecolab","9":"first","10":"instock","11":"shipping-taxable","12":"product-type-simple"},"yoast_head":"<!-- This site is optimized with the Yoast SEO Premium plugin v23.7 (Yoast SEO v23.7) - https:\/\/yoast.com\/wordpress\/plugins\/seo\/ -->\n<title>Incidin OxyFoam NG | Medixfarm<\/title>\n<meta name=\"description\" content=\"Solutie pe baza de peroxid de hidrogen, cu efect sinergic, ce dezinfecteaza si curata dispozitivelemedicale neinvazive \u0219i neimersabile intr-o singura etapa\u00a0\" \/>\n<meta name=\"robots\" content=\"index, follow, max-snippet:-1, max-image-preview:large, max-video-preview:-1\" \/>\n<link rel=\"canonical\" href=\"https:\/\/www.medixfarm.ro\/en\/product\/incidin-oxyfoam-ng\/\" \/>\n<meta property=\"og:locale\" content=\"en_US\" \/>\n<meta property=\"og:type\" content=\"article\" \/>\n<meta property=\"og:title\" content=\"Incidin OxyFoam NG\" \/>\n<meta property=\"og:description\" content=\"Solutie pe baza de peroxid de hidrogen, cu efect sinergic, ce dezinfecteaza si curata dispozitivelemedicale neinvazive \u0219i neimersabile intr-o singura etapa\u00a0\" \/>\n<meta property=\"og:url\" content=\"https:\/\/www.medixfarm.ro\/en\/product\/incidin-oxyfoam-ng\/\" \/>\n<meta property=\"og:site_name\" content=\"Medixfarm\" \/>\n<meta property=\"article:modified_time\" content=\"2024-10-22T16:30:17+00:00\" \/>\n<meta property=\"og:image\" content=\"https:\/\/www.medixfarm.ro\/wp-content\/uploads\/2024\/10\/IOFNG.jpg\" \/>\n\t<meta property=\"og:image:width\" content=\"1347\" \/>\n\t<meta property=\"og:image:height\" content=\"1362\" \/>\n\t<meta property=\"og:image:type\" content=\"image\/jpeg\" \/>\n<meta name=\"twitter:card\" content=\"summary_large_image\" \/>\n<meta name=\"twitter:label1\" content=\"Est. reading time\" \/>\n\t<meta name=\"twitter:data1\" content=\"2 minutes\" \/>\n<script type=\"application\/ld+json\" class=\"yoast-schema-graph\">{\"@context\":\"https:\/\/schema.org\",\"@graph\":[{\"@type\":\"WebPage\",\"@id\":\"https:\/\/www.medixfarm.ro\/product\/incidin-oxyfoam-ng\/\",\"url\":\"https:\/\/www.medixfarm.ro\/product\/incidin-oxyfoam-ng\/\",\"name\":\"Incidin OxyFoam NG | Medixfarm\",\"isPartOf\":{\"@id\":\"https:\/\/www.medixfarm.ro\/#website\"},\"primaryImageOfPage\":{\"@id\":\"https:\/\/www.medixfarm.ro\/product\/incidin-oxyfoam-ng\/#primaryimage\"},\"image\":{\"@id\":\"https:\/\/www.medixfarm.ro\/product\/incidin-oxyfoam-ng\/#primaryimage\"},\"thumbnailUrl\":\"https:\/\/www.medixfarm.ro\/wp-content\/uploads\/2024\/10\/IOFNG.jpg\",\"datePublished\":\"2024-10-17T06:02:58+00:00\",\"dateModified\":\"2024-10-22T16:30:17+00:00\",\"description\":\"Solutie pe baza de peroxid de hidrogen, cu efect sinergic, ce dezinfecteaza si curata dispozitivelemedicale neinvazive \u0219i neimersabile intr-o singura etapa\u00a0\",\"breadcrumb\":{\"@id\":\"https:\/\/www.medixfarm.ro\/product\/incidin-oxyfoam-ng\/#breadcrumb\"},\"inLanguage\":\"en-US\",\"potentialAction\":[{\"@type\":\"ReadAction\",\"target\":[\"https:\/\/www.medixfarm.ro\/product\/incidin-oxyfoam-ng\/\"]}]},{\"@type\":\"ImageObject\",\"inLanguage\":\"en-US\",\"@id\":\"https:\/\/www.medixfarm.ro\/product\/incidin-oxyfoam-ng\/#primaryimage\",\"url\":\"https:\/\/www.medixfarm.ro\/wp-content\/uploads\/2024\/10\/IOFNG.jpg\",\"contentUrl\":\"https:\/\/www.medixfarm.ro\/wp-content\/uploads\/2024\/10\/IOFNG.jpg\",\"width\":1347,\"height\":1362,\"caption\":\"Incidin OxyFoam NG\"},{\"@type\":\"BreadcrumbList\",\"@id\":\"https:\/\/www.medixfarm.ro\/product\/incidin-oxyfoam-ng\/#breadcrumb\",\"itemListElement\":[{\"@type\":\"ListItem\",\"position\":1,\"name\":\"Home\",\"item\":\"https:\/\/www.medixfarm.ro\/\"},{\"@type\":\"ListItem\",\"position\":2,\"name\":\"Produse\",\"item\":\"https:\/\/www.medixfarm.ro\/shop\/\"},{\"@type\":\"ListItem\",\"position\":3,\"name\":\"Incidin OxyFoam NG\"}]},{\"@type\":\"WebSite\",\"@id\":\"https:\/\/www.medixfarm.ro\/#website\",\"url\":\"https:\/\/www.medixfarm.ro\/\",\"name\":\"Medixfarm\",\"description\":\"Medixfarm\",\"publisher\":{\"@id\":\"https:\/\/www.medixfarm.ro\/#organization\"},\"potentialAction\":[{\"@type\":\"SearchAction\",\"target\":{\"@type\":\"EntryPoint\",\"urlTemplate\":\"https:\/\/www.medixfarm.ro\/?s={search_term_string}\"},\"query-input\":{\"@type\":\"PropertyValueSpecification\",\"valueRequired\":true,\"valueName\":\"search_term_string\"}}],\"inLanguage\":\"en-US\"},{\"@type\":\"Organization\",\"@id\":\"https:\/\/www.medixfarm.ro\/#organization\",\"name\":\"Medixfarm Tehnoplus SRL\",\"url\":\"https:\/\/www.medixfarm.ro\/\",\"logo\":{\"@type\":\"ImageObject\",\"inLanguage\":\"en-US\",\"@id\":\"https:\/\/www.medixfarm.ro\/#\/schema\/logo\/image\/\",\"url\":\"https:\/\/www.medixfarm.ro\/wp-content\/uploads\/2023\/11\/Medxfarm-Tehnoplus-FINAL-curbe-c9.png\",\"contentUrl\":\"https:\/\/www.medixfarm.ro\/wp-content\/uploads\/2023\/11\/Medxfarm-Tehnoplus-FINAL-curbe-c9.png\",\"width\":3508,\"height\":1182,\"caption\":\"Medixfarm Tehnoplus SRL\"},\"image\":{\"@id\":\"https:\/\/www.medixfarm.ro\/#\/schema\/logo\/image\/\"}}]}<\/script>\n<!-- \/ Yoast SEO Premium plugin. -->","yoast_head_json":{"title":"Incidin OxyFoam NG | Medixfarm","description":"Solutie pe baza de peroxid de hidrogen, cu efect sinergic, ce dezinfecteaza si curata dispozitivelemedicale neinvazive \u0219i neimersabile intr-o singura etapa\u00a0","robots":{"index":"index","follow":"follow","max-snippet":"max-snippet:-1","max-image-preview":"max-image-preview:large","max-video-preview":"max-video-preview:-1"},"canonical":"https:\/\/www.medixfarm.ro\/en\/product\/incidin-oxyfoam-ng\/","og_locale":"en_US","og_type":"article","og_title":"Incidin OxyFoam NG","og_description":"Solutie pe baza de peroxid de hidrogen, cu efect sinergic, ce dezinfecteaza si curata dispozitivelemedicale neinvazive \u0219i neimersabile intr-o singura etapa\u00a0","og_url":"https:\/\/www.medixfarm.ro\/en\/product\/incidin-oxyfoam-ng\/","og_site_name":"Medixfarm","article_modified_time":"2024-10-22T16:30:17+00:00","og_image":[{"width":1347,"height":1362,"url":"https:\/\/www.medixfarm.ro\/wp-content\/uploads\/2024\/10\/IOFNG.jpg","type":"image\/jpeg"}],"twitter_card":"summary_large_image","twitter_misc":{"Est. reading time":"2 minutes"},"schema":{"@context":"https:\/\/schema.org","@graph":[{"@type":"WebPage","@id":"https:\/\/www.medixfarm.ro\/product\/incidin-oxyfoam-ng\/","url":"https:\/\/www.medixfarm.ro\/product\/incidin-oxyfoam-ng\/","name":"Incidin OxyFoam NG | Medixfarm","isPartOf":{"@id":"https:\/\/www.medixfarm.ro\/#website"},"primaryImageOfPage":{"@id":"https:\/\/www.medixfarm.ro\/product\/incidin-oxyfoam-ng\/#primaryimage"},"image":{"@id":"https:\/\/www.medixfarm.ro\/product\/incidin-oxyfoam-ng\/#primaryimage"},"thumbnailUrl":"https:\/\/www.medixfarm.ro\/wp-content\/uploads\/2024\/10\/IOFNG.jpg","datePublished":"2024-10-17T06:02:58+00:00","dateModified":"2024-10-22T16:30:17+00:00","description":"Solutie pe baza de peroxid de hidrogen, cu efect sinergic, ce dezinfecteaza si curata dispozitivelemedicale neinvazive \u0219i neimersabile intr-o singura etapa\u00a0","breadcrumb":{"@id":"https:\/\/www.medixfarm.ro\/product\/incidin-oxyfoam-ng\/#breadcrumb"},"inLanguage":"en-US","potentialAction":[{"@type":"ReadAction","target":["https:\/\/www.medixfarm.ro\/product\/incidin-oxyfoam-ng\/"]}]},{"@type":"ImageObject","inLanguage":"en-US","@id":"https:\/\/www.medixfarm.ro\/product\/incidin-oxyfoam-ng\/#primaryimage","url":"https:\/\/www.medixfarm.ro\/wp-content\/uploads\/2024\/10\/IOFNG.jpg","contentUrl":"https:\/\/www.medixfarm.ro\/wp-content\/uploads\/2024\/10\/IOFNG.jpg","width":1347,"height":1362,"caption":"Incidin OxyFoam NG"},{"@type":"BreadcrumbList","@id":"https:\/\/www.medixfarm.ro\/product\/incidin-oxyfoam-ng\/#breadcrumb","itemListElement":[{"@type":"ListItem","position":1,"name":"Home","item":"https:\/\/www.medixfarm.ro\/"},{"@type":"ListItem","position":2,"name":"Produse","item":"https:\/\/www.medixfarm.ro\/shop\/"},{"@type":"ListItem","position":3,"name":"Incidin OxyFoam NG"}]},{"@type":"WebSite","@id":"https:\/\/www.medixfarm.ro\/#website","url":"https:\/\/www.medixfarm.ro\/","name":"Medixfarm","description":"Medixfarm","publisher":{"@id":"https:\/\/www.medixfarm.ro\/#organization"},"potentialAction":[{"@type":"SearchAction","target":{"@type":"EntryPoint","urlTemplate":"https:\/\/www.medixfarm.ro\/?s={search_term_string}"},"query-input":{"@type":"PropertyValueSpecification","valueRequired":true,"valueName":"search_term_string"}}],"inLanguage":"en-US"},{"@type":"Organization","@id":"https:\/\/www.medixfarm.ro\/#organization","name":"Medixfarm Tehnoplus SRL","url":"https:\/\/www.medixfarm.ro\/","logo":{"@type":"ImageObject","inLanguage":"en-US","@id":"https:\/\/www.medixfarm.ro\/#\/schema\/logo\/image\/","url":"https:\/\/www.medixfarm.ro\/wp-content\/uploads\/2023\/11\/Medxfarm-Tehnoplus-FINAL-curbe-c9.png","contentUrl":"https:\/\/www.medixfarm.ro\/wp-content\/uploads\/2023\/11\/Medxfarm-Tehnoplus-FINAL-curbe-c9.png","width":3508,"height":1182,"caption":"Medixfarm Tehnoplus SRL"},"image":{"@id":"https:\/\/www.medixfarm.ro\/#\/schema\/logo\/image\/"}}]}},"_links":{"self":[{"href":"https:\/\/www.medixfarm.ro\/en\/wp-json\/wp\/v2\/product\/3327"}],"collection":[{"href":"https:\/\/www.medixfarm.ro\/en\/wp-json\/wp\/v2\/product"}],"about":[{"href":"https:\/\/www.medixfarm.ro\/en\/wp-json\/wp\/v2\/types\/product"}],"replies":[{"embeddable":true,"href":"https:\/\/www.medixfarm.ro\/en\/wp-json\/wp\/v2\/comments?post=3327"}],"wp:featuredmedia":[{"embeddable":true,"href":"https:\/\/www.medixfarm.ro\/en\/wp-json\/wp\/v2\/media\/3328"}],"wp:attachment":[{"href":"https:\/\/www.medixfarm.ro\/en\/wp-json\/wp\/v2\/media?parent=3327"}],"wp:term":[{"taxonomy":"product_cat","embeddable":true,"href":"https:\/\/www.medixfarm.ro\/en\/wp-json\/wp\/v2\/product_cat?post=3327"},{"taxonomy":"product_tag","embeddable":true,"href":"https:\/\/www.medixfarm.ro\/en\/wp-json\/wp\/v2\/product_tag?post=3327"}],"curies":[{"name":"wp","href":"https:\/\/api.w.org\/{rel}","templated":true}]}}