{"id":3331,"date":"2024-10-17T06:04:41","date_gmt":"2024-10-17T06:04:41","guid":{"rendered":"https:\/\/www.medixfarm.ro\/?post_type=product&#038;p=3331"},"modified":"2024-10-22T16:31:28","modified_gmt":"2024-10-22T16:31:28","slug":"incidin-oxywipe-ng","status":"publish","type":"product","link":"https:\/\/www.medixfarm.ro\/en\/product\/incidin-oxywipe-ng\/","title":{"rendered":"Incidin OxyWipe NG"},"content":{"rendered":"<h3>Incidin OxyWipe NG<\/h3>\n<h5>\u0218erve\u021bele gata de utilizare, impregnate cu peroxid de hidrogen, pentru cur\u0103\u021barea \u0219i dezinfec\u021bia suprafe\u021belor \u0219i dispozitivelor medicale neinvazive \u0219i neimersabile<\/h5>\n<p><strong><span style=\"color: #339966;\">UTILIZARE:<\/span><br \/>\n<\/strong><span style=\"color: #ff0000;\">\u25aa<\/span> Produs gata de utilizare ce asigura cur\u0103\u021barea \u0219i dezinfec\u021bia \u00eentr-o singur\u0103 etap\u0103, l\u0103s\u00e2nd suprafa\u021ba vizibil curat\u0103<br \/>\n<span style=\"color: #ff0000;\">\u25aa<\/span> Adecvat pentru utilizare pe o gam\u0103 larg\u0103 de suprafe\u021be din unit\u0103\u021bile sanitare \u0219i un produs ideal pentru terapie intensiv\u0103 \u0219i alte zone cu risc ridicat<br \/>\n<span style=\"color: #ff0000;\">\u25aa<\/span> Cl\u0103tirea nu este necesar\u0103, cu excep\u021bia cazului \u00een care zonele de tratat sunt destinate s\u0103 intre \u00een contact cu pielea sau mucoasele<strong><br \/>\n<\/strong><\/p>\n<p><strong><span style=\"color: #339966;\">INGREDIENTE:<\/span><br \/>\n<\/strong><span style=\"color: #ff0000;\">\u25aa<\/span> Formula avansat\u0103 produsului ofer\u0103 beneficiile unei solu\u021bii patentate pe baz\u0103 de peroxid de hidrogen \u00eempreun\u0103 cu efectul sinergic al fenoxietanolului<br \/>\n<span style=\"color: #ff0000;\">\u25aa<\/span> Ingrediente biodegradabile<br \/>\n<span style=\"color: #ff0000;\">\u25aa<\/span> F\u0103r\u0103 parfum \u0219i colorant<br \/>\n<span style=\"color: #ff0000;\">\u25aa<\/span> \u0218erve\u021bele de \u00eenalt\u0103 calitate din polipropilen\u0103 cu textur\u0103 neregulat\u0103 pentru o aplicare eficient\u0103<\/p>\n<p><strong><span style=\"color: #339966;\">EFICACITATE:<\/span><br \/>\n<\/strong><span style=\"color: #ff0000;\">\u25aa<\/span> Spectru larg de eficacitate \u0219i timp de contact redus combinat cu propriet\u0103\u021bile unui agent de cur\u0103\u021bare delicat<br \/>\n<span style=\"color: #ff0000;\">\u25aa<\/span> Prezinta efect bactericid, levuricid, fungicid, micobactericid, virucid complet (inclusiv Rotavirus)<\/p>\n<p><strong><span style=\"color: #339966;\">COMPATIBILITATE CU MATERIALELE:<\/span><br \/>\n<\/strong><span style=\"color: #ff0000;\">\u25aa<\/span> Compatibilitate extins\u0103 cu materialele, inclusiv suprafe\u021be sensibile la alcool precum ABS, plexiglas PMMA<strong><br \/>\n<\/strong><\/p>\n<p><strong><span style=\"color: #339966;\">FORMA DE AMBALARE:<\/span><br \/>\n<\/strong><span style=\"color: #ff0000;\">\u25aa<\/span> Pachet cu 100 servetele<\/p>","protected":false},"excerpt":{"rendered":"<h5>\u0218erve\u021bele gata de utilizare, impregnate cu peroxid de hidrogen, pentru cur\u0103\u021barea \u0219i dezinfec\u021bia suprafe\u021belor \u0219i dispozitivelor medicale neinvazive \u0219i neimersabile<\/h5>","protected":false},"featured_media":3332,"comment_status":"open","ping_status":"closed","template":"","meta":{"inline_featured_image":false},"product_cat":[68],"product_tag":[83],"class_list":{"0":"post-3331","1":"product","2":"type-product","3":"status-publish","4":"has-post-thumbnail","6":"product_cat-dezinfectanti-suprafete","7":"product_tag-ecolab","9":"first","10":"instock","11":"shipping-taxable","12":"product-type-simple"},"yoast_head":"<!-- This site is optimized with the Yoast SEO Premium plugin v23.7 (Yoast SEO v23.7) - https:\/\/yoast.com\/wordpress\/plugins\/seo\/ -->\n<title>Incidin OxyWipe NG | Medixfarm<\/title>\n<meta name=\"description\" content=\"\u0218erve\u021bele gata de utilizare, pentru cur\u0103\u021barea \u0219i dezinfec\u021bia suprafe\u021belor \u0219i dispozitivelor medicale neinvazive \u0219i neimersabile\" \/>\n<meta name=\"robots\" content=\"index, follow, max-snippet:-1, max-image-preview:large, max-video-preview:-1\" \/>\n<link rel=\"canonical\" href=\"https:\/\/www.medixfarm.ro\/en\/product\/incidin-oxywipe-ng\/\" \/>\n<meta property=\"og:locale\" content=\"en_US\" \/>\n<meta property=\"og:type\" content=\"article\" \/>\n<meta property=\"og:title\" content=\"Incidin OxyWipe NG\" \/>\n<meta property=\"og:description\" content=\"\u0218erve\u021bele gata de utilizare, pentru cur\u0103\u021barea \u0219i dezinfec\u021bia suprafe\u021belor \u0219i dispozitivelor medicale neinvazive \u0219i neimersabile\" \/>\n<meta property=\"og:url\" content=\"https:\/\/www.medixfarm.ro\/en\/product\/incidin-oxywipe-ng\/\" \/>\n<meta property=\"og:site_name\" content=\"Medixfarm\" \/>\n<meta property=\"article:modified_time\" content=\"2024-10-22T16:31:28+00:00\" \/>\n<meta property=\"og:image\" content=\"https:\/\/www.medixfarm.ro\/wp-content\/uploads\/2024\/10\/IOWNG.jpg\" \/>\n\t<meta property=\"og:image:width\" content=\"636\" \/>\n\t<meta property=\"og:image:height\" content=\"630\" \/>\n\t<meta property=\"og:image:type\" content=\"image\/jpeg\" \/>\n<meta name=\"twitter:card\" content=\"summary_large_image\" \/>\n<meta name=\"twitter:label1\" content=\"Est. reading time\" \/>\n\t<meta name=\"twitter:data1\" content=\"2 minutes\" \/>\n<script type=\"application\/ld+json\" class=\"yoast-schema-graph\">{\"@context\":\"https:\/\/schema.org\",\"@graph\":[{\"@type\":\"WebPage\",\"@id\":\"https:\/\/www.medixfarm.ro\/product\/incidin-oxywipe-ng\/\",\"url\":\"https:\/\/www.medixfarm.ro\/product\/incidin-oxywipe-ng\/\",\"name\":\"Incidin OxyWipe NG | Medixfarm\",\"isPartOf\":{\"@id\":\"https:\/\/www.medixfarm.ro\/#website\"},\"primaryImageOfPage\":{\"@id\":\"https:\/\/www.medixfarm.ro\/product\/incidin-oxywipe-ng\/#primaryimage\"},\"image\":{\"@id\":\"https:\/\/www.medixfarm.ro\/product\/incidin-oxywipe-ng\/#primaryimage\"},\"thumbnailUrl\":\"https:\/\/www.medixfarm.ro\/wp-content\/uploads\/2024\/10\/IOWNG.jpg\",\"datePublished\":\"2024-10-17T06:04:41+00:00\",\"dateModified\":\"2024-10-22T16:31:28+00:00\",\"description\":\"\u0218erve\u021bele gata de utilizare, pentru cur\u0103\u021barea \u0219i dezinfec\u021bia suprafe\u021belor \u0219i dispozitivelor medicale neinvazive \u0219i neimersabile\",\"breadcrumb\":{\"@id\":\"https:\/\/www.medixfarm.ro\/product\/incidin-oxywipe-ng\/#breadcrumb\"},\"inLanguage\":\"en-US\",\"potentialAction\":[{\"@type\":\"ReadAction\",\"target\":[\"https:\/\/www.medixfarm.ro\/product\/incidin-oxywipe-ng\/\"]}]},{\"@type\":\"ImageObject\",\"inLanguage\":\"en-US\",\"@id\":\"https:\/\/www.medixfarm.ro\/product\/incidin-oxywipe-ng\/#primaryimage\",\"url\":\"https:\/\/www.medixfarm.ro\/wp-content\/uploads\/2024\/10\/IOWNG.jpg\",\"contentUrl\":\"https:\/\/www.medixfarm.ro\/wp-content\/uploads\/2024\/10\/IOWNG.jpg\",\"width\":636,\"height\":630,\"caption\":\"Incidin OxyWipe NG\"},{\"@type\":\"BreadcrumbList\",\"@id\":\"https:\/\/www.medixfarm.ro\/product\/incidin-oxywipe-ng\/#breadcrumb\",\"itemListElement\":[{\"@type\":\"ListItem\",\"position\":1,\"name\":\"Home\",\"item\":\"https:\/\/www.medixfarm.ro\/\"},{\"@type\":\"ListItem\",\"position\":2,\"name\":\"Produse\",\"item\":\"https:\/\/www.medixfarm.ro\/shop\/\"},{\"@type\":\"ListItem\",\"position\":3,\"name\":\"Incidin OxyWipe NG\"}]},{\"@type\":\"WebSite\",\"@id\":\"https:\/\/www.medixfarm.ro\/#website\",\"url\":\"https:\/\/www.medixfarm.ro\/\",\"name\":\"Medixfarm\",\"description\":\"Medixfarm\",\"publisher\":{\"@id\":\"https:\/\/www.medixfarm.ro\/#organization\"},\"potentialAction\":[{\"@type\":\"SearchAction\",\"target\":{\"@type\":\"EntryPoint\",\"urlTemplate\":\"https:\/\/www.medixfarm.ro\/?s={search_term_string}\"},\"query-input\":{\"@type\":\"PropertyValueSpecification\",\"valueRequired\":true,\"valueName\":\"search_term_string\"}}],\"inLanguage\":\"en-US\"},{\"@type\":\"Organization\",\"@id\":\"https:\/\/www.medixfarm.ro\/#organization\",\"name\":\"Medixfarm Tehnoplus SRL\",\"url\":\"https:\/\/www.medixfarm.ro\/\",\"logo\":{\"@type\":\"ImageObject\",\"inLanguage\":\"en-US\",\"@id\":\"https:\/\/www.medixfarm.ro\/#\/schema\/logo\/image\/\",\"url\":\"https:\/\/www.medixfarm.ro\/wp-content\/uploads\/2023\/11\/Medxfarm-Tehnoplus-FINAL-curbe-c9.png\",\"contentUrl\":\"https:\/\/www.medixfarm.ro\/wp-content\/uploads\/2023\/11\/Medxfarm-Tehnoplus-FINAL-curbe-c9.png\",\"width\":3508,\"height\":1182,\"caption\":\"Medixfarm Tehnoplus SRL\"},\"image\":{\"@id\":\"https:\/\/www.medixfarm.ro\/#\/schema\/logo\/image\/\"}}]}<\/script>\n<!-- \/ Yoast SEO Premium plugin. -->","yoast_head_json":{"title":"Incidin OxyWipe NG | Medixfarm","description":"\u0218erve\u021bele gata de utilizare, pentru cur\u0103\u021barea \u0219i dezinfec\u021bia suprafe\u021belor \u0219i dispozitivelor medicale neinvazive \u0219i neimersabile","robots":{"index":"index","follow":"follow","max-snippet":"max-snippet:-1","max-image-preview":"max-image-preview:large","max-video-preview":"max-video-preview:-1"},"canonical":"https:\/\/www.medixfarm.ro\/en\/product\/incidin-oxywipe-ng\/","og_locale":"en_US","og_type":"article","og_title":"Incidin OxyWipe NG","og_description":"\u0218erve\u021bele gata de utilizare, pentru cur\u0103\u021barea \u0219i dezinfec\u021bia suprafe\u021belor \u0219i dispozitivelor medicale neinvazive \u0219i neimersabile","og_url":"https:\/\/www.medixfarm.ro\/en\/product\/incidin-oxywipe-ng\/","og_site_name":"Medixfarm","article_modified_time":"2024-10-22T16:31:28+00:00","og_image":[{"width":636,"height":630,"url":"https:\/\/www.medixfarm.ro\/wp-content\/uploads\/2024\/10\/IOWNG.jpg","type":"image\/jpeg"}],"twitter_card":"summary_large_image","twitter_misc":{"Est. reading time":"2 minutes"},"schema":{"@context":"https:\/\/schema.org","@graph":[{"@type":"WebPage","@id":"https:\/\/www.medixfarm.ro\/product\/incidin-oxywipe-ng\/","url":"https:\/\/www.medixfarm.ro\/product\/incidin-oxywipe-ng\/","name":"Incidin OxyWipe NG | Medixfarm","isPartOf":{"@id":"https:\/\/www.medixfarm.ro\/#website"},"primaryImageOfPage":{"@id":"https:\/\/www.medixfarm.ro\/product\/incidin-oxywipe-ng\/#primaryimage"},"image":{"@id":"https:\/\/www.medixfarm.ro\/product\/incidin-oxywipe-ng\/#primaryimage"},"thumbnailUrl":"https:\/\/www.medixfarm.ro\/wp-content\/uploads\/2024\/10\/IOWNG.jpg","datePublished":"2024-10-17T06:04:41+00:00","dateModified":"2024-10-22T16:31:28+00:00","description":"\u0218erve\u021bele gata de utilizare, pentru cur\u0103\u021barea \u0219i dezinfec\u021bia suprafe\u021belor \u0219i dispozitivelor medicale neinvazive \u0219i neimersabile","breadcrumb":{"@id":"https:\/\/www.medixfarm.ro\/product\/incidin-oxywipe-ng\/#breadcrumb"},"inLanguage":"en-US","potentialAction":[{"@type":"ReadAction","target":["https:\/\/www.medixfarm.ro\/product\/incidin-oxywipe-ng\/"]}]},{"@type":"ImageObject","inLanguage":"en-US","@id":"https:\/\/www.medixfarm.ro\/product\/incidin-oxywipe-ng\/#primaryimage","url":"https:\/\/www.medixfarm.ro\/wp-content\/uploads\/2024\/10\/IOWNG.jpg","contentUrl":"https:\/\/www.medixfarm.ro\/wp-content\/uploads\/2024\/10\/IOWNG.jpg","width":636,"height":630,"caption":"Incidin OxyWipe NG"},{"@type":"BreadcrumbList","@id":"https:\/\/www.medixfarm.ro\/product\/incidin-oxywipe-ng\/#breadcrumb","itemListElement":[{"@type":"ListItem","position":1,"name":"Home","item":"https:\/\/www.medixfarm.ro\/"},{"@type":"ListItem","position":2,"name":"Produse","item":"https:\/\/www.medixfarm.ro\/shop\/"},{"@type":"ListItem","position":3,"name":"Incidin OxyWipe NG"}]},{"@type":"WebSite","@id":"https:\/\/www.medixfarm.ro\/#website","url":"https:\/\/www.medixfarm.ro\/","name":"Medixfarm","description":"Medixfarm","publisher":{"@id":"https:\/\/www.medixfarm.ro\/#organization"},"potentialAction":[{"@type":"SearchAction","target":{"@type":"EntryPoint","urlTemplate":"https:\/\/www.medixfarm.ro\/?s={search_term_string}"},"query-input":{"@type":"PropertyValueSpecification","valueRequired":true,"valueName":"search_term_string"}}],"inLanguage":"en-US"},{"@type":"Organization","@id":"https:\/\/www.medixfarm.ro\/#organization","name":"Medixfarm Tehnoplus SRL","url":"https:\/\/www.medixfarm.ro\/","logo":{"@type":"ImageObject","inLanguage":"en-US","@id":"https:\/\/www.medixfarm.ro\/#\/schema\/logo\/image\/","url":"https:\/\/www.medixfarm.ro\/wp-content\/uploads\/2023\/11\/Medxfarm-Tehnoplus-FINAL-curbe-c9.png","contentUrl":"https:\/\/www.medixfarm.ro\/wp-content\/uploads\/2023\/11\/Medxfarm-Tehnoplus-FINAL-curbe-c9.png","width":3508,"height":1182,"caption":"Medixfarm Tehnoplus SRL"},"image":{"@id":"https:\/\/www.medixfarm.ro\/#\/schema\/logo\/image\/"}}]}},"_links":{"self":[{"href":"https:\/\/www.medixfarm.ro\/en\/wp-json\/wp\/v2\/product\/3331"}],"collection":[{"href":"https:\/\/www.medixfarm.ro\/en\/wp-json\/wp\/v2\/product"}],"about":[{"href":"https:\/\/www.medixfarm.ro\/en\/wp-json\/wp\/v2\/types\/product"}],"replies":[{"embeddable":true,"href":"https:\/\/www.medixfarm.ro\/en\/wp-json\/wp\/v2\/comments?post=3331"}],"wp:featuredmedia":[{"embeddable":true,"href":"https:\/\/www.medixfarm.ro\/en\/wp-json\/wp\/v2\/media\/3332"}],"wp:attachment":[{"href":"https:\/\/www.medixfarm.ro\/en\/wp-json\/wp\/v2\/media?parent=3331"}],"wp:term":[{"taxonomy":"product_cat","embeddable":true,"href":"https:\/\/www.medixfarm.ro\/en\/wp-json\/wp\/v2\/product_cat?post=3331"},{"taxonomy":"product_tag","embeddable":true,"href":"https:\/\/www.medixfarm.ro\/en\/wp-json\/wp\/v2\/product_tag?post=3331"}],"curies":[{"name":"wp","href":"https:\/\/api.w.org\/{rel}","templated":true}]}}